{"id":172,"date":"2025-06-12T14:25:08","date_gmt":"2025-06-12T11:25:08","guid":{"rendered":"https:\/\/samiraparfumeri.com\/?page_id=172"},"modified":"2025-06-12T14:37:58","modified_gmt":"2025-06-12T11:37:58","slug":"mesafeli-satis-sozlesmesi","status":"publish","type":"page","link":"https:\/\/samiraparfumeri.com\/?page_id=172","title":{"rendered":"Mesafeli Sat\u0131\u015f S\u00f6zle\u015fmesi"},"content":{"rendered":"\t\t<div data-elementor-type=\"wp-page\" data-elementor-id=\"172\" class=\"elementor elementor-172\">\n\t\t\t\t<div class=\"elementor-element elementor-element-b59265f e-flex e-con-boxed e-con e-parent\" data-id=\"b59265f\" data-element_type=\"container\">\n\t\t\t\t\t<div class=\"e-con-inner\">\n\t\t<div class=\"elementor-element elementor-element-9cf3cff e-con-full e-flex e-con e-child\" data-id=\"9cf3cff\" data-element_type=\"container\">\n\t\t\t\t<div class=\"elementor-element elementor-element-a04874d elementor-widget elementor-widget-heading\" data-id=\"a04874d\" data-element_type=\"widget\" data-widget_type=\"heading.default\">\n\t\t\t\t<div class=\"elementor-widget-container\">\n\t\t\t\t\t<h2 class=\"elementor-heading-title elementor-size-default\">Mesafeli Sat\u0131\u015f S\u00f6zle\u015fmesi<\/h2>\t\t\t\t<\/div>\n\t\t\t\t<\/div>\n\t\t\t\t<\/div>\n\t\t\t\t\t<\/div>\n\t\t\t\t<\/div>\n\t\t<div class=\"elementor-element elementor-element-d0d2d6f e-flex e-con-boxed e-con e-parent\" data-id=\"d0d2d6f\" data-element_type=\"container\">\n\t\t\t\t\t<div class=\"e-con-inner\">\n\t\t\t\t<div class=\"elementor-element elementor-element-93867f3 elementor-widget elementor-widget-html\" data-id=\"93867f3\" data-element_type=\"widget\" data-widget_type=\"html.default\">\n\t\t\t\t<div class=\"elementor-widget-container\">\n\t\t\t\t\t<!DOCTYPE html>\r\n<html lang=\"tr\">\r\n<head>\r\n  <meta charset=\"UTF-8\">\r\n  <meta name=\"viewport\" content=\"width=device-width, initial-scale=1\">\r\n  <title>Mesafeli Sat\u0131\u015f S\u00f6zle\u015fmesi<\/title>\r\n  <style>\r\n    body {\r\n      font-family: Arial, sans-serif;\r\n      line-height: 1.4;\r\n      margin: 40px;\r\n      background-color: #fff;\r\n      color: #000;\r\n    }\r\n    h1, h2 {\r\n      font-weight: bold;\r\n      color: #000;\r\n      margin-top: 20px;\r\n    }\r\n    p, li {\r\n      margin-bottom: 10px;\r\n      color: #000;\r\n    }\r\n    strong {\r\n      font-weight: bold;\r\n    }\r\n    ol {\r\n      padding-left: 20px;\r\n    }\r\n  <\/style>\r\n<\/head>\r\n<body>\r\n  <h1>MESAFEL\u0130 SATI\u015e S\u00d6ZLE\u015eMES\u0130<\/h1>\r\n\r\n  <h2>1. TARAFLAR<\/h2>\r\n  <p><strong>1.1. SATICI<\/strong><br>\r\n  Samira Parfumeri<br>\r\n  www.samiraparfumeri.com<\/p>\r\n\r\n  <p><strong>1.2. ALICI<\/strong><br>\r\n  Ad\u0131\/Soyad\u0131: [Sipari\u015fi veren ki\u015fi]<br>\r\n  Adres: [Sipari\u015fte belirtilen teslimat adresi]<br>\r\n  Telefon: [Sipari\u015fte belirtilen telefon]<br>\r\n  E-posta: [Sipari\u015fte belirtilen e-posta]<\/p>\r\n\r\n  <h2>2. S\u00d6ZLE\u015eMEN\u0130N KONUSU<\/h2>\r\n  <p>\u0130\u015fbu s\u00f6zle\u015fmenin konusu, ALICI\u2019n\u0131n, www.samiraparfumeri.com internet sitesi \u00fczerinden elektronik ortamda sipari\u015fini verdi\u011fi a\u015fa\u011f\u0131da nitelikleri ve sat\u0131\u015f fiyat\u0131 belirtilen \u00fcr\u00fcn\/\u00fcr\u00fcnlerin sat\u0131\u015f\u0131 ve teslimi ile ilgili olarak 6502 Say\u0131l\u0131 T\u00fcketicinin Korunmas\u0131 Hakk\u0131nda Kanun ve ilgili y\u00f6netmelik h\u00fck\u00fcmleri gere\u011fince taraflar\u0131n hak ve y\u00fck\u00fcml\u00fcl\u00fcklerini d\u00fczenlemektir.<\/p>\r\n\r\n  <h2>3. \u00dcR\u00dcN B\u0130LG\u0130LER\u0130<\/h2>\r\n  <p>\u00dcr\u00fcn\/\u00dcr\u00fcnler: [\u00dcr\u00fcn ad\u0131, marka, model, miktar]<br>\r\n  Toplam Sat\u0131\u015f Bedeli: [\u00dcr\u00fcn bedeli + KDV]<br>\r\n  Kargo \u00dccreti: [Varsa kargo \u00fccreti]<br>\r\n  Teslimat Adresi: [Sipari\u015f s\u0131ras\u0131nda belirtilen adres]<br>\r\n  Teslim Edilecek Ki\u015fi: [Sipari\u015f s\u0131ras\u0131nda belirtilen ki\u015fi]<br>\r\n  Fatura Adresi: [Fatura adresi]<\/p>\r\n\r\n  <h2>4. GENEL H\u00dcK\u00dcMLER<\/h2>\r\n  <ol>\r\n    <li>ALICI, www.samiraparfumeri.com internet sitesinde s\u00f6zle\u015fme konusu \u00fcr\u00fcn\u00fcn temel nitelikleri, sat\u0131\u015f fiyat\u0131, \u00f6deme \u015fekli, teslimat ko\u015fullar\u0131 ve iade s\u00fcre\u00e7lerine ili\u015fkin \u00f6n bilgileri okuyup bilgi sahibi oldu\u011funu ve elektronik ortamda gerekli teyidi verdi\u011fini kabul eder.<\/li>\r\n    <li>SATICI, s\u00f6zle\u015fme konusu \u00fcr\u00fcn\u00fc eksiksiz, sipari\u015fte belirtilen niteliklere uygun olarak ALICI\u2019ya teslim etmekle y\u00fck\u00fcml\u00fcd\u00fcr.<\/li>\r\n    <li>\u00dcr\u00fcn teslimat\u0131, stoklar\u0131n m\u00fcsait olmas\u0131 kayd\u0131yla ve yasal 30 (otuz) g\u00fcnl\u00fck s\u00fcreyi a\u015fmamak ko\u015fuluyla ALICI'n\u0131n belirtmi\u015f oldu\u011fu adrese yap\u0131l\u0131r.<\/li>\r\n    <li>\u00dcr\u00fcn\u00fcn teslimat\u0131 s\u0131ras\u0131nda ALICI\u2019n\u0131n adresinde bulunmamas\u0131 durumunda, SATICI edimini tam ve eksiksiz olarak yerine getirmi\u015f say\u0131l\u0131r.<\/li>\r\n    <li>ALICI, sipari\u015fe ili\u015fkin \u00f6deme i\u015flemini tamamlamad\u0131k\u00e7a \u00fcr\u00fcn\u00fcn teslimi zorunlu de\u011fildir.<\/li>\r\n  <\/ol>\r\n\r\n  <h2>5. CAYMA HAKKI<\/h2>\r\n  <ol>\r\n    <li>ALICI, \u00fcr\u00fcn tesliminden itibaren 14 (ond\u00f6rt) g\u00fcn i\u00e7inde herhangi bir gerek\u00e7e g\u00f6stermeksizin ve cezai \u015fart \u00f6demeksizin s\u00f6zle\u015fmeden cayma hakk\u0131na sahiptir.<\/li>\r\n    <li>Cayma hakk\u0131n\u0131n kullan\u0131lmas\u0131 i\u00e7in bu s\u00fcre i\u00e7inde SATICI\u2019ya yaz\u0131l\u0131 bildirimde bulunulmas\u0131 ve \u00fcr\u00fcn\u00fcn kullan\u0131lmam\u0131\u015f, ambalaj\u0131 a\u00e7\u0131lmam\u0131\u015f, tekrar sat\u0131labilir nitelikte olmas\u0131 \u015fartt\u0131r.<\/li>\r\n    <li>Cayma hakk\u0131n\u0131n kullan\u0131lmas\u0131 halinde, \u00fcr\u00fcnle birlikte fatura asl\u0131n\u0131n da iade edilmesi gerekmektedir.<\/li>\r\n    <li>Cayma bildiriminin SATICI\u2019ya ula\u015fmas\u0131ndan itibaren 14 g\u00fcn i\u00e7inde \u00fcr\u00fcn bedeli ALICI\u2019ya iade edilir. Kargo bedelleri iade kapsam\u0131na dahil edilmez.<\/li>\r\n    <li>Kozmetik \u00fcr\u00fcnlerde ambalaj a\u00e7\u0131lm\u0131\u015f, kullan\u0131lm\u0131\u015f \u00fcr\u00fcnlerde cayma hakk\u0131 ge\u00e7erli de\u011fildir.<\/li>\r\n  <\/ol>\r\n\r\n  <h2>6. YETK\u0130L\u0130 MAHKEME<\/h2>\r\n  <p>\u0130\u015fbu s\u00f6zle\u015fmeden do\u011fabilecek uyu\u015fmazl\u0131klarda, G\u00fcmr\u00fck ve Ticaret Bakanl\u0131\u011f\u0131 taraf\u0131ndan ilan edilen parasal s\u0131n\u0131rlara uygun olarak ALICI\u2019n\u0131n yerle\u015fim yerindeki T\u00fcketici Hakem Heyetleri ve T\u00fcketici Mahkemeleri yetkilidir.<\/p>\r\n\r\n  <h2>7. Y\u00dcR\u00dcRL\u00dcK<\/h2>\r\n  <p>ALICI, internet sitesi \u00fczerinden vermi\u015f oldu\u011fu sipari\u015fe ait \u00f6demeyi ger\u00e7ekle\u015ftirdi\u011finde, i\u015fbu s\u00f6zle\u015fmenin t\u00fcm ko\u015fullar\u0131n\u0131 kabul etmi\u015f say\u0131l\u0131r.<\/p>\r\n\r\n  <p><strong>SATICI:<\/strong><br>\r\n  Samira Parfumeri<br>\r\n  www.samiraparfumeri.com<\/p>\r\n\r\n  <p><strong>ALICI:<\/strong><br>\r\n  [Ad Soyad]<br>\r\n  [Tarih]<\/p>\r\n\r\n<\/body>\r\n<\/html>\r\n\t\t\t\t<\/div>\n\t\t\t\t<\/div>\n\t\t\t\t\t<\/div>\n\t\t\t\t<\/div>\n\t\t<div class=\"elementor-element elementor-element-691698a e-flex e-con-boxed e-con e-parent\" data-id=\"691698a\" data-element_type=\"container\">\n\t\t\t\t\t<div class=\"e-con-inner\">\n\t\t<div class=\"elementor-element elementor-element-86ee935 e-con-full e-flex e-con e-child\" data-id=\"86ee935\" data-element_type=\"container\">\n\t\t\t\t<div class=\"elementor-element elementor-element-7f9a85d elementor-widget elementor-widget-image\" data-id=\"7f9a85d\" data-element_type=\"widget\" data-widget_type=\"image.default\">\n\t\t\t\t<div class=\"elementor-widget-container\">\n\t\t\t\t\t\t\t\t\t\t\t\t\t\t\t<img decoding=\"async\" src=\"https:\/\/samiraparfumeri.com\/wp-content\/uploads\/elementor\/thumbs\/logo-2-r774qzw71167ca9ls8r83zjfjmuue51mq4j8onqp3o.png\" title=\"logo\" alt=\"logo\" loading=\"lazy\" \/>\t\t\t\t\t\t\t\t\t\t\t\t\t\t\t<\/div>\n\t\t\t\t<\/div>\n\t\t\t\t<\/div>\n\t\t\t\t\t<\/div>\n\t\t\t\t<\/div>\n\t\t\t\t<\/div>\n\t\t","protected":false},"excerpt":{"rendered":"<p>Mesafeli Sat\u0131\u015f S\u00f6zle\u015fmesi Mesafeli Sat\u0131\u015f S\u00f6zle\u015fmesi MESAFEL\u0130 SATI\u015e S\u00d6ZLE\u015eMES\u0130 1. TARAFLAR 1.1. SATICI Samira Parfumeri www.samiraparfumeri.com 1.2. ALICI Ad\u0131\/Soyad\u0131: [Sipari\u015fi veren ki\u015fi] Adres: [Sipari\u015fte belirtilen teslimat adresi] Telefon: [Sipari\u015fte belirtilen telefon] E-posta: [Sipari\u015fte belirtilen e-posta] 2. S\u00d6ZLE\u015eMEN\u0130N KONUSU \u0130\u015fbu s\u00f6zle\u015fmenin konusu, ALICI\u2019n\u0131n, www.samiraparfumeri.com internet sitesi \u00fczerinden elektronik ortamda sipari\u015fini verdi\u011fi a\u015fa\u011f\u0131da nitelikleri ve sat\u0131\u015f fiyat\u0131&#8230;<\/p>\n","protected":false},"author":1,"featured_media":0,"parent":0,"menu_order":0,"comment_status":"closed","ping_status":"closed","template":"","meta":{"_kad_post_transparent":"","_kad_post_title":"hide","_kad_post_layout":"fullwidth","_kad_post_sidebar_id":"","_kad_post_content_style":"unboxed","_kad_post_vertical_padding":"hide","_kad_post_feature":"hide","_kad_post_feature_position":"","_kad_post_header":false,"_kad_post_footer":false,"footnotes":""},"class_list":["post-172","page","type-page","status-publish","hentry"],"_links":{"self":[{"href":"https:\/\/samiraparfumeri.com\/index.php?rest_route=\/wp\/v2\/pages\/172","targetHints":{"allow":["GET"]}}],"collection":[{"href":"https:\/\/samiraparfumeri.com\/index.php?rest_route=\/wp\/v2\/pages"}],"about":[{"href":"https:\/\/samiraparfumeri.com\/index.php?rest_route=\/wp\/v2\/types\/page"}],"author":[{"embeddable":true,"href":"https:\/\/samiraparfumeri.com\/index.php?rest_route=\/wp\/v2\/users\/1"}],"replies":[{"embeddable":true,"href":"https:\/\/samiraparfumeri.com\/index.php?rest_route=%2Fwp%2Fv2%2Fcomments&post=172"}],"version-history":[{"count":4,"href":"https:\/\/samiraparfumeri.com\/index.php?rest_route=\/wp\/v2\/pages\/172\/revisions"}],"predecessor-version":[{"id":178,"href":"https:\/\/samiraparfumeri.com\/index.php?rest_route=\/wp\/v2\/pages\/172\/revisions\/178"}],"wp:attachment":[{"href":"https:\/\/samiraparfumeri.com\/index.php?rest_route=%2Fwp%2Fv2%2Fmedia&parent=172"}],"curies":[{"name":"wp","href":"https:\/\/api.w.org\/{rel}","templated":true}]}}