{"id":180,"date":"2025-06-12T14:39:28","date_gmt":"2025-06-12T11:39:28","guid":{"rendered":"https:\/\/samiraparfumeri.com\/?page_id=180"},"modified":"2025-06-12T14:43:01","modified_gmt":"2025-06-12T11:43:01","slug":"iptal-ve-iade-sartlari","status":"publish","type":"page","link":"https:\/\/samiraparfumeri.com\/?page_id=180","title":{"rendered":"\u0130ptal ve \u0130ade \u015eartlar\u0131"},"content":{"rendered":"\t\t<div data-elementor-type=\"wp-page\" data-elementor-id=\"180\" class=\"elementor elementor-180\">\n\t\t\t\t<div class=\"elementor-element elementor-element-a06e8cf e-flex e-con-boxed e-con e-parent\" data-id=\"a06e8cf\" data-element_type=\"container\">\n\t\t\t\t\t<div class=\"e-con-inner\">\n\t\t<div class=\"elementor-element elementor-element-7b1a61b e-con-full e-flex e-con e-child\" data-id=\"7b1a61b\" data-element_type=\"container\">\n\t\t\t\t<div class=\"elementor-element elementor-element-4e58092 elementor-widget elementor-widget-heading\" data-id=\"4e58092\" data-element_type=\"widget\" data-widget_type=\"heading.default\">\n\t\t\t\t<div class=\"elementor-widget-container\">\n\t\t\t\t\t<h2 class=\"elementor-heading-title elementor-size-default\">\u0130ptal ve \u0130ade \u015eartlar\u0131<\/h2>\t\t\t\t<\/div>\n\t\t\t\t<\/div>\n\t\t\t\t<\/div>\n\t\t\t\t\t<\/div>\n\t\t\t\t<\/div>\n\t\t<div class=\"elementor-element elementor-element-ef4e8f0 e-flex e-con-boxed e-con e-parent\" data-id=\"ef4e8f0\" data-element_type=\"container\">\n\t\t\t\t\t<div class=\"e-con-inner\">\n\t\t\t\t<div class=\"elementor-element elementor-element-de42342 elementor-widget elementor-widget-html\" data-id=\"de42342\" data-element_type=\"widget\" data-widget_type=\"html.default\">\n\t\t\t\t<div class=\"elementor-widget-container\">\n\t\t\t\t\t<!DOCTYPE html>\r\n<html lang=\"tr\">\r\n<head>\r\n    <meta charset=\"UTF-8\">\r\n    <meta name=\"viewport\" content=\"width=device-width, initial-scale=1.0\">\r\n    <title>\u0130ade ve De\u011fi\u015fim Politikas\u0131 - Samira Parfumeri<\/title>\r\n<\/head>\r\n<body>\r\n\r\n<h1>Nas\u0131l De\u011fi\u015fim Yap\u0131l\u0131r?<\/h1>\r\n<p><strong>www.samiraparfumeri.com<\/strong> \u00fczerinden yapt\u0131\u011f\u0131n\u0131z al\u0131\u015fveri\u015fte beden de\u011fi\u015fimi veya farkl\u0131 bir \u00fcr\u00fcn ile de\u011fi\u015fim i\u00e7in teslim tarihinden sonra <strong>14 g\u00fcn<\/strong> i\u00e7inde WhatsApp hatt\u0131m\u0131za de\u011fi\u015fim talebinizi olu\u015fturabilirsiniz. De\u011fi\u015fimlerde taraf\u0131m\u0131za g\u00f6nderirken herhangi bir kargo firmas\u0131 ile bize ula\u015ft\u0131raca\u011f\u0131n\u0131z \u00fcr\u00fcn\u00fcn <strong>kargo \u00fccreti m\u00fc\u015fteriye aittir<\/strong>. De\u011fi\u015fim sonras\u0131 taraf\u0131n\u0131za g\u00f6nderilen kargo \u00fccreti ise <strong>\u00fccretsizdir<\/strong>. \u00dcr\u00fcnleriniz taraf\u0131m\u0131za ula\u015ft\u0131\u011f\u0131nda <strong>ayn\u0131 g\u00fcn<\/strong> i\u00e7inde istedi\u011finiz yeni \u00fcr\u00fcn kargoya verilir.<\/p>\r\n\r\n<h2>Kampanyal\u0131 \u00dcr\u00fcnlerde \u0130ade<\/h2>\r\n<p>Kampanyal\u0131 \u00fcr\u00fcnlerde <strong>iade kabul edilmemektedir<\/strong>. 14 g\u00fcn i\u00e7inde be\u011fendi\u011finiz herhangi bir ba\u015fka \u00fcr\u00fcn ile <strong>de\u011fi\u015fim yap\u0131labilir<\/strong>.<\/p>\r\n\r\n<h2>\u00dcr\u00fcn\u00fc \u0130ade Etme S\u00fcresi Ka\u00e7 G\u00fcnd\u00fcr?<\/h2>\r\n<p><strong>www.samiraparfumeri.com<\/strong> \u00fcyelerinin ar\u0131zal\u0131 ya da ay\u0131pl\u0131 mal\u0131n iade s\u00fcresi <strong>14 g\u00fcnd\u00fcr<\/strong>. Mesafeli s\u00f6zle\u015fmelere dair y\u00f6netmeli\u011fe g\u00f6re 14 g\u00fcn olan bu s\u00fcre kanunlar taraf\u0131ndan denetlenir ve sat\u0131n alma sonras\u0131 mailinize g\u00f6nderilen sat\u0131\u015f s\u00f6zle\u015fmesinde yer al\u0131r.<\/p>\r\n\r\n<p>Sipari\u015finizin size ula\u015ft\u0131\u011f\u0131 g\u00fcn\u00fc takip eden 14 g\u00fcn i\u00e7erisinde, ay\u0131pl\u0131 ya da ar\u0131zal\u0131 \u00fcr\u00fcn iadesi ger\u00e7ekle\u015ftirebilirsiniz.<\/p>\r\n\r\n<p>\u00dcr\u00fcnden kaynaklanan herhangi bir kusurdan dolay\u0131 yapaca\u011f\u0131n\u0131z iadelerde s\u00fcre 14 g\u00fcnd\u00fcr. E\u011fer \u00fcr\u00fcn kargo s\u0131ras\u0131nda d\u0131\u015ftan g\u00f6zlenebilir \u015fekilde deforme olmu\u015f ise, kargo g\u00f6revlisine tutanak tutturup geri iade ediniz. Kusurlu \u00fcr\u00fcn iadelerinde <strong>kargo ve di\u011fer masraflar sat\u0131c\u0131 taraf\u0131ndan kar\u015f\u0131lan\u0131r<\/strong>. A\u015fa\u011f\u0131daki \u00fcr\u00fcnler iade al\u0131nmaz:<\/p>\r\n<ul>\r\n    <li>Tek kullan\u0131ml\u0131k \u00fcr\u00fcnler<\/li>\r\n    <li>Kozmetik ve ki\u015fisel bak\u0131m \u00fcr\u00fcnleri<\/li>\r\n    <li>\u0130\u00e7 giyim \u00fcr\u00fcnleri<\/li>\r\n    <li>Mayo ve bikini<\/li>\r\n    <li>Ki\u015fiye \u00f6zel olarak \u00fcretilen \u00fcr\u00fcnler (isim yazan \u00fcr\u00fcnler)<\/li>\r\n    <li>L\u00fcks ve tasar\u0131m kategorisindeki \u00fcr\u00fcnler<\/li>\r\n    <li>Kullan\u0131lm\u0131\u015f \u00fcr\u00fcnler<\/li>\r\n<\/ul>\r\n<p>T\u00fcm sto\u011fu t\u00fckenmi\u015f ve yay\u0131ndan kald\u0131r\u0131lm\u0131\u015f \u00fcr\u00fcnlerin numara de\u011fi\u015fimi veya iadesi yap\u0131lamaz.<\/p>\r\n\r\n<h2>De\u011fi\u015fim \u0130\u015flemini Nas\u0131l Ger\u00e7ekle\u015ftiririm?<\/h2>\r\n<p>Sipari\u015finizde birden fazla \u00fcr\u00fcn var ise k\u0131smi olarak veya tamamen de\u011fi\u015fim yapabilmek i\u00e7in a\u015fa\u011f\u0131da yer alan kriterler \u00e7er\u00e7evesinde, \u00fcr\u00fcn\/\u00fcr\u00fcnlerin de\u011fi\u015fimini sa\u011flayabilirsiniz:<\/p>\r\n<ul>\r\n    <li>De\u011fi\u015fim yapaca\u011f\u0131n\u0131z \u00fcr\u00fcn\u00fcn, faturas\u0131nda bulunan \u201c\u0130ade b\u00f6l\u00fcm\u00fc\u201d n\u00fc doldurarak, a\u015fa\u011f\u0131daki \u015fartlarda bize ula\u015ft\u0131rabilirsiniz:<\/li>\r\n    <ul>\r\n        <li>Kullan\u0131lmam\u0131\u015f, orijinalli\u011fi bozulmam\u0131\u015f, yeniden sat\u0131labilirlik \u00f6zelli\u011fini yitirmemi\u015f \u00fcr\u00fcn<\/li>\r\n        <li>\u00dcr\u00fcn\u00fcn orijinal kutusu<\/li>\r\n        <li>\u00dcr\u00fcn ile birlikte g\u00f6nderilen t\u00fcm aksesuarlar<\/li>\r\n        <li>\u00dcr\u00fcn\u00fcn faturas\u0131n\u0131n asl\u0131 (1. ve 2. n\u00fcshas\u0131 \u2013 faturas\u0131z \u00fcr\u00fcnlerde iade i\u015flemi yap\u0131lmaz)<\/li>\r\n    <\/ul>\r\n    <li>\u0130stedi\u011finiz bir kargo firmas\u0131 ile g\u00f6nderinizi yap\u0131n\u0131z.<\/li>\r\n    <li>\u0130ade formuna de\u011fi\u015fim ya da iade yap\u0131laca\u011f\u0131n\u0131 belirtmeniz i\u015flemlerinizi h\u0131zland\u0131r\u0131r. Belirtmemeniz halinde m\u00fc\u015fteri temsilcimiz sizinle ileti\u015fime ge\u00e7ecektir.<\/li>\r\n    <li>Kargo g\u00f6nderim kodunuzu saklay\u0131n\u0131z. Gerekli g\u00f6r\u00fclmesi halinde sizden istenebilir.<\/li>\r\n<\/ul>\r\n\r\n<p>De\u011fi\u015fim farkl\u0131 \u00fcr\u00fcnlerle de yap\u0131labilir. \u00dcr\u00fcn tutar\u0131n\u0131n ayn\u0131 olmas\u0131 gerekmez. Yeni \u00fcr\u00fcn tutar\u0131 hesaplan\u0131r, fark varsa kap\u0131da \u00f6demeli \u015fekilde g\u00f6nderilir. Daha uygun \u00fcr\u00fcnlerde fark, \u00f6deme y\u00f6nteminize iade edilir.<\/p>\r\n\r\n<h2>\u0130ade S\u00fcreci<\/h2>\r\n<p>\u0130adesi kabul edilen \u00fcr\u00fcnlerin para iadesi <strong>20 i\u015f g\u00fcn\u00fc<\/strong> i\u00e7inde ger\u00e7ekle\u015ftirilir. Tahsilat, kargo masraflar\u0131, kampanya indirimleri ve varsa havale\/EFT masraflar\u0131 d\u00fc\u015f\u00fclerek kalan tutar iade edilir. Bankan\u0131za ba\u011fl\u0131 olarak kredi kart\u0131n\u0131za yans\u0131mas\u0131 birka\u00e7 g\u00fcn s\u00fcrebilir.<\/p>\r\n<p>Yeni \u00fcr\u00fcn de\u011fi\u015fim talebinde bulunduysan\u0131z, \u00fcr\u00fcn ayn\u0131 g\u00fcn i\u00e7inde kargoya verilir.<\/p>\r\n\r\n<h2>\u0130ade \/ De\u011fi\u015fim Kargo Masraflar\u0131n\u0131 Ben mi \u00d6deyece\u011fim?<\/h2>\r\n<p><strong>www.samiraparfumeri.com<\/strong> hatal\u0131 \u00fcr\u00fcn g\u00f6nderimlerinde <strong>kargo masraflar\u0131n\u0131 \u00f6demeyi kabul eder<\/strong>. Hatal\u0131 \u00fcr\u00fcn, sipari\u015finizdeki \u00fcr\u00fcnlerden farkl\u0131 beden ve kusurlu \u00fcr\u00fcnleri kapsar. Hatal\u0131 \u00fcr\u00fcn g\u00f6nderimlerinde kargo \u00fccreti \u00f6dememek i\u00e7in m\u00fc\u015fteri hizmetlerimizi araman\u0131z ve iade talebinizi olu\u015fturman\u0131z gereklidir. Aksi takdirde iade talebi ba\u015flat\u0131lmam\u0131\u015f hatal\u0131 \u00fcr\u00fcnlere ait kargolar kabul edilmez.<\/p>\r\n<p>Beden de\u011fi\u015fimi, \u00fcr\u00fcn de\u011fi\u015fimi ve normal iadelerde <strong>kargo \u00fccreti m\u00fc\u015fteriye aittir<\/strong>. De\u011fi\u015fimlerde taraf\u0131m\u0131za ula\u015fan \u00fcr\u00fcnler \u00fccretsiz olarak tekrar al\u0131c\u0131ya g\u00f6nderilir.<\/p>\r\n<p>\u0130ade talebiyle <strong>www.samiraparfumeri.com<\/strong>'a g\u00f6nderdi\u011finiz \u00fcr\u00fcnleri, sipari\u015finiz ile birlikte gelen faturan\u0131n alt\u0131ndaki iade formunu eksiksiz doldurarak, fatura \u00fczerindeki adrese g\u00f6nderebilirsiniz.<\/p>\r\n\r\n<\/body>\r\n<\/html>\r\n\t\t\t\t<\/div>\n\t\t\t\t<\/div>\n\t\t\t\t\t<\/div>\n\t\t\t\t<\/div>\n\t\t<div class=\"elementor-element elementor-element-838aac0 e-flex e-con-boxed e-con e-parent\" data-id=\"838aac0\" data-element_type=\"container\">\n\t\t\t\t\t<div class=\"e-con-inner\">\n\t\t<div class=\"elementor-element elementor-element-6daa396 e-con-full e-flex e-con e-child\" data-id=\"6daa396\" data-element_type=\"container\">\n\t\t\t\t<div class=\"elementor-element elementor-element-1c961de elementor-widget elementor-widget-image\" data-id=\"1c961de\" data-element_type=\"widget\" data-widget_type=\"image.default\">\n\t\t\t\t<div class=\"elementor-widget-container\">\n\t\t\t\t\t\t\t\t\t\t\t\t\t\t\t<img decoding=\"async\" src=\"https:\/\/samiraparfumeri.com\/wp-content\/uploads\/elementor\/thumbs\/logo-2-r774qzw71167ca9ls8r83zjfjmuue51mq4j8onqp3o.png\" title=\"logo\" alt=\"logo\" loading=\"lazy\" \/>\t\t\t\t\t\t\t\t\t\t\t\t\t\t\t<\/div>\n\t\t\t\t<\/div>\n\t\t\t\t<\/div>\n\t\t\t\t\t<\/div>\n\t\t\t\t<\/div>\n\t\t\t\t<\/div>\n\t\t","protected":false},"excerpt":{"rendered":"<p>\u0130ptal ve \u0130ade \u015eartlar\u0131 \u0130ade ve De\u011fi\u015fim Politikas\u0131 &#8211; Samira Parfumeri Nas\u0131l De\u011fi\u015fim Yap\u0131l\u0131r? www.samiraparfumeri.com \u00fczerinden yapt\u0131\u011f\u0131n\u0131z al\u0131\u015fveri\u015fte beden de\u011fi\u015fimi veya farkl\u0131 bir \u00fcr\u00fcn ile de\u011fi\u015fim i\u00e7in teslim tarihinden sonra 14 g\u00fcn i\u00e7inde WhatsApp hatt\u0131m\u0131za de\u011fi\u015fim talebinizi olu\u015fturabilirsiniz. De\u011fi\u015fimlerde taraf\u0131m\u0131za g\u00f6nderirken herhangi bir kargo firmas\u0131 ile bize ula\u015ft\u0131raca\u011f\u0131n\u0131z \u00fcr\u00fcn\u00fcn kargo \u00fccreti m\u00fc\u015fteriye aittir. De\u011fi\u015fim sonras\u0131&#8230;<\/p>\n","protected":false},"author":1,"featured_media":0,"parent":0,"menu_order":0,"comment_status":"closed","ping_status":"closed","template":"","meta":{"_kad_post_transparent":"","_kad_post_title":"hide","_kad_post_layout":"fullwidth","_kad_post_sidebar_id":"","_kad_post_content_style":"unboxed","_kad_post_vertical_padding":"hide","_kad_post_feature":"hide","_kad_post_feature_position":"","_kad_post_header":false,"_kad_post_footer":false,"footnotes":""},"class_list":["post-180","page","type-page","status-publish","hentry"],"_links":{"self":[{"href":"https:\/\/samiraparfumeri.com\/index.php?rest_route=\/wp\/v2\/pages\/180","targetHints":{"allow":["GET"]}}],"collection":[{"href":"https:\/\/samiraparfumeri.com\/index.php?rest_route=\/wp\/v2\/pages"}],"about":[{"href":"https:\/\/samiraparfumeri.com\/index.php?rest_route=\/wp\/v2\/types\/page"}],"author":[{"embeddable":true,"href":"https:\/\/samiraparfumeri.com\/index.php?rest_route=\/wp\/v2\/users\/1"}],"replies":[{"embeddable":true,"href":"https:\/\/samiraparfumeri.com\/index.php?rest_route=%2Fwp%2Fv2%2Fcomments&post=180"}],"version-history":[{"count":4,"href":"https:\/\/samiraparfumeri.com\/index.php?rest_route=\/wp\/v2\/pages\/180\/revisions"}],"predecessor-version":[{"id":184,"href":"https:\/\/samiraparfumeri.com\/index.php?rest_route=\/wp\/v2\/pages\/180\/revisions\/184"}],"wp:attachment":[{"href":"https:\/\/samiraparfumeri.com\/index.php?rest_route=%2Fwp%2Fv2%2Fmedia&parent=180"}],"curies":[{"name":"wp","href":"https:\/\/api.w.org\/{rel}","templated":true}]}}