{"id":185,"date":"2025-06-12T14:44:51","date_gmt":"2025-06-12T11:44:51","guid":{"rendered":"https:\/\/samiraparfumeri.com\/?page_id=185"},"modified":"2025-06-12T14:47:35","modified_gmt":"2025-06-12T11:47:35","slug":"uyelik-sozlesmesi","status":"publish","type":"page","link":"https:\/\/samiraparfumeri.com\/?page_id=185","title":{"rendered":"\u00dcyelik S\u00f6zle\u015fmesi"},"content":{"rendered":"\t\t<div data-elementor-type=\"wp-page\" data-elementor-id=\"185\" class=\"elementor elementor-185\">\n\t\t\t\t<div class=\"elementor-element elementor-element-0463230 e-flex e-con-boxed e-con e-parent\" data-id=\"0463230\" data-element_type=\"container\">\n\t\t\t\t\t<div class=\"e-con-inner\">\n\t\t<div class=\"elementor-element elementor-element-5ef26e1 e-con-full e-flex e-con e-child\" data-id=\"5ef26e1\" data-element_type=\"container\">\n\t\t\t\t<div class=\"elementor-element elementor-element-2746b0f elementor-widget elementor-widget-heading\" data-id=\"2746b0f\" data-element_type=\"widget\" data-widget_type=\"heading.default\">\n\t\t\t\t<div class=\"elementor-widget-container\">\n\t\t\t\t\t<h2 class=\"elementor-heading-title elementor-size-default\">\u00dcyelik S\u00f6zle\u015fmesi\n<\/h2>\t\t\t\t<\/div>\n\t\t\t\t<\/div>\n\t\t\t\t<\/div>\n\t\t\t\t\t<\/div>\n\t\t\t\t<\/div>\n\t\t<div class=\"elementor-element elementor-element-456050b e-flex e-con-boxed e-con e-parent\" data-id=\"456050b\" data-element_type=\"container\">\n\t\t\t\t\t<div class=\"e-con-inner\">\n\t\t\t\t<div class=\"elementor-element elementor-element-e40c893 elementor-widget elementor-widget-html\" data-id=\"e40c893\" data-element_type=\"widget\" data-widget_type=\"html.default\">\n\t\t\t\t<div class=\"elementor-widget-container\">\n\t\t\t\t\t<!DOCTYPE html>\r\n<html lang=\"tr\">\r\n<head>\r\n    <meta charset=\"UTF-8\">\r\n    <meta name=\"viewport\" content=\"width=device-width, initial-scale=1.0\">\r\n    <title>Gizlilik Politikas\u0131 - Samira Parfumeri<\/title>\r\n<\/head>\r\n<body>\r\n\r\n<h1>Gizlilik Politikas\u0131<\/h1>\r\n\r\n<p>Bu beyan <strong>www.samiraparfumeri.com<\/strong>\u2019un gizlilik politikas\u0131n\u0131 bildirir. <strong>www.samiraparfumeri.com<\/strong> web sitesini ziyaret ederek a\u015fa\u011f\u0131daki \u015fartlar\u0131 ve kurallar\u0131 uygulamay\u0131 kabul etmi\u015f say\u0131lmaktas\u0131n\u0131z.<\/p>\r\n\r\n<p><strong>www.samiraparfumeri.com<\/strong> \u00fcyelik a\u015famas\u0131nda ve daha sonras\u0131nda sizden baz\u0131 ki\u015fisel bilgilerinizi talep eder. Ki\u015fisel bilgilerinizin korunmas\u0131 ve gizlili\u011finizin s\u00fcrd\u00fcr\u00fclebilmesi birinci \u00f6nceli\u011fimizdir. Bu nedenle vermi\u015f oldu\u011funuz bilgiler, \u00dcyelik S\u00f6zle\u015fmesi\u2019nde belirtilen kurallar ve ama\u00e7lar d\u0131\u015f\u0131nda herhangi bir kapsamda kullan\u0131lmayacak, \u00fc\u00e7\u00fcnc\u00fc \u015fah\u0131slarla payla\u015f\u0131lmayacakt\u0131r.<\/p>\r\n\r\n<p>Sitemizdeki kay\u0131t formlar\u0131, sipari\u015f formlar\u0131, anketler ve yar\u0131\u015fmalarda, irtibat bilgilerinizi (ad\u0131n\u0131z, soyad\u0131n\u0131z, email adresiniz, telefon numaralar\u0131n\u0131z ve posta adresiniz) vermeniz talep edilmektedir. Ayr\u0131ca, sat\u0131n alma formunda kredi kart\u0131 bilgilerinizi vermeniz gerekmektedir. Yukar\u0131da bahsedilen ki\u015fisel bilgileriniz;<\/p>\r\n<ul>\r\n    <li>Sipari\u015flerinizi almak,<\/li>\r\n    <li>\u00dcr\u00fcn ve hizmetlerimizi sunmak,<\/li>\r\n    <li>\u00d6demelerinizi ger\u00e7ekle\u015ftirmek,<\/li>\r\n    <li>Sipari\u015flerinizi ula\u015ft\u0131rmak ve sipari\u015fleriniz ile ilgili bilgi vermek,<\/li>\r\n    <li>\u00dcr\u00fcnler ve hizmetler hakk\u0131nda pazarlama amac\u0131yla sizinle irtibata ge\u00e7mek,<\/li>\r\n    <li>Bilgilerinizi g\u00fcncellemek, \u00fcyeli\u011finizi y\u00f6netmek ve s\u00fcrd\u00fcrmek,<\/li>\r\n    <li>\u0130lginizi \u00e7ekebilecek \u00fcr\u00fcn ve hizmetleri \u00f6nermek,<\/li>\r\n    <li>\u00dc\u00e7\u00fcnc\u00fc \u015fah\u0131slar\u0131n teknik, lojistik ve benzeri di\u011fer i\u015flevlerini bizim ad\u0131m\u0131za yerine getirmelerini sa\u011flamak<\/li>\r\n<\/ul>\r\n<p>amac\u0131yla kullan\u0131lmaktad\u0131r.<\/p>\r\n\r\n<p><strong>www.samiraparfumeri.com<\/strong> \u00fcyesi oldu\u011funuz andan itibaren, aksi taraf\u0131n\u0131zdan talep edilmedi\u011fi s\u00fcrece, g\u00fcnl\u00fck ve haftal\u0131k bilgilendirme emailleri, e-posta adresinize g\u00f6nderilecektir. Diledi\u011finiz zaman bu e-maillerle ilgili de\u011fi\u015fiklik yapma, hizmetten vazge\u00e7me ve yeniden ba\u015flatma hakk\u0131n\u0131z bulunmaktad\u0131r. Bu e-maillerin i\u00e7eri\u011fi; sat\u0131n alm\u0131\u015f oldu\u011funuz \u00fcr\u00fcn veya \u00fcr\u00fcnlerle ilgili bilgiler, ilgilenebilece\u011finizi d\u00fc\u015f\u00fcnd\u00fc\u011f\u00fcm\u00fcz di\u011fer \u00fcr\u00fcnler, 3. ki\u015filerin reklamlar\u0131n\u0131 ve benzeri bilgileri i\u00e7erebilir.<\/p>\r\n\r\n<p>Bu bilgiler, reklamlar\u0131n hedef kitleye uyarlanabilmesini sa\u011flamak maksad\u0131yla ve yaln\u0131zca di\u011fer kullan\u0131c\u0131lara ait bilgilerle birlikte olmak \u00fczere, reklam verenlerle payla\u015f\u0131labilir. Bu bilgilerde herhangi bir \u015fekilde ki\u015fisel bilgi verilmez, sadece grup olarak kullan\u0131c\u0131 e\u011filimleri ile ilgili baz\u0131 \u00e7\u0131kar\u0131mlar yapmak ve segmentasyon amac\u0131yla kullan\u0131l\u0131r.<\/p>\r\n\r\n<p>Toplanan mali bilgiler, sat\u0131n ald\u0131\u011f\u0131n\u0131z \u00fcr\u00fcn ve hizmetleri size fatura etmek i\u00e7in kullan\u0131lmaktad\u0131r. Sitemizde bir sat\u0131n alma yapt\u0131\u011f\u0131n\u0131zda size ait mali bilgilerin, i\u015fleminizi ger\u00e7ekle\u015ftirmek i\u00e7in gerekli \u00fc\u00e7\u00fcnc\u00fc \u015fah\u0131slara (bankalar, kredi kart\u0131 \u015firketleri vb.) verilmesini kabul etmektesiniz. Payla\u015f\u0131lacak bilgiler; kredi kart\u0131 numaras\u0131, son kullanma tarihi, CVV2 kodu da dahil olmak \u00fczere gerekli t\u00fcm mali bilgileri i\u00e7erir.<\/p>\r\n\r\n<p>T\u00fcm kredi kart\u0131 ve ki\u015fisel bilgileriniz, internet g\u00fcvenlik standard\u0131 olan SSL Secure sistemi ile <strong>256 bit<\/strong> \u015fifrelenmektedir. Bu \u015fekilde, internet \u00fczerindeki dola\u015f\u0131mlar\u0131 s\u0131ras\u0131nda herhangi bir \u015fekilde bu bilgilerinizin istenilmeyen ki\u015fi veya kurumlar taraf\u0131ndan ele ge\u00e7irilmesi \u00f6nlenmi\u015ftir.<\/p>\r\n\r\n<p>Gizlilik politikam\u0131z ile ilgili her t\u00fcrl\u00fc soru ve \u00f6neriniz i\u00e7in sitemizdeki <strong>ileti\u015fim<\/strong> b\u00f6l\u00fcm\u00fcnden bize email g\u00f6nderebilirsiniz.<\/p>\r\n\r\n<h2>\u00dcyelik \u0130ptali<\/h2>\r\n<p><strong>www.samiraparfumeri.com<\/strong> \u00fcyelik iptal i\u015fleminizi <a href=\"mailto:info@samiraparfumeri.com\">info@samiraparfumeri.com<\/a> adresine email g\u00f6ndererek veya sitede yer alan \u2018Hesab\u0131m\u2019 sekmesi alt\u0131ndaki \u2018\u00dcyelik \u0130ptali\u2019 se\u00e7ene\u011fi \u00fczerinden ger\u00e7ekle\u015ftirebilirsiniz.<\/p>\r\n\r\n<h2>\u0130leti\u015fim Bilgileri<\/h2>\r\n<p><strong>www.samiraparfumeri.com<\/strong>'a a\u015fa\u011f\u0131da yer alan ileti\u015fim bilgilerinden ula\u015fabilirsiniz.<\/p>\r\n\r\n<\/body>\r\n<\/html>\r\n\t\t\t\t<\/div>\n\t\t\t\t<\/div>\n\t\t\t\t\t<\/div>\n\t\t\t\t<\/div>\n\t\t<div class=\"elementor-element elementor-element-709dd6f e-flex e-con-boxed e-con e-parent\" data-id=\"709dd6f\" data-element_type=\"container\">\n\t\t\t\t\t<div class=\"e-con-inner\">\n\t\t<div class=\"elementor-element elementor-element-9953f80 e-con-full e-flex e-con e-child\" data-id=\"9953f80\" data-element_type=\"container\">\n\t\t\t\t<div class=\"elementor-element elementor-element-a56fd09 elementor-widget elementor-widget-image\" data-id=\"a56fd09\" data-element_type=\"widget\" data-widget_type=\"image.default\">\n\t\t\t\t<div class=\"elementor-widget-container\">\n\t\t\t\t\t\t\t\t\t\t\t\t\t\t\t<img decoding=\"async\" src=\"https:\/\/samiraparfumeri.com\/wp-content\/uploads\/elementor\/thumbs\/logo-2-r774qzw71167ca9ls8r83zjfjmuue51mq4j8onqp3o.png\" title=\"logo\" alt=\"logo\" loading=\"lazy\" \/>\t\t\t\t\t\t\t\t\t\t\t\t\t\t\t<\/div>\n\t\t\t\t<\/div>\n\t\t\t\t<\/div>\n\t\t\t\t\t<\/div>\n\t\t\t\t<\/div>\n\t\t\t\t<\/div>\n\t\t","protected":false},"excerpt":{"rendered":"<p>\u00dcyelik S\u00f6zle\u015fmesi Gizlilik Politikas\u0131 &#8211; Samira Parfumeri Gizlilik Politikas\u0131 Bu beyan www.samiraparfumeri.com\u2019un gizlilik politikas\u0131n\u0131 bildirir. www.samiraparfumeri.com web sitesini ziyaret ederek a\u015fa\u011f\u0131daki \u015fartlar\u0131 ve kurallar\u0131 uygulamay\u0131 kabul etmi\u015f say\u0131lmaktas\u0131n\u0131z. www.samiraparfumeri.com \u00fcyelik a\u015famas\u0131nda ve daha sonras\u0131nda sizden baz\u0131 ki\u015fisel bilgilerinizi talep eder. Ki\u015fisel bilgilerinizin korunmas\u0131 ve gizlili\u011finizin s\u00fcrd\u00fcr\u00fclebilmesi birinci \u00f6nceli\u011fimizdir. Bu nedenle vermi\u015f oldu\u011funuz bilgiler, \u00dcyelik S\u00f6zle\u015fmesi\u2019nde&#8230;<\/p>\n","protected":false},"author":1,"featured_media":0,"parent":0,"menu_order":0,"comment_status":"closed","ping_status":"closed","template":"","meta":{"_kad_post_transparent":"","_kad_post_title":"hide","_kad_post_layout":"fullwidth","_kad_post_sidebar_id":"","_kad_post_content_style":"unboxed","_kad_post_vertical_padding":"hide","_kad_post_feature":"hide","_kad_post_feature_position":"","_kad_post_header":false,"_kad_post_footer":false,"footnotes":""},"class_list":["post-185","page","type-page","status-publish","hentry"],"_links":{"self":[{"href":"https:\/\/samiraparfumeri.com\/index.php?rest_route=\/wp\/v2\/pages\/185","targetHints":{"allow":["GET"]}}],"collection":[{"href":"https:\/\/samiraparfumeri.com\/index.php?rest_route=\/wp\/v2\/pages"}],"about":[{"href":"https:\/\/samiraparfumeri.com\/index.php?rest_route=\/wp\/v2\/types\/page"}],"author":[{"embeddable":true,"href":"https:\/\/samiraparfumeri.com\/index.php?rest_route=\/wp\/v2\/users\/1"}],"replies":[{"embeddable":true,"href":"https:\/\/samiraparfumeri.com\/index.php?rest_route=%2Fwp%2Fv2%2Fcomments&post=185"}],"version-history":[{"count":4,"href":"https:\/\/samiraparfumeri.com\/index.php?rest_route=\/wp\/v2\/pages\/185\/revisions"}],"predecessor-version":[{"id":189,"href":"https:\/\/samiraparfumeri.com\/index.php?rest_route=\/wp\/v2\/pages\/185\/revisions\/189"}],"wp:attachment":[{"href":"https:\/\/samiraparfumeri.com\/index.php?rest_route=%2Fwp%2Fv2%2Fmedia&parent=185"}],"curies":[{"name":"wp","href":"https:\/\/api.w.org\/{rel}","templated":true}]}}