{"id":190,"date":"2025-06-12T14:49:12","date_gmt":"2025-06-12T11:49:12","guid":{"rendered":"https:\/\/samiraparfumeri.com\/?page_id=190"},"modified":"2025-06-12T14:50:32","modified_gmt":"2025-06-12T11:50:32","slug":"kisisel-verilerin-korunmasi","status":"publish","type":"page","link":"https:\/\/samiraparfumeri.com\/?page_id=190","title":{"rendered":"Ki\u015fisel Verilerin Korunmas\u0131"},"content":{"rendered":"\t\t<div data-elementor-type=\"wp-page\" data-elementor-id=\"190\" class=\"elementor elementor-190\">\n\t\t\t\t<div class=\"elementor-element elementor-element-14cb40d e-flex e-con-boxed e-con e-parent\" data-id=\"14cb40d\" data-element_type=\"container\">\n\t\t\t\t\t<div class=\"e-con-inner\">\n\t\t<div class=\"elementor-element elementor-element-3cf2ff4 e-con-full e-flex e-con e-child\" data-id=\"3cf2ff4\" data-element_type=\"container\">\n\t\t\t\t<div class=\"elementor-element elementor-element-e568ef9 elementor-widget elementor-widget-heading\" data-id=\"e568ef9\" data-element_type=\"widget\" data-widget_type=\"heading.default\">\n\t\t\t\t<div class=\"elementor-widget-container\">\n\t\t\t\t\t<h2 class=\"elementor-heading-title elementor-size-default\">Ki\u015fisel Verilerin Korunmas\u0131<\/h2>\t\t\t\t<\/div>\n\t\t\t\t<\/div>\n\t\t\t\t<\/div>\n\t\t\t\t\t<\/div>\n\t\t\t\t<\/div>\n\t\t<div class=\"elementor-element elementor-element-79ae24a e-flex e-con-boxed e-con e-parent\" data-id=\"79ae24a\" data-element_type=\"container\">\n\t\t\t\t\t<div class=\"e-con-inner\">\n\t\t\t\t<div class=\"elementor-element elementor-element-0ca4f57 elementor-widget elementor-widget-html\" data-id=\"0ca4f57\" data-element_type=\"widget\" data-widget_type=\"html.default\">\n\t\t\t\t<div class=\"elementor-widget-container\">\n\t\t\t\t\t<!DOCTYPE html>\r\n<html lang=\"tr\">\r\n<head>\r\n    <meta charset=\"UTF-8\">\r\n    <meta name=\"viewport\" content=\"width=device-width, initial-scale=1.0\">\r\n    <title>Ki\u015fisel Verilerin Korunmas\u0131 Politikas\u0131 - Samira Parfumeri<\/title>\r\n<\/head>\r\n<body>\r\n\r\n<h1>K\u0130\u015e\u0130SEL VER\u0130LER\u0130N KORUNMASI VE \u0130\u015eLENMES\u0130 POL\u0130T\u0130KASI<\/h1>\r\n\r\n<p><strong>www.samiraparfumeri.com<\/strong> olarak, 6698 say\u0131l\u0131 Ki\u015fisel Verilerin Korunmas\u0131 Kanunu (\u201cKVKK\u201d) kapsam\u0131nda, kullan\u0131c\u0131lar\u0131m\u0131z\u0131n ki\u015fisel verilerinin gizlili\u011fi ve g\u00fcvenli\u011fini \u00f6n planda tutmaktay\u0131z. Bu politika, ki\u015fisel verilerin ne \u015fekilde topland\u0131\u011f\u0131n\u0131, i\u015flendi\u011fini, sakland\u0131\u011f\u0131n\u0131 ve korundu\u011funu a\u00e7\u0131klamaktad\u0131r.<\/p>\r\n\r\n<h2>1. Ki\u015fisel Verilerin Toplanmas\u0131<\/h2>\r\n<p>M\u00fc\u015fterilerimizin sitemizi ziyaretleri, \u00fcyelik i\u015flemleri, sipari\u015f s\u00fcre\u00e7leri, kampanya kat\u0131l\u0131mlar\u0131 ve ileti\u015fim formlar\u0131 arac\u0131l\u0131\u011f\u0131yla a\u015fa\u011f\u0131daki verileri toplayabiliriz:<\/p>\r\n<ul>\r\n    <li>Ad, soyad<\/li>\r\n    <li>T.C. kimlik numaras\u0131 (gerekli durumlarda)<\/li>\r\n    <li>Telefon numaras\u0131<\/li>\r\n    <li>E-posta adresi<\/li>\r\n    <li>Adres bilgileri<\/li>\r\n    <li>IP adresi ve \u00e7erez verileri<\/li>\r\n    <li>\u00d6deme\/banka bilgileri (\u015fifrelenmi\u015f \u015fekilde)<\/li>\r\n<\/ul>\r\n\r\n<h2>2. Ki\u015fisel Verilerin \u0130\u015flenme Ama\u00e7lar\u0131<\/h2>\r\n<p>Toplanan ki\u015fisel veriler a\u015fa\u011f\u0131daki ama\u00e7larla i\u015flenebilir:<\/p>\r\n<ul>\r\n    <li>Sipari\u015f s\u00fcre\u00e7lerinin y\u00f6netimi ve teslimat\u0131<\/li>\r\n    <li>\u00dcyelik i\u015flemlerinin ger\u00e7ekle\u015ftirilmesi<\/li>\r\n    <li>Faturalama ve muhasebe s\u00fcre\u00e7leri<\/li>\r\n    <li>Kampanya, promosyon ve tan\u0131t\u0131mlar hakk\u0131nda bilgilendirme<\/li>\r\n    <li>Hizmet kalitesinin art\u0131r\u0131lmas\u0131 ve m\u00fc\u015fteri memnuniyetinin sa\u011flanmas\u0131<\/li>\r\n    <li>Yasal y\u00fck\u00fcml\u00fcl\u00fcklerin yerine getirilmesi<\/li>\r\n<\/ul>\r\n\r\n<h2>3. Verilerin Aktar\u0131lmas\u0131<\/h2>\r\n<p>Ki\u015fisel verileriniz, yasal zorunluluklar haricinde \u00fc\u00e7\u00fcnc\u00fc \u015fah\u0131slarla payla\u015f\u0131lmaz. Ancak a\u015fa\u011f\u0131daki taraflarla, yaln\u0131zca gerekli oldu\u011fu \u00f6l\u00e7\u00fcde payla\u015f\u0131m yap\u0131labilir:<\/p>\r\n<ul>\r\n    <li>Lojistik firmalar\u0131<\/li>\r\n    <li>\u00d6deme sa\u011flay\u0131c\u0131 kurulu\u015flar<\/li>\r\n    <li>\u0130lgili kamu kurum ve kurulu\u015flar\u0131<\/li>\r\n    <li>Bilgi teknolojileri hizmet sa\u011flay\u0131c\u0131lar\u0131<\/li>\r\n<\/ul>\r\n\r\n<h2>4. Ki\u015fisel Verilerin Saklanma S\u00fcresi<\/h2>\r\n<p>Ki\u015fisel verileriniz, i\u015fleme ama\u00e7lar\u0131n\u0131n gerektirdi\u011fi s\u00fcre boyunca saklanmakta, bu s\u00fcrenin sonunda anonim hale getirilmekte veya silinmektedir. Yasal saklama s\u00fcreleri sakl\u0131d\u0131r.<\/p>\r\n\r\n<h2>5. \u0130lgili Ki\u015finin Haklar\u0131<\/h2>\r\n<p>KVKK'n\u0131n 11. maddesi gere\u011fince veri sahipleri:<\/p>\r\n<ul>\r\n    <li>Ki\u015fisel verilerinin i\u015flenip i\u015flenmedi\u011fini \u00f6\u011frenme,<\/li>\r\n    <li>\u0130\u015flenmi\u015fse buna ili\u015fkin bilgi talep etme,<\/li>\r\n    <li>\u0130\u015fleme amac\u0131n\u0131 ve bunlar\u0131n amac\u0131na uygun kullan\u0131l\u0131p kullan\u0131lmad\u0131\u011f\u0131n\u0131 \u00f6\u011frenme,<\/li>\r\n    <li>Yurt i\u00e7inde veya yurt d\u0131\u015f\u0131nda ki\u015fisel verilerin aktar\u0131ld\u0131\u011f\u0131 \u00fc\u00e7\u00fcnc\u00fc ki\u015fileri bilme,<\/li>\r\n    <li>Eksik veya yanl\u0131\u015f i\u015flenmi\u015f verilerin d\u00fczeltilmesini isteme,<\/li>\r\n    <li>KVKK\u2019ya ayk\u0131r\u0131 i\u015flenmi\u015f verilerin silinmesini veya yok edilmesini isteme,<\/li>\r\n    <li>Bu i\u015flemlerin aktar\u0131ld\u0131\u011f\u0131 \u00fc\u00e7\u00fcnc\u00fc ki\u015filere bildirilmesini isteme,<\/li>\r\n    <li>\u0130\u015flenen verilerin otomatik sistemler ile analiz edilmesi sonucunda ki\u015finin aleyhine bir sonucun ortaya \u00e7\u0131kmas\u0131na itiraz etme,<\/li>\r\n    <li>Verilerin kanuna ayk\u0131r\u0131 olarak i\u015flenmesi sebebiyle zarara u\u011framas\u0131 h\u00e2linde zarar\u0131n giderilmesini talep etme<\/li>\r\n<\/ul>\r\n\r\n<h2>6. Ba\u015fvuru Yollar\u0131<\/h2>\r\n<p>Haklar\u0131n\u0131z\u0131 kullanmak i\u00e7in <a href=\"mailto:info@samiraparfumeri.com\">info@samiraparfumeri.com<\/a> adresine yaz\u0131l\u0131 olarak ba\u015fvurabilirsiniz. Ba\u015fvurular\u0131n\u0131z KVKK\u2019ya uygun \u015fekilde en ge\u00e7 30 g\u00fcn i\u00e7inde sonu\u00e7land\u0131r\u0131lacakt\u0131r.<\/p>\r\n\r\n<h2>7. G\u00fcvenlik<\/h2>\r\n<p>Ki\u015fisel verileriniz, yetkisiz eri\u015fim, kay\u0131p, yanl\u0131\u015f kullan\u0131m, de\u011fi\u015fiklik ve imhaya kar\u015f\u0131 korunmak i\u00e7in SSL g\u00fcvenlik sertifikalar\u0131, \u015fifreleme y\u00f6ntemleri ve di\u011fer teknik \u00f6nlemler ile korunmaktad\u0131r.<\/p>\r\n\r\n<p>Samira Parfumeri olarak, KVKK kapsam\u0131nda kullan\u0131c\u0131lar\u0131m\u0131z\u0131n t\u00fcm haklar\u0131na sayg\u0131 g\u00f6sterdi\u011fimizi taahh\u00fct ederiz.<\/p>\r\n\r\n<p><strong>Y\u00fcr\u00fcrl\u00fck Tarihi:<\/strong> 12.06.2025<\/p>\r\n\r\n<\/body>\r\n<\/html>\r\n\t\t\t\t<\/div>\n\t\t\t\t<\/div>\n\t\t\t\t\t<\/div>\n\t\t\t\t<\/div>\n\t\t<div class=\"elementor-element elementor-element-9914dde e-flex e-con-boxed e-con e-parent\" data-id=\"9914dde\" data-element_type=\"container\">\n\t\t\t\t\t<div class=\"e-con-inner\">\n\t\t<div class=\"elementor-element elementor-element-8a5328e e-con-full e-flex e-con e-child\" data-id=\"8a5328e\" data-element_type=\"container\">\n\t\t\t\t<div class=\"elementor-element elementor-element-f1afadc elementor-widget elementor-widget-image\" data-id=\"f1afadc\" data-element_type=\"widget\" data-widget_type=\"image.default\">\n\t\t\t\t<div class=\"elementor-widget-container\">\n\t\t\t\t\t\t\t\t\t\t\t\t\t\t\t<img decoding=\"async\" src=\"https:\/\/samiraparfumeri.com\/wp-content\/uploads\/elementor\/thumbs\/logo-2-r774qzw71167ca9ls8r83zjfjmuue51mq4j8onqp3o.png\" title=\"logo\" alt=\"logo\" loading=\"lazy\" \/>\t\t\t\t\t\t\t\t\t\t\t\t\t\t\t<\/div>\n\t\t\t\t<\/div>\n\t\t\t\t<\/div>\n\t\t\t\t\t<\/div>\n\t\t\t\t<\/div>\n\t\t\t\t<\/div>\n\t\t","protected":false},"excerpt":{"rendered":"<p>Ki\u015fisel Verilerin Korunmas\u0131 Ki\u015fisel Verilerin Korunmas\u0131 Politikas\u0131 &#8211; Samira Parfumeri K\u0130\u015e\u0130SEL VER\u0130LER\u0130N KORUNMASI VE \u0130\u015eLENMES\u0130 POL\u0130T\u0130KASI www.samiraparfumeri.com olarak, 6698 say\u0131l\u0131 Ki\u015fisel Verilerin Korunmas\u0131 Kanunu (\u201cKVKK\u201d) kapsam\u0131nda, kullan\u0131c\u0131lar\u0131m\u0131z\u0131n ki\u015fisel verilerinin gizlili\u011fi ve g\u00fcvenli\u011fini \u00f6n planda tutmaktay\u0131z. Bu politika, ki\u015fisel verilerin ne \u015fekilde topland\u0131\u011f\u0131n\u0131, i\u015flendi\u011fini, sakland\u0131\u011f\u0131n\u0131 ve korundu\u011funu a\u00e7\u0131klamaktad\u0131r. 1. Ki\u015fisel Verilerin Toplanmas\u0131 M\u00fc\u015fterilerimizin sitemizi ziyaretleri, \u00fcyelik&#8230;<\/p>\n","protected":false},"author":1,"featured_media":0,"parent":0,"menu_order":0,"comment_status":"closed","ping_status":"closed","template":"","meta":{"_kad_post_transparent":"","_kad_post_title":"hide","_kad_post_layout":"fullwidth","_kad_post_sidebar_id":"","_kad_post_content_style":"unboxed","_kad_post_vertical_padding":"hide","_kad_post_feature":"hide","_kad_post_feature_position":"","_kad_post_header":false,"_kad_post_footer":false,"footnotes":""},"class_list":["post-190","page","type-page","status-publish","hentry"],"_links":{"self":[{"href":"https:\/\/samiraparfumeri.com\/index.php?rest_route=\/wp\/v2\/pages\/190","targetHints":{"allow":["GET"]}}],"collection":[{"href":"https:\/\/samiraparfumeri.com\/index.php?rest_route=\/wp\/v2\/pages"}],"about":[{"href":"https:\/\/samiraparfumeri.com\/index.php?rest_route=\/wp\/v2\/types\/page"}],"author":[{"embeddable":true,"href":"https:\/\/samiraparfumeri.com\/index.php?rest_route=\/wp\/v2\/users\/1"}],"replies":[{"embeddable":true,"href":"https:\/\/samiraparfumeri.com\/index.php?rest_route=%2Fwp%2Fv2%2Fcomments&post=190"}],"version-history":[{"count":4,"href":"https:\/\/samiraparfumeri.com\/index.php?rest_route=\/wp\/v2\/pages\/190\/revisions"}],"predecessor-version":[{"id":194,"href":"https:\/\/samiraparfumeri.com\/index.php?rest_route=\/wp\/v2\/pages\/190\/revisions\/194"}],"wp:attachment":[{"href":"https:\/\/samiraparfumeri.com\/index.php?rest_route=%2Fwp%2Fv2%2Fmedia&parent=190"}],"curies":[{"name":"wp","href":"https:\/\/api.w.org\/{rel}","templated":true}]}}