{"id":200,"date":"2025-06-12T15:04:09","date_gmt":"2025-06-12T12:04:09","guid":{"rendered":"https:\/\/samiraparfumeri.com\/?page_id=200"},"modified":"2025-06-12T15:05:24","modified_gmt":"2025-06-12T12:05:24","slug":"sikca-sorulan-sorular-sss","status":"publish","type":"page","link":"https:\/\/samiraparfumeri.com\/?page_id=200","title":{"rendered":"S\u0131k\u00e7a Sorulan Sorular (SSS)"},"content":{"rendered":"\t\t<div data-elementor-type=\"wp-page\" data-elementor-id=\"200\" class=\"elementor elementor-200\">\n\t\t\t\t<div class=\"elementor-element elementor-element-8198472 e-flex e-con-boxed e-con e-parent\" data-id=\"8198472\" data-element_type=\"container\">\n\t\t\t\t\t<div class=\"e-con-inner\">\n\t\t<div class=\"elementor-element elementor-element-8eb7702 e-con-full e-flex e-con e-child\" data-id=\"8eb7702\" data-element_type=\"container\">\n\t\t\t\t<div class=\"elementor-element elementor-element-00fba81 elementor-widget elementor-widget-heading\" data-id=\"00fba81\" data-element_type=\"widget\" data-widget_type=\"heading.default\">\n\t\t\t\t<div class=\"elementor-widget-container\">\n\t\t\t\t\t<h2 class=\"elementor-heading-title elementor-size-default\">S\u0131k\u00e7a Sorulan Sorular (SSS)<\/h2>\t\t\t\t<\/div>\n\t\t\t\t<\/div>\n\t\t\t\t<\/div>\n\t\t\t\t\t<\/div>\n\t\t\t\t<\/div>\n\t\t<div class=\"elementor-element elementor-element-6036b27 e-flex e-con-boxed e-con e-parent\" data-id=\"6036b27\" data-element_type=\"container\">\n\t\t\t\t\t<div class=\"e-con-inner\">\n\t\t\t\t<div class=\"elementor-element elementor-element-e6995bb elementor-widget elementor-widget-html\" data-id=\"e6995bb\" data-element_type=\"widget\" data-widget_type=\"html.default\">\n\t\t\t\t<div class=\"elementor-widget-container\">\n\t\t\t\t\t<!DOCTYPE html>\r\n<html lang=\"tr\">\r\n<head>\r\n    <meta charset=\"UTF-8\">\r\n    <meta name=\"viewport\" content=\"width=device-width, initial-scale=1.0\">\r\n    <title>S\u0131k\u00e7a Sorulan Sorular | Samira Parfumeri<\/title>\r\n    <style>\r\n        body {\r\n            font-family: Arial, sans-serif;\r\n            margin: 20px;\r\n            line-height: 1.6;\r\n            background-color: #f9f9f9;\r\n            color: #333;\r\n        }\r\n        h1 {\r\n            color: #B22222;\r\n        }\r\n        h2 {\r\n            margin-top: 30px;\r\n            color: #444;\r\n        }\r\n        p {\r\n            margin: 10px 0;\r\n        }\r\n        .faq {\r\n            background-color: #fff;\r\n            padding: 20px;\r\n            border-radius: 8px;\r\n            box-shadow: 0 0 10px rgba(0,0,0,0.05);\r\n            max-width: 900px;\r\n            margin: auto;\r\n        }\r\n    <\/style>\r\n<\/head>\r\n<body>\r\n\r\n<div class=\"faq\">\r\n    <h1>S\u0131k\u00e7a Sorulan Sorular<\/h1>\r\n\r\n    <h2>Sipari\u015fim bana ne zaman ula\u015f\u0131r?<\/h2>\r\n    <p>Hafta i\u00e7i saat <strong>16:00'dan \u00f6nce<\/strong> verilen sipari\u015fler ayn\u0131 g\u00fcn kargoya verilir. Teslimat s\u00fcresi, bulundu\u011funuz \u015fehre g\u00f6re <strong>1-2 i\u015f g\u00fcn\u00fc<\/strong> s\u00fcrmektedir. Kampanyal\u0131 \u00fcr\u00fcnler, kampanya bitiminden sonra <strong>7 i\u015f g\u00fcn\u00fc<\/strong> i\u00e7inde kargoya verilir. <strong>Cumartesi ve Pazar<\/strong> g\u00fcnleri kargo \u00e7\u0131k\u0131\u015f\u0131 yap\u0131lmamaktad\u0131r.<\/p>\r\n\r\n    <h2>www.samiraparfumeri.com \u00fcr\u00fcnlerinin garantisi var m\u0131?<\/h2>\r\n    <p>T\u00fcm \u00fcr\u00fcnlerimizle birlikte garanti belgeleri g\u00f6nderilmektedir. E\u011fer kutudan garanti belgesi \u00e7\u0131kmazsa \u00fcr\u00fcn i\u00e7in ek garanti aranmaz. Ay\u0131pl\u0131 ve kusurlu \u00fcr\u00fcnler, <strong>7 g\u00fcn<\/strong> i\u00e7inde birebir de\u011fi\u015ftirilmektedir. \u00dcr\u00fcn\u00fcn faturas\u0131n\u0131 ve kutu i\u00e7i belgeleri saklaman\u0131z\u0131 tavsiye ederiz.<\/p>\r\n\r\n    <h2>Sipari\u015f verirken sorun ya\u015f\u0131yorum. Ne yapmal\u0131y\u0131m?<\/h2>\r\n    <p>Kar\u015f\u0131la\u015ft\u0131\u011f\u0131n\u0131z sorunlar\u0131 <a href=\"mailto:info@samiraparfumeri.com\">info@samiraparfumeri.com<\/a> adresine e-posta atarak veya sitemizdeki ileti\u015fim formunu doldurarak bildirebilirsiniz.<\/p>\r\n\r\n    <h2>Sipari\u015fimde de\u011fi\u015fiklik yapabilir miyim?<\/h2>\r\n    <p>Sipari\u015finizi verdikten sonraki <strong>12 saat<\/strong> i\u00e7erisinde de\u011fi\u015fiklik talebinde bulunabilirsiniz. \u00dcr\u00fcn kargoya verilmediyse, talebiniz stok ve \u00fcr\u00fcn bilgilerine g\u00f6re de\u011ferlendirilir.<\/p>\r\n\r\n    <h2>Sipari\u015fimi nas\u0131l iptal edebilirim?<\/h2>\r\n    <p>\u00dcr\u00fcn\u00fcn\u00fcz kargoya verilmeden \u00f6nce <strong>WhatsApp destek hatt\u0131m\u0131zdan<\/strong> veya <a href=\"mailto:info@samiraparfumeri.com\">info@samiraparfumeri.com<\/a> adresinden bize ula\u015farak iptal i\u015flemini ger\u00e7ekle\u015ftirebilirsiniz.<\/p>\r\n\r\n    <h2>\u0130ade\/iptal sonras\u0131 \u00fccret ne zaman hesab\u0131ma ge\u00e7er?<\/h2>\r\n    <ul>\r\n        <li><strong>Kredi kart\u0131 iadeleri:<\/strong> En ge\u00e7 <strong>20 i\u015f g\u00fcn\u00fc<\/strong> i\u00e7inde.<\/li>\r\n        <li><strong>Havale\/EFT iadeleri:<\/strong> Maksimum <strong>10 i\u015f g\u00fcn\u00fc<\/strong> i\u00e7inde.<\/li>\r\n        <li><strong>Kap\u0131da \u00f6deme iadeleri:<\/strong> Tutar al\u0131\u015fveri\u015f kredisi olarak tan\u0131mlan\u0131r. Kap\u0131da \u00f6demede sadece <strong>de\u011fi\u015fim<\/strong> yap\u0131labilir.<\/li>\r\n    <\/ul>\r\n\r\n    <h2>Kargo takibini nas\u0131l yapabilirim?<\/h2>\r\n    <p>Kargonuz yola \u00e7\u0131kt\u0131ktan sonra e-posta adresinize bir takip kodu g\u00f6nderilir. Bu kodla <a href=\"https:\/\/www.araskargo.com.tr\" target=\"_blank\">www.araskargo.com.tr<\/a> \u00fczerinden g\u00f6nderinizi takip edebilirsiniz.<\/p>\r\n\r\n    <h2>\u00dcr\u00fcn\u00fc iade etmek istersem ne yapmal\u0131y\u0131m?<\/h2>\r\n    <p>\u00dcr\u00fcn\u00fc teslim ald\u0131\u011f\u0131n\u0131z tarihten itibaren <strong>7 g\u00fcn i\u00e7inde<\/strong> iade talebinizi olu\u015fturabilirsiniz. \u00dcr\u00fcn:<\/p>\r\n    <ul>\r\n        <li>Kullan\u0131lmam\u0131\u015f,<\/li>\r\n        <li>Paketi hasars\u0131z,<\/li>\r\n        <li>Faturas\u0131 ve t\u00fcm aksesuarlar\u0131 ile birlikte,<\/li>\r\n        <li>\u0130ade edilemeyen \u00fcr\u00fcnler kapsam\u0131nda de\u011filse,<\/li>\r\n    <\/ul>\r\n    <p>PTT dahil t\u00fcm kargo firmalar\u0131yla \u00fcr\u00fcn iadesi yapabilirsiniz.<\/p>\r\n    <p><strong>\u0130ade i\u015fleminin ge\u00e7erli olmas\u0131 i\u00e7in:<\/strong> Faturan\u0131z\u0131n alt\u0131ndaki iade b\u00f6l\u00fcm\u00fcn\u00fc eksiksiz doldurarak \u00fcr\u00fcn\u00fc g\u00f6nderiniz.<\/p>\r\n    <p><strong>\u0130ade adresi:<\/strong> Faturan\u0131zda belirtilen g\u00f6nderici adresidir. Depolar farkl\u0131 olabilece\u011finden sadece bu adres ge\u00e7erlidir.<\/p>\r\n<\/div>\r\n\r\n<\/body>\r\n<\/html>\r\n\t\t\t\t<\/div>\n\t\t\t\t<\/div>\n\t\t\t\t\t<\/div>\n\t\t\t\t<\/div>\n\t\t<div class=\"elementor-element elementor-element-c15725f e-flex e-con-boxed e-con e-parent\" data-id=\"c15725f\" data-element_type=\"container\">\n\t\t\t\t\t<div class=\"e-con-inner\">\n\t\t<div class=\"elementor-element elementor-element-74a0c6d e-con-full e-flex e-con e-child\" data-id=\"74a0c6d\" data-element_type=\"container\">\n\t\t\t\t<div class=\"elementor-element elementor-element-2ddc9f3 elementor-widget elementor-widget-image\" data-id=\"2ddc9f3\" data-element_type=\"widget\" data-widget_type=\"image.default\">\n\t\t\t\t<div class=\"elementor-widget-container\">\n\t\t\t\t\t\t\t\t\t\t\t\t\t\t\t<img decoding=\"async\" src=\"https:\/\/samiraparfumeri.com\/wp-content\/uploads\/elementor\/thumbs\/logo-2-r774qzw71167ca9ls8r83zjfjmuue51mq4j8onqp3o.png\" title=\"logo\" alt=\"logo\" loading=\"lazy\" \/>\t\t\t\t\t\t\t\t\t\t\t\t\t\t\t<\/div>\n\t\t\t\t<\/div>\n\t\t\t\t<\/div>\n\t\t\t\t\t<\/div>\n\t\t\t\t<\/div>\n\t\t\t\t<\/div>\n\t\t","protected":false},"excerpt":{"rendered":"<p>S\u0131k\u00e7a Sorulan Sorular (SSS) S\u0131k\u00e7a Sorulan Sorular | Samira Parfumeri S\u0131k\u00e7a Sorulan Sorular Sipari\u015fim bana ne zaman ula\u015f\u0131r? Hafta i\u00e7i saat 16:00&#8217;dan \u00f6nce verilen sipari\u015fler ayn\u0131 g\u00fcn kargoya verilir. Teslimat s\u00fcresi, bulundu\u011funuz \u015fehre g\u00f6re 1-2 i\u015f g\u00fcn\u00fc s\u00fcrmektedir. Kampanyal\u0131 \u00fcr\u00fcnler, kampanya bitiminden sonra 7 i\u015f g\u00fcn\u00fc i\u00e7inde kargoya verilir. Cumartesi ve Pazar g\u00fcnleri kargo \u00e7\u0131k\u0131\u015f\u0131&#8230;<\/p>\n","protected":false},"author":1,"featured_media":0,"parent":0,"menu_order":0,"comment_status":"closed","ping_status":"closed","template":"","meta":{"_kad_post_transparent":"","_kad_post_title":"hide","_kad_post_layout":"fullwidth","_kad_post_sidebar_id":"","_kad_post_content_style":"unboxed","_kad_post_vertical_padding":"hide","_kad_post_feature":"hide","_kad_post_feature_position":"","_kad_post_header":false,"_kad_post_footer":false,"footnotes":""},"class_list":["post-200","page","type-page","status-publish","hentry"],"_links":{"self":[{"href":"https:\/\/samiraparfumeri.com\/index.php?rest_route=\/wp\/v2\/pages\/200","targetHints":{"allow":["GET"]}}],"collection":[{"href":"https:\/\/samiraparfumeri.com\/index.php?rest_route=\/wp\/v2\/pages"}],"about":[{"href":"https:\/\/samiraparfumeri.com\/index.php?rest_route=\/wp\/v2\/types\/page"}],"author":[{"embeddable":true,"href":"https:\/\/samiraparfumeri.com\/index.php?rest_route=\/wp\/v2\/users\/1"}],"replies":[{"embeddable":true,"href":"https:\/\/samiraparfumeri.com\/index.php?rest_route=%2Fwp%2Fv2%2Fcomments&post=200"}],"version-history":[{"count":4,"href":"https:\/\/samiraparfumeri.com\/index.php?rest_route=\/wp\/v2\/pages\/200\/revisions"}],"predecessor-version":[{"id":204,"href":"https:\/\/samiraparfumeri.com\/index.php?rest_route=\/wp\/v2\/pages\/200\/revisions\/204"}],"wp:attachment":[{"href":"https:\/\/samiraparfumeri.com\/index.php?rest_route=%2Fwp%2Fv2%2Fmedia&parent=200"}],"curies":[{"name":"wp","href":"https:\/\/api.w.org\/{rel}","templated":true}]}}