{"id":280,"date":"2025-06-13T09:43:42","date_gmt":"2025-06-13T06:43:42","guid":{"rendered":"https:\/\/samiraparfumeri.com\/?post_type=product&#038;p=280"},"modified":"2025-06-20T13:37:58","modified_gmt":"2025-06-20T10:37:58","slug":"jean-paul-gaultier-le-male-edt-125-ml","status":"publish","type":"product","link":"https:\/\/samiraparfumeri.com\/?product=jean-paul-gaultier-le-male-edt-125-ml","title":{"rendered":"Jean Paul Gaultier Le Male EDT 125 ML"},"content":{"rendered":"<p><b>JEAN PAUL GAULTIER&#8217;\u0130N EFSANEV\u0130 DEN\u0130ZC\u0130S\u0130<\/b><\/p>\n<p>\u0130\u015fte geliyor! Jean Paul Gaultier&#8217;in ilk erkek kokusuna g\u00f6z at\u0131n! \u0130konik denizci karaya ad\u0131m\u0131n\u0131 att\u0131. Bir denizci, g\u00f6\u011f\u00fcs \u00f6ne do\u011fru ve s\u0131k\u0131 kaslar. \u0130konik metal kutusundan g\u00fcvertesinde ve bu maceraya haz\u0131r. Gurur verici ve g\u00fc\u00e7l\u00fc duru\u015flu bu \u015fi\u015fe ve tam bir seksi denizcisi Le Male simgesi. Ak\u0131nt\u0131n\u0131n y\u00f6n\u00fc ne olursa olsun, duyular\u0131 alt \u00fcst ediyor. Kar\u015f\u0131 konulamaz derecede seksi ve \u00f6zg\u00fcr. Kalbi olanlar i\u00e7in f\u0131rt\u0131na uyar\u0131s\u0131! Bu e\u011frelti otu ve amber rengi eau de Toilette&#8217;in mavi derinliklerine dalmaya cesaret edenler, \u00e7ok ge\u00e7meden lavanta ve vanilya dalgalar\u0131na kap\u0131l\u0131p s\u00fcr\u00fcklenecekler. En sonda taze nane patlamas\u0131yla, tam gaz ileri!<\/p>\n<p><b>E\u011freltiotu ve Kehribar\u0131n Erkeksi Bir Maceras\u0131<\/b><br \/>\n\u0130z b\u0131rakan taze nane. D\u00fcmende lavanta ve \u015fehvetli vanilya. Mavi okyanus g\u00f6ky\u00fcz\u00fcn\u00fcn alt\u0131nda, bu e\u011frelti otu ve amber renkli Eau de Toilette bizi Jean Paul Gaultier&#8217;in \u00e7ocuklu\u011funa ve onun t\u0131ra\u015f sabunu ile ilgili g\u00fczel an\u0131lar\u0131na bir yolculu\u011fa \u00e7\u0131kar\u0131yor. G\u00fcne\u015f ve alize r\u00fczgarlar\u0131yla, erkeklik ve g\u00fcven aras\u0131nda kalplerimiz alabora oluyor. Ve v\u00fccutlar\u0131m\u0131z bu kar\u015f\u0131 konulmaz denizcinin boynuna do\u011fru \u00e7ekiliyor. Kokusunu hissebilirsiniz\u2026<\/p>\n<p><b>A\u00c7IK DEN\u0130Z \u0130\u00c7\u0130N YAPILMI\u015e B\u0130R V\u00dcCUT<\/b><br \/>\nBu efsanevi denizci, bi\u00e7imli kaslar\u0131 ve r\u00fczgara d\u00f6n\u00fck g\u00f6vdesiyle y\u00f6n duygumuzu kaybetmemize neden oluyor. Macera m\u0131 ar\u0131yorsunuz? Ba\u015fka yere bakmay\u0131n! D\u00fcmendeki \u00f6zg\u00fcrl\u00fc\u011f\u00fc ve ufuk mavisi \u015fi\u015fesiyle bu kar\u015f\u0131 konulmaz ba\u015ftan \u00e7\u0131kar\u0131c\u0131, gitti\u011fi her yerde kalpleri titretiyor. Efsanevi Jean Paul Gaultier denizci \u00fcst\u00fcn\u00fcn i\u00e7inde \u015fehvetli ve atletik.<\/p>\n","protected":false},"excerpt":{"rendered":"<p>JEAN PAUL GAULTIER&#8217;\u0130N EFSANEV\u0130 DEN\u0130ZC\u0130S\u0130 \u0130\u015fte geliyor! Jean Paul Gaultier&#8217;in ilk erkek kokusuna g\u00f6z at\u0131n! \u0130konik denizci karaya ad\u0131m\u0131n\u0131 att\u0131. Bir denizci, g\u00f6\u011f\u00fcs \u00f6ne do\u011fru ve s\u0131k\u0131 kaslar. \u0130konik metal kutusundan g\u00fcvertesinde ve bu maceraya haz\u0131r. Gurur verici ve g\u00fc\u00e7l\u00fc duru\u015flu bu \u015fi\u015fe ve tam bir seksi denizcisi Le Male simgesi. Ak\u0131nt\u0131n\u0131n y\u00f6n\u00fc ne olursa&#8230;<\/p>\n","protected":false},"featured_media":281,"comment_status":"open","ping_status":"closed","template":"","meta":{"_kad_post_transparent":"default","_kad_post_title":"","_kad_post_layout":"default","_kad_post_sidebar_id":"","_kad_post_content_style":"default","_kad_post_vertical_padding":"default","_kad_post_feature":"","_kad_post_feature_position":"","_kad_post_header":false,"_kad_post_footer":false},"product_brand":[],"product_cat":[21],"product_tag":[26,30,27,28],"class_list":{"0":"post-280","1":"product","2":"type-product","3":"status-publish","4":"has-post-thumbnail","6":"product_cat-erkek","7":"product_tag-erkek-parfum","8":"product_tag-jean-paul-gaultier","9":"product_tag-luks-koku","10":"product_tag-orijinal-urun","12":"first","13":"instock","14":"sale","15":"taxable","16":"shipping-taxable","17":"purchasable","18":"product-type-simple","19":"entry","20":"content-bg","21":"loop-entry"},"_links":{"self":[{"href":"https:\/\/samiraparfumeri.com\/index.php?rest_route=\/wp\/v2\/product\/280","targetHints":{"allow":["GET"]}}],"collection":[{"href":"https:\/\/samiraparfumeri.com\/index.php?rest_route=\/wp\/v2\/product"}],"about":[{"href":"https:\/\/samiraparfumeri.com\/index.php?rest_route=\/wp\/v2\/types\/product"}],"replies":[{"embeddable":true,"href":"https:\/\/samiraparfumeri.com\/index.php?rest_route=%2Fwp%2Fv2%2Fcomments&post=280"}],"wp:featuredmedia":[{"embeddable":true,"href":"https:\/\/samiraparfumeri.com\/index.php?rest_route=\/wp\/v2\/media\/281"}],"wp:attachment":[{"href":"https:\/\/samiraparfumeri.com\/index.php?rest_route=%2Fwp%2Fv2%2Fmedia&parent=280"}],"wp:term":[{"taxonomy":"product_brand","embeddable":true,"href":"https:\/\/samiraparfumeri.com\/index.php?rest_route=%2Fwp%2Fv2%2Fproduct_brand&post=280"},{"taxonomy":"product_cat","embeddable":true,"href":"https:\/\/samiraparfumeri.com\/index.php?rest_route=%2Fwp%2Fv2%2Fproduct_cat&post=280"},{"taxonomy":"product_tag","embeddable":true,"href":"https:\/\/samiraparfumeri.com\/index.php?rest_route=%2Fwp%2Fv2%2Fproduct_tag&post=280"}],"curies":[{"name":"wp","href":"https:\/\/api.w.org\/{rel}","templated":true}]}}