{"id":284,"date":"2025-06-13T09:47:17","date_gmt":"2025-06-13T06:47:17","guid":{"rendered":"https:\/\/samiraparfumeri.com\/?post_type=product&#038;p=284"},"modified":"2025-06-20T13:38:08","modified_gmt":"2025-06-20T10:38:08","slug":"armani-emporio-stronger-with-you-edt-100-ml","status":"publish","type":"product","link":"https:\/\/samiraparfumeri.com\/?product=armani-emporio-stronger-with-you-edt-100-ml","title":{"rendered":"Armani Emporio Stronger With You EDT 100 ML"},"content":{"rendered":"<p><strong>Emporio Armani<\/strong>, Stronger With You, \u00fcst notalar\u0131nda kakule, pembe biber ve menek\u015fe yapraklar\u0131 kar\u0131\u015f\u0131m\u0131 ile baharatl\u0131 parf\u00fcmlerden ho\u015flanan erkekler i\u00e7in s\u0131cak, \u015fehvetli bir erkek parf\u00fcm\u00fcd\u00fcr. Stronger With You, gen\u00e7li\u011fin \u00e7arp\u0131c\u0131 ve kendine g\u00fcvenen zarafetinden ilham al\u0131narak yarat\u0131ld\u0131. Ada\u00e7ay\u0131 akorlar\u0131, isli vanilya esans\u0131 ve \u015feker kapl\u0131 kestane notalar\u0131 ile birle\u015ferek kar\u015f\u0131 konulmaz bir erkek kokusu ortaya \u00e7\u0131kard\u0131.<br \/>\nFeminen partneri In Love With You ile kusursuz bi uyumu temsil eden Stronger With You, sadakatten ve a\u015fk\u0131n yo\u011funlu\u011fundan ilham al\u0131yor. \u0130ki kokunun g\u00fc\u00e7l\u00fc bir sevginin sembol\u00fc olarak birbirini dengeleyen ve g\u00fc\u00e7lendiren bir birlikteli\u011fi var. \u015ei\u015fenin kapa\u011f\u0131n\u0131n tasar\u0131m\u0131, Giorgio Armani&#8217;nin sol elinin \u00fc\u00e7\u00fcnc\u00fc parma\u011f\u0131na takt\u0131\u011f\u0131 y\u00fcz\u00fcklerden ilham al\u0131narak yarat\u0131ld\u0131. Bir y\u00fcz\u00fck Giorgio&#8217;nun kendisi ve di\u011feri orta\u011f\u0131 Sergio Galeotti taraf\u0131ndan giyildi.<\/p>\n","protected":false},"excerpt":{"rendered":"<p>Emporio Armani, Stronger With You, \u00fcst notalar\u0131nda kakule, pembe biber ve menek\u015fe yapraklar\u0131 kar\u0131\u015f\u0131m\u0131 ile baharatl\u0131 parf\u00fcmlerden ho\u015flanan erkekler i\u00e7in s\u0131cak, \u015fehvetli bir erkek parf\u00fcm\u00fcd\u00fcr. Stronger With You, gen\u00e7li\u011fin \u00e7arp\u0131c\u0131 ve kendine g\u00fcvenen zarafetinden ilham al\u0131narak yarat\u0131ld\u0131. Ada\u00e7ay\u0131 akorlar\u0131, isli vanilya esans\u0131 ve \u015feker kapl\u0131 kestane notalar\u0131 ile birle\u015ferek kar\u015f\u0131 konulmaz bir erkek kokusu ortaya&#8230;<\/p>\n","protected":false},"featured_media":285,"comment_status":"open","ping_status":"closed","template":"","meta":{"_kad_post_transparent":"default","_kad_post_title":"","_kad_post_layout":"default","_kad_post_sidebar_id":"","_kad_post_content_style":"default","_kad_post_vertical_padding":"default","_kad_post_feature":"","_kad_post_feature_position":"","_kad_post_header":false,"_kad_post_footer":false},"product_brand":[],"product_cat":[21],"product_tag":[32,26,27,28],"class_list":{"0":"post-284","1":"product","2":"type-product","3":"status-publish","4":"has-post-thumbnail","6":"product_cat-erkek","7":"product_tag-armani","8":"product_tag-erkek-parfum","9":"product_tag-luks-koku","10":"product_tag-orijinal-urun","12":"first","13":"instock","14":"sale","15":"taxable","16":"shipping-taxable","17":"purchasable","18":"product-type-simple","19":"entry","20":"content-bg","21":"loop-entry"},"_links":{"self":[{"href":"https:\/\/samiraparfumeri.com\/index.php?rest_route=\/wp\/v2\/product\/284","targetHints":{"allow":["GET"]}}],"collection":[{"href":"https:\/\/samiraparfumeri.com\/index.php?rest_route=\/wp\/v2\/product"}],"about":[{"href":"https:\/\/samiraparfumeri.com\/index.php?rest_route=\/wp\/v2\/types\/product"}],"replies":[{"embeddable":true,"href":"https:\/\/samiraparfumeri.com\/index.php?rest_route=%2Fwp%2Fv2%2Fcomments&post=284"}],"wp:featuredmedia":[{"embeddable":true,"href":"https:\/\/samiraparfumeri.com\/index.php?rest_route=\/wp\/v2\/media\/285"}],"wp:attachment":[{"href":"https:\/\/samiraparfumeri.com\/index.php?rest_route=%2Fwp%2Fv2%2Fmedia&parent=284"}],"wp:term":[{"taxonomy":"product_brand","embeddable":true,"href":"https:\/\/samiraparfumeri.com\/index.php?rest_route=%2Fwp%2Fv2%2Fproduct_brand&post=284"},{"taxonomy":"product_cat","embeddable":true,"href":"https:\/\/samiraparfumeri.com\/index.php?rest_route=%2Fwp%2Fv2%2Fproduct_cat&post=284"},{"taxonomy":"product_tag","embeddable":true,"href":"https:\/\/samiraparfumeri.com\/index.php?rest_route=%2Fwp%2Fv2%2Fproduct_tag&post=284"}],"curies":[{"name":"wp","href":"https:\/\/api.w.org\/{rel}","templated":true}]}}