{"id":294,"date":"2025-06-13T09:58:11","date_gmt":"2025-06-13T06:58:11","guid":{"rendered":"https:\/\/samiraparfumeri.com\/?post_type=product&#038;p=294"},"modified":"2025-06-13T09:58:12","modified_gmt":"2025-06-13T06:58:12","slug":"jean-paul-gaultier-scandal-edt-100-ml","status":"publish","type":"product","link":"https:\/\/samiraparfumeri.com\/?product=jean-paul-gaultier-scandal-edt-100-ml","title":{"rendered":"Jean Paul Gaultier Scandal EDT 100 ML"},"content":{"rendered":"<p><b>KASLI B\u0130R ZARAFET<\/b>\u00a0Kasl\u0131 zarafet ve boks eldivenleriyle, Jean Paul Gaultier&#8217;in Scandal Pour Homme&#8217;u \u015fehvetli, enerji verici ve son derece ba\u011f\u0131ml\u0131l\u0131k yaratan erkeksi bir eau de toilette ile muhte\u015fem, sert vurucu bir giri\u015f yap\u0131yor. Duyular\u0131 alt \u00fcst eden ve zaferlerle ta\u00e7lanan bu ring kral\u0131, hayranlar\u0131n\u0131 bir patlama ile ba\u015ftan \u00e7\u0131kar\u0131yor ve ard\u0131ndan yeniden doldurulabilir bir \u015fi\u015fede yo\u011fun odunsu bir ambr\u00e9 kokusuyla z\u0131tl\u0131k olu\u015fturan bir erkeklik b\u0131rak\u0131yor. Odaklan\u0131n: \u00e7evre dostu ve atletik karizmas\u0131, onu k\u0131\u015fk\u0131rtan t\u00fcm rakiplerini alt ederek e\u011fleniyor. T\u00fcm Paris onun \u00f6n\u00fcnde titriyor ve daha fazlas\u0131n\u0131 istiyor: g\u00f6steri ba\u015flas\u0131n!\u00a0<b>ODUNSU KEHR\u0130BAR EAU DE TOILETTE&#8217;\u0130N ZIT BA\u011eIMLILI\u011eI<\/b>\u00a0Karamelin yeniden tan\u0131mland\u0131\u011f\u0131 Eau de toilette: bunu nas\u0131l yapmaya cesaret ediyor? Tonka fasulyesiyle bir uyum i\u00e7inde, bu al\u0131\u015f\u0131lmad\u0131k nota, duyular\u0131 \u015fa\u015f\u0131rtarak ba\u015ftan \u00e7\u0131karan abart\u0131l\u0131 bir Jean Paul Gaultier tarz\u0131nda misk ada\u00e7ay\u0131 ve vetiver ile harmanlan\u0131yor. Son derece ba\u011f\u0131ml\u0131l\u0131k yaratan ve \u015fehvetli mavi-gri suyu t\u00fcm zaferleri kendine \u00e7ekiyor. Bir skandala yol a\u00e7an sert vurucu bir koku.\u00a0<b>GER\u00c7EK B\u0130R KUPA \u015e\u0130\u015eES\u0130<\/b>\u00a0Skandal m\u0131? Bu \u015fampiyon, yeniden doldurulabilen \u015fi\u015fesinin tepesinde zafer kazanm\u0131\u015f, g\u00fcne\u015fte y\u0131kanm\u0131\u015f alt\u0131n tac\u0131n\u0131 takarak zaferle skandala yol a\u00e7\u0131yor. Geni\u015f omuzlu atlet, ringin kral\u0131\u0131n\u0131 tasvir eden \u015eeffaf \u015fi\u015fe. Ad\u0131n\u0131 ta\u015f\u0131yan alt\u0131n tabakla s\u00fcslenmi\u015f seksi boks\u00f6r.<\/p>\n","protected":false},"excerpt":{"rendered":"<p>KASLI B\u0130R ZARAFET\u00a0Kasl\u0131 zarafet ve boks eldivenleriyle, Jean Paul Gaultier&#8217;in Scandal Pour Homme&#8217;u \u015fehvetli, enerji verici ve son derece ba\u011f\u0131ml\u0131l\u0131k yaratan erkeksi bir eau de toilette ile muhte\u015fem, sert vurucu bir giri\u015f yap\u0131yor. Duyular\u0131 alt \u00fcst eden ve zaferlerle ta\u00e7lanan bu ring kral\u0131, hayranlar\u0131n\u0131 bir patlama ile ba\u015ftan \u00e7\u0131kar\u0131yor ve ard\u0131ndan yeniden doldurulabilir bir \u015fi\u015fede&#8230;<\/p>\n","protected":false},"featured_media":295,"comment_status":"open","ping_status":"closed","template":"","meta":{"_kad_post_transparent":"default","_kad_post_title":"","_kad_post_layout":"default","_kad_post_sidebar_id":"","_kad_post_content_style":"default","_kad_post_vertical_padding":"default","_kad_post_feature":"","_kad_post_feature_position":"","_kad_post_header":false,"_kad_post_footer":false},"product_brand":[29],"product_cat":[21],"product_tag":[26,30,27,28],"class_list":{"0":"post-294","1":"product","2":"type-product","3":"status-publish","4":"has-post-thumbnail","6":"product_brand-jean-paul-gaultier","7":"product_cat-erkek","8":"product_tag-erkek-parfum","9":"product_tag-jean-paul-gaultier","10":"product_tag-luks-koku","11":"product_tag-orijinal-urun","13":"first","14":"instock","15":"sale","16":"taxable","17":"shipping-taxable","18":"purchasable","19":"product-type-simple","20":"entry","21":"content-bg","22":"loop-entry"},"_links":{"self":[{"href":"https:\/\/samiraparfumeri.com\/index.php?rest_route=\/wp\/v2\/product\/294","targetHints":{"allow":["GET"]}}],"collection":[{"href":"https:\/\/samiraparfumeri.com\/index.php?rest_route=\/wp\/v2\/product"}],"about":[{"href":"https:\/\/samiraparfumeri.com\/index.php?rest_route=\/wp\/v2\/types\/product"}],"replies":[{"embeddable":true,"href":"https:\/\/samiraparfumeri.com\/index.php?rest_route=%2Fwp%2Fv2%2Fcomments&post=294"}],"wp:featuredmedia":[{"embeddable":true,"href":"https:\/\/samiraparfumeri.com\/index.php?rest_route=\/wp\/v2\/media\/295"}],"wp:attachment":[{"href":"https:\/\/samiraparfumeri.com\/index.php?rest_route=%2Fwp%2Fv2%2Fmedia&parent=294"}],"wp:term":[{"taxonomy":"product_brand","embeddable":true,"href":"https:\/\/samiraparfumeri.com\/index.php?rest_route=%2Fwp%2Fv2%2Fproduct_brand&post=294"},{"taxonomy":"product_cat","embeddable":true,"href":"https:\/\/samiraparfumeri.com\/index.php?rest_route=%2Fwp%2Fv2%2Fproduct_cat&post=294"},{"taxonomy":"product_tag","embeddable":true,"href":"https:\/\/samiraparfumeri.com\/index.php?rest_route=%2Fwp%2Fv2%2Fproduct_tag&post=294"}],"curies":[{"name":"wp","href":"https:\/\/api.w.org\/{rel}","templated":true}]}}