{"id":303,"date":"2025-06-13T10:17:32","date_gmt":"2025-06-13T07:17:32","guid":{"rendered":"https:\/\/samiraparfumeri.com\/?post_type=product&#038;p=303"},"modified":"2025-06-13T10:17:32","modified_gmt":"2025-06-13T07:17:32","slug":"tom-ford-ombre-leather-edp-100ml","status":"publish","type":"product","link":"https:\/\/samiraparfumeri.com\/?product=tom-ford-ombre-leather-edp-100ml","title":{"rendered":"Tom Ford Ombre Leather EDP 100ML"},"content":{"rendered":"<p>G\u00fcneybati b\u00f6lgeleri\u0307nden gelen bi\u0307r koku yolculu\u011funda si\u0307zleri\u0307 batinin kalbi\u0307ndeki\u0307 \u00e7\u00f6llere ta\u015fiyor. yolculuk ba\u015flarken baharatli kakule ve safran, \u00e7i\u0307\u00e7e\u011fi\u0307n \u00e7\u00f6l tonlarini<\/p>\n","protected":false},"excerpt":{"rendered":"<p>G\u00fcneybati b\u00f6lgeleri\u0307nden gelen bi\u0307r koku yolculu\u011funda si\u0307zleri\u0307 batinin kalbi\u0307ndeki\u0307 \u00e7\u00f6llere ta\u015fiyor. yolculuk ba\u015flarken baharatli kakule ve safran, \u00e7i\u0307\u00e7e\u011fi\u0307n \u00e7\u00f6l tonlarini<\/p>\n","protected":false},"featured_media":304,"comment_status":"open","ping_status":"closed","template":"","meta":{"_kad_post_transparent":"default","_kad_post_title":"","_kad_post_layout":"default","_kad_post_sidebar_id":"","_kad_post_content_style":"default","_kad_post_vertical_padding":"default","_kad_post_feature":"","_kad_post_feature_position":"","_kad_post_header":false,"_kad_post_footer":false},"product_brand":[37],"product_cat":[21],"product_tag":[38],"class_list":{"0":"post-303","1":"product","2":"type-product","3":"status-publish","4":"has-post-thumbnail","6":"product_brand-tom-ford","7":"product_cat-erkek","8":"product_tag-tom-ford","10":"first","11":"instock","12":"sale","13":"taxable","14":"shipping-taxable","15":"purchasable","16":"product-type-simple","17":"entry","18":"content-bg","19":"loop-entry"},"_links":{"self":[{"href":"https:\/\/samiraparfumeri.com\/index.php?rest_route=\/wp\/v2\/product\/303","targetHints":{"allow":["GET"]}}],"collection":[{"href":"https:\/\/samiraparfumeri.com\/index.php?rest_route=\/wp\/v2\/product"}],"about":[{"href":"https:\/\/samiraparfumeri.com\/index.php?rest_route=\/wp\/v2\/types\/product"}],"replies":[{"embeddable":true,"href":"https:\/\/samiraparfumeri.com\/index.php?rest_route=%2Fwp%2Fv2%2Fcomments&post=303"}],"wp:featuredmedia":[{"embeddable":true,"href":"https:\/\/samiraparfumeri.com\/index.php?rest_route=\/wp\/v2\/media\/304"}],"wp:attachment":[{"href":"https:\/\/samiraparfumeri.com\/index.php?rest_route=%2Fwp%2Fv2%2Fmedia&parent=303"}],"wp:term":[{"taxonomy":"product_brand","embeddable":true,"href":"https:\/\/samiraparfumeri.com\/index.php?rest_route=%2Fwp%2Fv2%2Fproduct_brand&post=303"},{"taxonomy":"product_cat","embeddable":true,"href":"https:\/\/samiraparfumeri.com\/index.php?rest_route=%2Fwp%2Fv2%2Fproduct_cat&post=303"},{"taxonomy":"product_tag","embeddable":true,"href":"https:\/\/samiraparfumeri.com\/index.php?rest_route=%2Fwp%2Fv2%2Fproduct_tag&post=303"}],"curies":[{"name":"wp","href":"https:\/\/api.w.org\/{rel}","templated":true}]}}