{"id":324,"date":"2025-06-13T10:39:53","date_gmt":"2025-06-13T07:39:53","guid":{"rendered":"https:\/\/samiraparfumeri.com\/?post_type=product&#038;p=324"},"modified":"2025-06-13T10:39:53","modified_gmt":"2025-06-13T07:39:53","slug":"hermes-terre-d-hermes-edt-100-ml","status":"publish","type":"product","link":"https:\/\/samiraparfumeri.com\/?product=hermes-terre-d-hermes-edt-100-ml","title":{"rendered":"Hermes Terre D Hermes EDT 100 ML"},"content":{"rendered":"<p>Narenciye ve biberin canl\u0131l\u0131\u011f\u0131, \u00e7akmakta\u015f\u0131 notas\u0131 ile birle\u015fti\u011finde, topra\u011f\u0131n damgas\u0131n\u0131 vuruyor.<\/p>\n<p>Terre d&#8217; Herm\u00e8s, insan\u0131n toprakla ili\u015fkisini, do\u011fa ve elementlerle olan m\u00fctevazi ve uyumlu diyalogunu anlat\u0131yor. Terre d\u00a0Herm\u00e8s, insan\u0131 k\u00f6kenlerine, yarat\u0131c\u0131 g\u00fcc\u00fcn\u00fcn kaynaklar\u0131na ba\u011flayan parf\u00fcmd\u00fcr.<\/p>\n<div>\n<p><strong>Reffilable :\u00a0<\/strong>Sevdi\u011finiz form\u00fcller, gezegene sayg\u0131l\u0131 yeniden doldurulabilir ambalajlarla <strong>SAM\u0130RA PARF\u00dcMER\u0130<\/strong>&#8216;DE<\/p>\n<\/div>\n","protected":false},"excerpt":{"rendered":"<p>Narenciye ve biberin canl\u0131l\u0131\u011f\u0131, \u00e7akmakta\u015f\u0131 notas\u0131 ile birle\u015fti\u011finde, topra\u011f\u0131n damgas\u0131n\u0131 vuruyor. Terre d&#8217; Herm\u00e8s, insan\u0131n toprakla ili\u015fkisini, do\u011fa ve elementlerle olan m\u00fctevazi ve uyumlu diyalogunu anlat\u0131yor. Terre d\u00a0Herm\u00e8s, insan\u0131 k\u00f6kenlerine, yarat\u0131c\u0131 g\u00fcc\u00fcn\u00fcn kaynaklar\u0131na ba\u011flayan parf\u00fcmd\u00fcr. Reffilable :\u00a0Sevdi\u011finiz form\u00fcller, gezegene sayg\u0131l\u0131 yeniden doldurulabilir ambalajlarla SAM\u0130RA PARF\u00dcMER\u0130&#8216;DE<\/p>\n","protected":false},"featured_media":325,"comment_status":"open","ping_status":"closed","template":"","meta":{"_kad_post_transparent":"default","_kad_post_title":"","_kad_post_layout":"default","_kad_post_sidebar_id":"","_kad_post_content_style":"default","_kad_post_vertical_padding":"default","_kad_post_feature":"","_kad_post_feature_position":"","_kad_post_header":false,"_kad_post_footer":false},"product_brand":[43],"product_cat":[21],"product_tag":[26,44,27,28],"class_list":{"0":"post-324","1":"product","2":"type-product","3":"status-publish","4":"has-post-thumbnail","6":"product_brand-hermes","7":"product_cat-erkek","8":"product_tag-erkek-parfum","9":"product_tag-hermes","10":"product_tag-luks-koku","11":"product_tag-orijinal-urun","13":"first","14":"instock","15":"sale","16":"taxable","17":"shipping-taxable","18":"purchasable","19":"product-type-simple","20":"entry","21":"content-bg","22":"loop-entry"},"_links":{"self":[{"href":"https:\/\/samiraparfumeri.com\/index.php?rest_route=\/wp\/v2\/product\/324","targetHints":{"allow":["GET"]}}],"collection":[{"href":"https:\/\/samiraparfumeri.com\/index.php?rest_route=\/wp\/v2\/product"}],"about":[{"href":"https:\/\/samiraparfumeri.com\/index.php?rest_route=\/wp\/v2\/types\/product"}],"replies":[{"embeddable":true,"href":"https:\/\/samiraparfumeri.com\/index.php?rest_route=%2Fwp%2Fv2%2Fcomments&post=324"}],"wp:featuredmedia":[{"embeddable":true,"href":"https:\/\/samiraparfumeri.com\/index.php?rest_route=\/wp\/v2\/media\/325"}],"wp:attachment":[{"href":"https:\/\/samiraparfumeri.com\/index.php?rest_route=%2Fwp%2Fv2%2Fmedia&parent=324"}],"wp:term":[{"taxonomy":"product_brand","embeddable":true,"href":"https:\/\/samiraparfumeri.com\/index.php?rest_route=%2Fwp%2Fv2%2Fproduct_brand&post=324"},{"taxonomy":"product_cat","embeddable":true,"href":"https:\/\/samiraparfumeri.com\/index.php?rest_route=%2Fwp%2Fv2%2Fproduct_cat&post=324"},{"taxonomy":"product_tag","embeddable":true,"href":"https:\/\/samiraparfumeri.com\/index.php?rest_route=%2Fwp%2Fv2%2Fproduct_tag&post=324"}],"curies":[{"name":"wp","href":"https:\/\/api.w.org\/{rel}","templated":true}]}}