{"id":327,"date":"2025-06-13T10:43:13","date_gmt":"2025-06-13T07:43:13","guid":{"rendered":"https:\/\/samiraparfumeri.com\/?post_type=product&#038;p=327"},"modified":"2025-06-13T10:43:13","modified_gmt":"2025-06-13T07:43:13","slug":"creed-aventus-100-ml-edp","status":"publish","type":"product","link":"https:\/\/samiraparfumeri.com\/?product=creed-aventus-100-ml-edp","title":{"rendered":"Creed Aventus 100 ML EDP"},"content":{"rendered":"<div class=\"m-productDescription__infoTitle\">\u00dcr\u00fcn \u00d6zellikleri<\/div>\n<div class=\"m-productDescription__infoDesc\">Aventus; c\u00fcretkar, zengin ve ikonik bir parf\u00fcm arayanlara \u00f6zel bir kokudur<br \/>\nG\u00fcc\u00fcn\u00fc, ba\u015far\u0131s\u0131n\u0131 ve vizyonunu \u0130mparator Napolyon&#8217;un ya\u015fad\u0131\u011f\u0131 sava\u015f, huzur ve romantizmden alm\u0131\u015ft\u0131r<br \/>\nAventus \u015fi\u015fesi ise; at ve binicinin g\u00fcm\u00fc\u015f amblemi ile s\u00fcslenmi\u015fir<br \/>\nBu simge, kokuyu kullanan ki\u015finin s\u0131n\u0131rs\u0131z ve macerac\u0131 bir ruhu oldu\u011funu \u00e7a\u011fr\u0131\u015ft\u0131r\u0131yor<br \/>\n\u00dcst Nota: Siyah Frenk u\u0308zu\u0308m\u00fc\u0308 yapra\u011f\u0131, I\u0307talyan bergamotu, Frans\u0131z elmalar\u0131 ve Kraliyet ananas\u0131<br \/>\nOrta Nota: Hus\u0327 ag\u0306ac\u0131, Fas yasemini ve pac\u0327uli<br \/>\nAlt Nota: Misk, mes\u0327e yosunu, esmer amber, vanilya<br \/>\nKoku Ailesi: Meyve, fresh<\/div>\n","protected":false},"excerpt":{"rendered":"<p>\u00dcr\u00fcn \u00d6zellikleri Aventus; c\u00fcretkar, zengin ve ikonik bir parf\u00fcm arayanlara \u00f6zel bir kokudur G\u00fcc\u00fcn\u00fc, ba\u015far\u0131s\u0131n\u0131 ve vizyonunu \u0130mparator Napolyon&#8217;un ya\u015fad\u0131\u011f\u0131 sava\u015f, huzur ve romantizmden alm\u0131\u015ft\u0131r Aventus \u015fi\u015fesi ise; at ve binicinin g\u00fcm\u00fc\u015f amblemi ile s\u00fcslenmi\u015fir Bu simge, kokuyu kullanan ki\u015finin s\u0131n\u0131rs\u0131z ve macerac\u0131 bir ruhu oldu\u011funu \u00e7a\u011fr\u0131\u015ft\u0131r\u0131yor \u00dcst Nota: Siyah Frenk u\u0308zu\u0308m\u00fc\u0308 yapra\u011f\u0131, I\u0307talyan bergamotu,&#8230;<\/p>\n","protected":false},"featured_media":328,"comment_status":"open","ping_status":"closed","template":"","meta":{"_kad_post_transparent":"default","_kad_post_title":"","_kad_post_layout":"default","_kad_post_sidebar_id":"","_kad_post_content_style":"default","_kad_post_vertical_padding":"default","_kad_post_feature":"","_kad_post_feature_position":"","_kad_post_header":false,"_kad_post_footer":false},"product_brand":[45],"product_cat":[21],"product_tag":[46,26,27,28],"class_list":{"0":"post-327","1":"product","2":"type-product","3":"status-publish","4":"has-post-thumbnail","6":"product_brand-creed","7":"product_cat-erkek","8":"product_tag-creed","9":"product_tag-erkek-parfum","10":"product_tag-luks-koku","11":"product_tag-orijinal-urun","13":"first","14":"instock","15":"sale","16":"taxable","17":"shipping-taxable","18":"purchasable","19":"product-type-simple","20":"entry","21":"content-bg","22":"loop-entry"},"_links":{"self":[{"href":"https:\/\/samiraparfumeri.com\/index.php?rest_route=\/wp\/v2\/product\/327","targetHints":{"allow":["GET"]}}],"collection":[{"href":"https:\/\/samiraparfumeri.com\/index.php?rest_route=\/wp\/v2\/product"}],"about":[{"href":"https:\/\/samiraparfumeri.com\/index.php?rest_route=\/wp\/v2\/types\/product"}],"replies":[{"embeddable":true,"href":"https:\/\/samiraparfumeri.com\/index.php?rest_route=%2Fwp%2Fv2%2Fcomments&post=327"}],"wp:featuredmedia":[{"embeddable":true,"href":"https:\/\/samiraparfumeri.com\/index.php?rest_route=\/wp\/v2\/media\/328"}],"wp:attachment":[{"href":"https:\/\/samiraparfumeri.com\/index.php?rest_route=%2Fwp%2Fv2%2Fmedia&parent=327"}],"wp:term":[{"taxonomy":"product_brand","embeddable":true,"href":"https:\/\/samiraparfumeri.com\/index.php?rest_route=%2Fwp%2Fv2%2Fproduct_brand&post=327"},{"taxonomy":"product_cat","embeddable":true,"href":"https:\/\/samiraparfumeri.com\/index.php?rest_route=%2Fwp%2Fv2%2Fproduct_cat&post=327"},{"taxonomy":"product_tag","embeddable":true,"href":"https:\/\/samiraparfumeri.com\/index.php?rest_route=%2Fwp%2Fv2%2Fproduct_tag&post=327"}],"curies":[{"name":"wp","href":"https:\/\/api.w.org\/{rel}","templated":true}]}}