{"id":333,"date":"2025-06-13T10:52:18","date_gmt":"2025-06-13T07:52:18","guid":{"rendered":"https:\/\/samiraparfumeri.com\/?post_type=product&#038;p=333"},"modified":"2025-06-13T10:52:18","modified_gmt":"2025-06-13T07:52:18","slug":"paco-rabanne-one-million-edp-100-ml","status":"publish","type":"product","link":"https:\/\/samiraparfumeri.com\/?product=paco-rabanne-one-million-edp-100-ml","title":{"rendered":"Paco Rabanne One Million EDP 100 ML"},"content":{"rendered":"<div><strong>1 Million Parf\u00fcm, Paco Rabanne erkek parf\u00fcm\u00fc.<\/strong><\/div>\n<div><\/div>\n<div>Milyonlar Aras\u0131nda Nas\u0131l 1 M\u0130LYON Olunur?<\/div>\n<div>Tarz konusunda a\u015f\u0131r\u0131 olun. Birazc\u0131k abart\u0131n. Her zaman k\u00fcstah ol: \u00e7ok fazla olma c\u00fcretinde bulun. 1 Million Parf\u00fcm. Ciltte tuzlu, s\u0131cak etkilere sahip bir solar deri kokusu. Alt\u0131n ba\u011f\u0131ml\u0131s\u0131 bir k\u00fcl\u00e7e g\u00f6r\u00fcn\u00fcm\u00fc. Erkekler i\u00e7in g\u00fc\u00e7l\u00fc bir koku. Kasten g\u00f6steri\u015fli.<\/div>\n<div><\/div>\n<div>Tuzlu etkilere sahip g\u00fcne\u015f derinin zenginli\u011fi. A\u015f\u0131r\u0131 g\u00f6steri\u015fli bir k\u00fcl\u00e7enin k\u00fcstahl\u0131\u011f\u0131. 1 Million parf\u00fcm. Fazla c\u00fcret etmek.<\/div>\n<div><\/div>\n<div>1 MILLION Parfum, \u015fimdi Sephora&#8217;da ke\u015ffedilecek yeni Paco Rabanne parf\u00fcm\u00fc.<\/div>\n","protected":false},"excerpt":{"rendered":"<p>1 Million Parf\u00fcm, Paco Rabanne erkek parf\u00fcm\u00fc. Milyonlar Aras\u0131nda Nas\u0131l 1 M\u0130LYON Olunur? Tarz konusunda a\u015f\u0131r\u0131 olun. Birazc\u0131k abart\u0131n. Her zaman k\u00fcstah ol: \u00e7ok fazla olma c\u00fcretinde bulun. 1 Million Parf\u00fcm. Ciltte tuzlu, s\u0131cak etkilere sahip bir solar deri kokusu. Alt\u0131n ba\u011f\u0131ml\u0131s\u0131 bir k\u00fcl\u00e7e g\u00f6r\u00fcn\u00fcm\u00fc. Erkekler i\u00e7in g\u00fc\u00e7l\u00fc bir koku. Kasten g\u00f6steri\u015fli. Tuzlu etkilere sahip&#8230;<\/p>\n","protected":false},"featured_media":334,"comment_status":"open","ping_status":"closed","template":"","meta":{"_kad_post_transparent":"default","_kad_post_title":"","_kad_post_layout":"default","_kad_post_sidebar_id":"","_kad_post_content_style":"default","_kad_post_vertical_padding":"default","_kad_post_feature":"","_kad_post_feature_position":"","_kad_post_header":false,"_kad_post_footer":false},"product_brand":[39],"product_cat":[21],"product_tag":[26,27,28,40],"class_list":{"0":"post-333","1":"product","2":"type-product","3":"status-publish","4":"has-post-thumbnail","6":"product_brand-paco-rabanne","7":"product_cat-erkek","8":"product_tag-erkek-parfum","9":"product_tag-luks-koku","10":"product_tag-orijinal-urun","11":"product_tag-paco-rabanne","13":"first","14":"instock","15":"sale","16":"taxable","17":"shipping-taxable","18":"purchasable","19":"product-type-simple","20":"entry","21":"content-bg","22":"loop-entry"},"_links":{"self":[{"href":"https:\/\/samiraparfumeri.com\/index.php?rest_route=\/wp\/v2\/product\/333","targetHints":{"allow":["GET"]}}],"collection":[{"href":"https:\/\/samiraparfumeri.com\/index.php?rest_route=\/wp\/v2\/product"}],"about":[{"href":"https:\/\/samiraparfumeri.com\/index.php?rest_route=\/wp\/v2\/types\/product"}],"replies":[{"embeddable":true,"href":"https:\/\/samiraparfumeri.com\/index.php?rest_route=%2Fwp%2Fv2%2Fcomments&post=333"}],"wp:featuredmedia":[{"embeddable":true,"href":"https:\/\/samiraparfumeri.com\/index.php?rest_route=\/wp\/v2\/media\/334"}],"wp:attachment":[{"href":"https:\/\/samiraparfumeri.com\/index.php?rest_route=%2Fwp%2Fv2%2Fmedia&parent=333"}],"wp:term":[{"taxonomy":"product_brand","embeddable":true,"href":"https:\/\/samiraparfumeri.com\/index.php?rest_route=%2Fwp%2Fv2%2Fproduct_brand&post=333"},{"taxonomy":"product_cat","embeddable":true,"href":"https:\/\/samiraparfumeri.com\/index.php?rest_route=%2Fwp%2Fv2%2Fproduct_cat&post=333"},{"taxonomy":"product_tag","embeddable":true,"href":"https:\/\/samiraparfumeri.com\/index.php?rest_route=%2Fwp%2Fv2%2Fproduct_tag&post=333"}],"curies":[{"name":"wp","href":"https:\/\/api.w.org\/{rel}","templated":true}]}}