{"id":340,"date":"2025-06-13T10:59:00","date_gmt":"2025-06-13T07:59:00","guid":{"rendered":"https:\/\/samiraparfumeri.com\/?post_type=product&#038;p=340"},"modified":"2025-06-13T10:59:00","modified_gmt":"2025-06-13T07:59:00","slug":"burberry-classic-edp-100-ml","status":"publish","type":"product","link":"https:\/\/samiraparfumeri.com\/?product=burberry-classic-edp-100-ml","title":{"rendered":"Burberry Classic EDP 100 ML"},"content":{"rendered":"<p>Burberry Classic for Woman \u0131\u015f\u0131lt\u0131l\u0131, \u015fehvetli ve uyumun sadeli\u011fine sahiptir. Klasik ve zaman\u0131n \u00f6tesinde olan,sade ama \u015f\u0131k, kendinden emin ve ne istedi\u011fini bilen kad\u0131n\u0131 temsil eder. \u00dcst nota:ye\u015fil elma, bergamot, \u015feftali, kay\u0131s\u0131 ve erik Kalp nota: yasemin, sandal a\u011fac\u0131 ve sedir Alt nota: misk ve vanilya<\/p>\n","protected":false},"excerpt":{"rendered":"<p>Burberry Classic for Woman \u0131\u015f\u0131lt\u0131l\u0131, \u015fehvetli ve uyumun sadeli\u011fine sahiptir. Klasik ve zaman\u0131n \u00f6tesinde olan,sade ama \u015f\u0131k, kendinden emin ve ne istedi\u011fini bilen kad\u0131n\u0131 temsil eder. \u00dcst nota:ye\u015fil elma, bergamot, \u015feftali, kay\u0131s\u0131 ve erik Kalp nota: yasemin, sandal a\u011fac\u0131 ve sedir Alt nota: misk ve vanilya<\/p>\n","protected":false},"featured_media":341,"comment_status":"open","ping_status":"closed","template":"","meta":{"_kad_post_transparent":"default","_kad_post_title":"","_kad_post_layout":"default","_kad_post_sidebar_id":"","_kad_post_content_style":"default","_kad_post_vertical_padding":"default","_kad_post_feature":"","_kad_post_feature_position":"","_kad_post_header":false,"_kad_post_footer":false},"product_brand":[51],"product_cat":[21],"product_tag":[52,26,27,28],"class_list":{"0":"post-340","1":"product","2":"type-product","3":"status-publish","4":"has-post-thumbnail","6":"product_brand-burberry","7":"product_cat-erkek","8":"product_tag-burberry","9":"product_tag-erkek-parfum","10":"product_tag-luks-koku","11":"product_tag-orijinal-urun","13":"first","14":"instock","15":"sale","16":"taxable","17":"shipping-taxable","18":"purchasable","19":"product-type-simple","20":"entry","21":"content-bg","22":"loop-entry"},"_links":{"self":[{"href":"https:\/\/samiraparfumeri.com\/index.php?rest_route=\/wp\/v2\/product\/340","targetHints":{"allow":["GET"]}}],"collection":[{"href":"https:\/\/samiraparfumeri.com\/index.php?rest_route=\/wp\/v2\/product"}],"about":[{"href":"https:\/\/samiraparfumeri.com\/index.php?rest_route=\/wp\/v2\/types\/product"}],"replies":[{"embeddable":true,"href":"https:\/\/samiraparfumeri.com\/index.php?rest_route=%2Fwp%2Fv2%2Fcomments&post=340"}],"wp:featuredmedia":[{"embeddable":true,"href":"https:\/\/samiraparfumeri.com\/index.php?rest_route=\/wp\/v2\/media\/341"}],"wp:attachment":[{"href":"https:\/\/samiraparfumeri.com\/index.php?rest_route=%2Fwp%2Fv2%2Fmedia&parent=340"}],"wp:term":[{"taxonomy":"product_brand","embeddable":true,"href":"https:\/\/samiraparfumeri.com\/index.php?rest_route=%2Fwp%2Fv2%2Fproduct_brand&post=340"},{"taxonomy":"product_cat","embeddable":true,"href":"https:\/\/samiraparfumeri.com\/index.php?rest_route=%2Fwp%2Fv2%2Fproduct_cat&post=340"},{"taxonomy":"product_tag","embeddable":true,"href":"https:\/\/samiraparfumeri.com\/index.php?rest_route=%2Fwp%2Fv2%2Fproduct_tag&post=340"}],"curies":[{"name":"wp","href":"https:\/\/api.w.org\/{rel}","templated":true}]}}