{"id":355,"date":"2025-06-13T11:26:20","date_gmt":"2025-06-13T08:26:20","guid":{"rendered":"https:\/\/samiraparfumeri.com\/?post_type=product&#038;p=355"},"modified":"2025-06-13T11:26:20","modified_gmt":"2025-06-13T08:26:20","slug":"dior-sauvage-edp-100-ml","status":"publish","type":"product","link":"https:\/\/samiraparfumeri.com\/?product=dior-sauvage-edp-100-ml","title":{"rendered":"Dior Sauvage EDP 100 ML"},"content":{"rendered":"<p>Sauvage&#8217;\u0131n g\u00fc\u00e7l\u00fc tazeli\u011fi, yeni duygusal ve gizemli y\u00f6nlerini ortaya \u00e7\u0131kar\u0131yor. Sulu Bergamot, duyusall\u0131\u011f\u0131 artt\u0131rmak i\u00e7in baharatl\u0131 notalar\u0131 davet ediyor; Ambroksan ve Papua Yeni Gine Vanilya aromas\u0131yla etraf\u0131 sar\u0131l\u0131yor. Dior Parf\u00fcm Yarat\u0131c\u0131s\u0131, Fran\u00e7ois Demachy, ilham\u0131n\u0131 \u00e7\u00f6l alacakaranl\u0131\u011f\u0131n\u0131n b\u00fcy\u00fcl\u00fc saatinden al\u0131yor. Gecenin so\u011fu\u011fu \u00e7\u00f6l\u00fcn yak\u0131c\u0131l\u0131\u011f\u0131yla bu e\u015fsiz kokuda bulu\u015fuyor.<\/p>\n","protected":false},"excerpt":{"rendered":"<p>Sauvage&#8217;\u0131n g\u00fc\u00e7l\u00fc tazeli\u011fi, yeni duygusal ve gizemli y\u00f6nlerini ortaya \u00e7\u0131kar\u0131yor. Sulu Bergamot, duyusall\u0131\u011f\u0131 artt\u0131rmak i\u00e7in baharatl\u0131 notalar\u0131 davet ediyor; Ambroksan ve Papua Yeni Gine Vanilya aromas\u0131yla etraf\u0131 sar\u0131l\u0131yor. Dior Parf\u00fcm Yarat\u0131c\u0131s\u0131, Fran\u00e7ois Demachy, ilham\u0131n\u0131 \u00e7\u00f6l alacakaranl\u0131\u011f\u0131n\u0131n b\u00fcy\u00fcl\u00fc saatinden al\u0131yor. Gecenin so\u011fu\u011fu \u00e7\u00f6l\u00fcn yak\u0131c\u0131l\u0131\u011f\u0131yla bu e\u015fsiz kokuda bulu\u015fuyor.<\/p>\n","protected":false},"featured_media":356,"comment_status":"open","ping_status":"closed","template":"","meta":{"_kad_post_transparent":"default","_kad_post_title":"","_kad_post_layout":"default","_kad_post_sidebar_id":"","_kad_post_content_style":"default","_kad_post_vertical_padding":"default","_kad_post_feature":"","_kad_post_feature_position":"","_kad_post_header":false,"_kad_post_footer":false},"product_brand":[24],"product_cat":[21],"product_tag":[55,26,27,28],"class_list":{"0":"post-355","1":"product","2":"type-product","3":"status-publish","4":"has-post-thumbnail","6":"product_brand-dior","7":"product_cat-erkek","8":"product_tag-dior","9":"product_tag-erkek-parfum","10":"product_tag-luks-koku","11":"product_tag-orijinal-urun","13":"first","14":"instock","15":"sale","16":"taxable","17":"shipping-taxable","18":"purchasable","19":"product-type-simple","20":"entry","21":"content-bg","22":"loop-entry"},"_links":{"self":[{"href":"https:\/\/samiraparfumeri.com\/index.php?rest_route=\/wp\/v2\/product\/355","targetHints":{"allow":["GET"]}}],"collection":[{"href":"https:\/\/samiraparfumeri.com\/index.php?rest_route=\/wp\/v2\/product"}],"about":[{"href":"https:\/\/samiraparfumeri.com\/index.php?rest_route=\/wp\/v2\/types\/product"}],"replies":[{"embeddable":true,"href":"https:\/\/samiraparfumeri.com\/index.php?rest_route=%2Fwp%2Fv2%2Fcomments&post=355"}],"wp:featuredmedia":[{"embeddable":true,"href":"https:\/\/samiraparfumeri.com\/index.php?rest_route=\/wp\/v2\/media\/356"}],"wp:attachment":[{"href":"https:\/\/samiraparfumeri.com\/index.php?rest_route=%2Fwp%2Fv2%2Fmedia&parent=355"}],"wp:term":[{"taxonomy":"product_brand","embeddable":true,"href":"https:\/\/samiraparfumeri.com\/index.php?rest_route=%2Fwp%2Fv2%2Fproduct_brand&post=355"},{"taxonomy":"product_cat","embeddable":true,"href":"https:\/\/samiraparfumeri.com\/index.php?rest_route=%2Fwp%2Fv2%2Fproduct_cat&post=355"},{"taxonomy":"product_tag","embeddable":true,"href":"https:\/\/samiraparfumeri.com\/index.php?rest_route=%2Fwp%2Fv2%2Fproduct_tag&post=355"}],"curies":[{"name":"wp","href":"https:\/\/api.w.org\/{rel}","templated":true}]}}