{"id":370,"date":"2025-06-13T11:46:16","date_gmt":"2025-06-13T08:46:16","guid":{"rendered":"https:\/\/samiraparfumeri.com\/?post_type=product&#038;p=370"},"modified":"2025-06-13T11:46:16","modified_gmt":"2025-06-13T08:46:16","slug":"tom-ford-lost-cherry-edp-100ml","status":"publish","type":"product","link":"https:\/\/samiraparfumeri.com\/?product=tom-ford-lost-cherry-edp-100ml","title":{"rendered":"Tom Ford Lost Cherry EDP 100ML"},"content":{"rendered":"<p>Lost Cherry, egzoti\u0307k si\u0307yah ki\u0307raz ve li\u0307k\u00f6r\u00fcn \u015fekerli\u0307 i\u015filtisi, badem notalari, t\u00fcrk g\u00fcl\u00fc ve arap yasemi\u0307ni\u0307 dokunu\u015fuyla duyulari harekete ge\u00e7i\u0307ri\u0307yor.<\/p>\n","protected":false},"excerpt":{"rendered":"<p>Lost Cherry, egzoti\u0307k si\u0307yah ki\u0307raz ve li\u0307k\u00f6r\u00fcn \u015fekerli\u0307 i\u015filtisi, badem notalari, t\u00fcrk g\u00fcl\u00fc ve arap yasemi\u0307ni\u0307 dokunu\u015fuyla duyulari harekete ge\u00e7i\u0307ri\u0307yor.<\/p>\n","protected":false},"featured_media":371,"comment_status":"open","ping_status":"closed","template":"","meta":{"_kad_post_transparent":"default","_kad_post_title":"","_kad_post_layout":"default","_kad_post_sidebar_id":"","_kad_post_content_style":"default","_kad_post_vertical_padding":"default","_kad_post_feature":"","_kad_post_feature_position":"","_kad_post_header":false,"_kad_post_footer":false},"product_brand":[37],"product_cat":[22],"product_tag":[26,58,27,28,38],"class_list":{"0":"post-370","1":"product","2":"type-product","3":"status-publish","4":"has-post-thumbnail","6":"product_brand-tom-ford","7":"product_cat-unisex","8":"product_tag-erkek-parfum","9":"product_tag-kadin-parfum","10":"product_tag-luks-koku","11":"product_tag-orijinal-urun","12":"product_tag-tom-ford","14":"first","15":"instock","16":"sale","17":"taxable","18":"shipping-taxable","19":"purchasable","20":"product-type-simple","21":"entry","22":"content-bg","23":"loop-entry"},"_links":{"self":[{"href":"https:\/\/samiraparfumeri.com\/index.php?rest_route=\/wp\/v2\/product\/370","targetHints":{"allow":["GET"]}}],"collection":[{"href":"https:\/\/samiraparfumeri.com\/index.php?rest_route=\/wp\/v2\/product"}],"about":[{"href":"https:\/\/samiraparfumeri.com\/index.php?rest_route=\/wp\/v2\/types\/product"}],"replies":[{"embeddable":true,"href":"https:\/\/samiraparfumeri.com\/index.php?rest_route=%2Fwp%2Fv2%2Fcomments&post=370"}],"wp:featuredmedia":[{"embeddable":true,"href":"https:\/\/samiraparfumeri.com\/index.php?rest_route=\/wp\/v2\/media\/371"}],"wp:attachment":[{"href":"https:\/\/samiraparfumeri.com\/index.php?rest_route=%2Fwp%2Fv2%2Fmedia&parent=370"}],"wp:term":[{"taxonomy":"product_brand","embeddable":true,"href":"https:\/\/samiraparfumeri.com\/index.php?rest_route=%2Fwp%2Fv2%2Fproduct_brand&post=370"},{"taxonomy":"product_cat","embeddable":true,"href":"https:\/\/samiraparfumeri.com\/index.php?rest_route=%2Fwp%2Fv2%2Fproduct_cat&post=370"},{"taxonomy":"product_tag","embeddable":true,"href":"https:\/\/samiraparfumeri.com\/index.php?rest_route=%2Fwp%2Fv2%2Fproduct_tag&post=370"}],"curies":[{"name":"wp","href":"https:\/\/api.w.org\/{rel}","templated":true}]}}