{"id":392,"date":"2025-06-13T14:08:27","date_gmt":"2025-06-13T11:08:27","guid":{"rendered":"https:\/\/samiraparfumeri.com\/?post_type=product&#038;p=392"},"modified":"2025-06-13T14:08:28","modified_gmt":"2025-06-13T11:08:28","slug":"xerjoff-alexandria-ii-edp-100-ml","status":"publish","type":"product","link":"https:\/\/samiraparfumeri.com\/?product=xerjoff-alexandria-ii-edp-100-ml","title":{"rendered":"Xerjoff Alexandria II EDP 100 ML"},"content":{"rendered":"<div class=\"m-productDescription__infoTitle\"><strong>\u00dcr\u00fcn \u00d6zellikleri<\/strong><\/div>\n<div class=\"m-productDescription__infoDesc\">Tanr\u0131lar alemi olarak in\u015fa edilen g\u00f6r\u00fclmez bir \u015fehir; Alexandria\u2019ya ho\u015f geldiniz: Tarihteki en g\u00fczel ku\u015fatma<br \/>\n\u00dcst Nota: Elma, tar\u00e7\u0131n, g\u00fcl a\u011fac\u0131, lavanta<br \/>\nOrta Nota: Sedir a\u011fac\u0131, m\u00fcge, g\u00fcl<br \/>\nAlt Nota: Amber, sandal a\u011fac\u0131, misk, vanilya, oud buhar\u0131<br \/>\n100 ml<\/div>\n","protected":false},"excerpt":{"rendered":"<p>\u00dcr\u00fcn \u00d6zellikleri Tanr\u0131lar alemi olarak in\u015fa edilen g\u00f6r\u00fclmez bir \u015fehir; Alexandria\u2019ya ho\u015f geldiniz: Tarihteki en g\u00fczel ku\u015fatma \u00dcst Nota: Elma, tar\u00e7\u0131n, g\u00fcl a\u011fac\u0131, lavanta Orta Nota: Sedir a\u011fac\u0131, m\u00fcge, g\u00fcl Alt Nota: Amber, sandal a\u011fac\u0131, misk, vanilya, oud buhar\u0131 100 ml<\/p>\n","protected":false},"featured_media":393,"comment_status":"open","ping_status":"closed","template":"","meta":{"_kad_post_transparent":"default","_kad_post_title":"","_kad_post_layout":"default","_kad_post_sidebar_id":"","_kad_post_content_style":"default","_kad_post_vertical_padding":"default","_kad_post_feature":"","_kad_post_feature_position":"","_kad_post_header":false,"_kad_post_footer":false},"product_brand":[62],"product_cat":[22],"product_tag":[26,58,27,59,63],"class_list":{"0":"post-392","1":"product","2":"type-product","3":"status-publish","4":"has-post-thumbnail","6":"product_brand-xerjoff","7":"product_cat-unisex","8":"product_tag-erkek-parfum","9":"product_tag-kadin-parfum","10":"product_tag-luks-koku","11":"product_tag-unisex","12":"product_tag-xerjoff","14":"first","15":"instock","16":"sale","17":"taxable","18":"shipping-taxable","19":"purchasable","20":"product-type-simple","21":"entry","22":"content-bg","23":"loop-entry"},"_links":{"self":[{"href":"https:\/\/samiraparfumeri.com\/index.php?rest_route=\/wp\/v2\/product\/392","targetHints":{"allow":["GET"]}}],"collection":[{"href":"https:\/\/samiraparfumeri.com\/index.php?rest_route=\/wp\/v2\/product"}],"about":[{"href":"https:\/\/samiraparfumeri.com\/index.php?rest_route=\/wp\/v2\/types\/product"}],"replies":[{"embeddable":true,"href":"https:\/\/samiraparfumeri.com\/index.php?rest_route=%2Fwp%2Fv2%2Fcomments&post=392"}],"wp:featuredmedia":[{"embeddable":true,"href":"https:\/\/samiraparfumeri.com\/index.php?rest_route=\/wp\/v2\/media\/393"}],"wp:attachment":[{"href":"https:\/\/samiraparfumeri.com\/index.php?rest_route=%2Fwp%2Fv2%2Fmedia&parent=392"}],"wp:term":[{"taxonomy":"product_brand","embeddable":true,"href":"https:\/\/samiraparfumeri.com\/index.php?rest_route=%2Fwp%2Fv2%2Fproduct_brand&post=392"},{"taxonomy":"product_cat","embeddable":true,"href":"https:\/\/samiraparfumeri.com\/index.php?rest_route=%2Fwp%2Fv2%2Fproduct_cat&post=392"},{"taxonomy":"product_tag","embeddable":true,"href":"https:\/\/samiraparfumeri.com\/index.php?rest_route=%2Fwp%2Fv2%2Fproduct_tag&post=392"}],"curies":[{"name":"wp","href":"https:\/\/api.w.org\/{rel}","templated":true}]}}