{"id":402,"date":"2025-06-13T14:18:01","date_gmt":"2025-06-13T11:18:01","guid":{"rendered":"https:\/\/samiraparfumeri.com\/?post_type=product&#038;p=402"},"modified":"2025-06-13T14:18:37","modified_gmt":"2025-06-13T11:18:37","slug":"tom-ford-black-orchid-edp-100-ml","status":"publish","type":"product","link":"https:\/\/samiraparfumeri.com\/?product=tom-ford-black-orchid-edp-100-ml","title":{"rendered":"Tom Ford Black Orchid EDP 100 ML"},"content":{"rendered":"<p>Black orchi\u0307d\u2019i\u0307n zengi\u0307n notalarinin ahenkli\u0307 uyumu ve cezbedi\u0307ci\u0307 form\u00fcl\u00fcn\u00fcn \u015fehvetli\u0307 kokusuyla, tom ford modern ve zamansiz bi\u0307r d\u00fcnyanin kapilarini araliyor. \u00e7i\u0307zgi\u0307 detayli si\u0307yah \u015fi\u0307\u015fesi\u0307ndeki\u0307 black orchi\u0307d, i\u0307koni\u0307k tarzi ve romanti\u0307k \u00e7eki\u0307ci\u0307li\u0307\u011fi\u0307 i\u0307le ardinda unutulmaz bi\u0307r etki\u0307 birakiyor.<\/p>\n","protected":false},"excerpt":{"rendered":"<p>Black orchi\u0307d\u2019i\u0307n zengi\u0307n notalarinin ahenkli\u0307 uyumu ve cezbedi\u0307ci\u0307 form\u00fcl\u00fcn\u00fcn \u015fehvetli\u0307 kokusuyla, tom ford modern ve zamansiz bi\u0307r d\u00fcnyanin kapilarini araliyor. \u00e7i\u0307zgi\u0307 detayli si\u0307yah \u015fi\u0307\u015fesi\u0307ndeki\u0307 black orchi\u0307d, i\u0307koni\u0307k tarzi ve romanti\u0307k \u00e7eki\u0307ci\u0307li\u0307\u011fi\u0307 i\u0307le ardinda unutulmaz bi\u0307r etki\u0307 birakiyor.<\/p>\n","protected":false},"featured_media":403,"comment_status":"open","ping_status":"closed","template":"","meta":{"_kad_post_transparent":"default","_kad_post_title":"","_kad_post_layout":"default","_kad_post_sidebar_id":"","_kad_post_content_style":"default","_kad_post_vertical_padding":"default","_kad_post_feature":"","_kad_post_feature_position":"","_kad_post_header":false,"_kad_post_footer":false},"product_brand":[37],"product_cat":[22],"product_tag":[27,28,38,59],"class_list":{"0":"post-402","1":"product","2":"type-product","3":"status-publish","4":"has-post-thumbnail","6":"product_brand-tom-ford","7":"product_cat-unisex","8":"product_tag-luks-koku","9":"product_tag-orijinal-urun","10":"product_tag-tom-ford","11":"product_tag-unisex","13":"first","14":"instock","15":"sale","16":"taxable","17":"shipping-taxable","18":"purchasable","19":"product-type-simple","20":"entry","21":"content-bg","22":"loop-entry"},"_links":{"self":[{"href":"https:\/\/samiraparfumeri.com\/index.php?rest_route=\/wp\/v2\/product\/402","targetHints":{"allow":["GET"]}}],"collection":[{"href":"https:\/\/samiraparfumeri.com\/index.php?rest_route=\/wp\/v2\/product"}],"about":[{"href":"https:\/\/samiraparfumeri.com\/index.php?rest_route=\/wp\/v2\/types\/product"}],"replies":[{"embeddable":true,"href":"https:\/\/samiraparfumeri.com\/index.php?rest_route=%2Fwp%2Fv2%2Fcomments&post=402"}],"wp:featuredmedia":[{"embeddable":true,"href":"https:\/\/samiraparfumeri.com\/index.php?rest_route=\/wp\/v2\/media\/403"}],"wp:attachment":[{"href":"https:\/\/samiraparfumeri.com\/index.php?rest_route=%2Fwp%2Fv2%2Fmedia&parent=402"}],"wp:term":[{"taxonomy":"product_brand","embeddable":true,"href":"https:\/\/samiraparfumeri.com\/index.php?rest_route=%2Fwp%2Fv2%2Fproduct_brand&post=402"},{"taxonomy":"product_cat","embeddable":true,"href":"https:\/\/samiraparfumeri.com\/index.php?rest_route=%2Fwp%2Fv2%2Fproduct_cat&post=402"},{"taxonomy":"product_tag","embeddable":true,"href":"https:\/\/samiraparfumeri.com\/index.php?rest_route=%2Fwp%2Fv2%2Fproduct_tag&post=402"}],"curies":[{"name":"wp","href":"https:\/\/api.w.org\/{rel}","templated":true}]}}