{"id":411,"date":"2025-06-13T14:34:23","date_gmt":"2025-06-13T11:34:23","guid":{"rendered":"https:\/\/samiraparfumeri.com\/?post_type=product&#038;p=411"},"modified":"2025-06-13T14:34:23","modified_gmt":"2025-06-13T11:34:23","slug":"yves-saint-laurent-black-opium-edp-90-ml","status":"publish","type":"product","link":"https:\/\/samiraparfumeri.com\/?product=yves-saint-laurent-black-opium-edp-90-ml","title":{"rendered":"Yves Saint Laurent Black Opium EDP 90 ML"},"content":{"rendered":"<p><strong>Koku Hakk\u0131nda:<\/strong> Bu ba\u015ftan \u00e7\u0131kar\u0131c\u0131 kad\u0131n parf\u00fcm\u00fc, c\u00fcretkar ve cesur kad\u0131ndan ilham alm\u0131\u015ft\u0131r. G\u00fc\u00e7l\u00fc kahve kokusuyla zenginle\u015ftirilmi\u015f, tatl\u0131 vanilya baz notalar\u0131 ve kalbindeki \u00e7i\u00e7eksi dokunu\u015flarla duyular\u0131 harekete ge\u00e7iriyor.<\/p>\n<p><strong>Koku Tan\u0131m\u0131:<\/strong> Gen\u00e7 ve modern bir koku i\u00e7in, adrenalin dolu kahve ve tatl\u0131 vanilya notalar\u0131yla a\u00e7\u0131lan ve beyaz \u00e7i\u00e7eklerin yumu\u015fakl\u0131\u011f\u0131na uzanan, ba\u015ftan \u00e7\u0131kar\u0131c\u0131 ve b\u00fcy\u00fcleyici bir kad\u0131n parf\u00fcm\u00fc.<\/p>\n<p><strong>Koku Ailesi:<\/strong> S\u0131cak ve Baharatl\u0131<\/p>\n<p><strong>Koku Tipi:<\/strong> S\u0131cak ve Tatl\u0131 Gurme<\/p>\n<p><strong>Temel Notalar:<\/strong> Siyah Kahve, Beyaz \u00c7i\u00e7ekler, Vanilya<\/p>\n","protected":false},"excerpt":{"rendered":"<p>Koku Hakk\u0131nda: Bu ba\u015ftan \u00e7\u0131kar\u0131c\u0131 kad\u0131n parf\u00fcm\u00fc, c\u00fcretkar ve cesur kad\u0131ndan ilham alm\u0131\u015ft\u0131r. G\u00fc\u00e7l\u00fc kahve kokusuyla zenginle\u015ftirilmi\u015f, tatl\u0131 vanilya baz notalar\u0131 ve kalbindeki \u00e7i\u00e7eksi dokunu\u015flarla duyular\u0131 harekete ge\u00e7iriyor. Koku Tan\u0131m\u0131: Gen\u00e7 ve modern bir koku i\u00e7in, adrenalin dolu kahve ve tatl\u0131 vanilya notalar\u0131yla a\u00e7\u0131lan ve beyaz \u00e7i\u00e7eklerin yumu\u015fakl\u0131\u011f\u0131na uzanan, ba\u015ftan \u00e7\u0131kar\u0131c\u0131 ve b\u00fcy\u00fcleyici bir kad\u0131n&#8230;<\/p>\n","protected":false},"featured_media":412,"comment_status":"open","ping_status":"closed","template":"","meta":{"_kad_post_transparent":"default","_kad_post_title":"","_kad_post_layout":"default","_kad_post_sidebar_id":"","_kad_post_content_style":"default","_kad_post_vertical_padding":"default","_kad_post_feature":"","_kad_post_feature_position":"","_kad_post_header":false,"_kad_post_footer":false},"product_brand":[66],"product_cat":[20],"product_tag":[58,27,67],"class_list":{"0":"post-411","1":"product","2":"type-product","3":"status-publish","4":"has-post-thumbnail","6":"product_brand-yves-saint-laurent","7":"product_cat-kadin","8":"product_tag-kadin-parfum","9":"product_tag-luks-koku","10":"product_tag-yves-saint-laurent","12":"first","13":"instock","14":"sale","15":"taxable","16":"shipping-taxable","17":"purchasable","18":"product-type-simple","19":"entry","20":"content-bg","21":"loop-entry"},"_links":{"self":[{"href":"https:\/\/samiraparfumeri.com\/index.php?rest_route=\/wp\/v2\/product\/411","targetHints":{"allow":["GET"]}}],"collection":[{"href":"https:\/\/samiraparfumeri.com\/index.php?rest_route=\/wp\/v2\/product"}],"about":[{"href":"https:\/\/samiraparfumeri.com\/index.php?rest_route=\/wp\/v2\/types\/product"}],"replies":[{"embeddable":true,"href":"https:\/\/samiraparfumeri.com\/index.php?rest_route=%2Fwp%2Fv2%2Fcomments&post=411"}],"wp:featuredmedia":[{"embeddable":true,"href":"https:\/\/samiraparfumeri.com\/index.php?rest_route=\/wp\/v2\/media\/412"}],"wp:attachment":[{"href":"https:\/\/samiraparfumeri.com\/index.php?rest_route=%2Fwp%2Fv2%2Fmedia&parent=411"}],"wp:term":[{"taxonomy":"product_brand","embeddable":true,"href":"https:\/\/samiraparfumeri.com\/index.php?rest_route=%2Fwp%2Fv2%2Fproduct_brand&post=411"},{"taxonomy":"product_cat","embeddable":true,"href":"https:\/\/samiraparfumeri.com\/index.php?rest_route=%2Fwp%2Fv2%2Fproduct_cat&post=411"},{"taxonomy":"product_tag","embeddable":true,"href":"https:\/\/samiraparfumeri.com\/index.php?rest_route=%2Fwp%2Fv2%2Fproduct_tag&post=411"}],"curies":[{"name":"wp","href":"https:\/\/api.w.org\/{rel}","templated":true}]}}