{"id":424,"date":"2025-06-13T14:50:29","date_gmt":"2025-06-13T11:50:29","guid":{"rendered":"https:\/\/samiraparfumeri.com\/?post_type=product&#038;p=424"},"modified":"2025-06-13T14:50:29","modified_gmt":"2025-06-13T11:50:29","slug":"narciso-rodriguez-for-her-edp-100ml","status":"publish","type":"product","link":"https:\/\/samiraparfumeri.com\/?product=narciso-rodriguez-for-her-edp-100ml","title":{"rendered":"Narciso Rodriguez For Her EDP 100ML"},"content":{"rendered":"<h2>\u00dcr\u00fcn A\u00e7\u0131klamas\u0131<\/h2>\n<p>Elegan, etkileyici, gizemli ve duyulara hitap eden bir koku. Kalp notas\u0131nda bulunan miski sarmalayan \u00e7i\u00e7eksi, meyvemsi ve odunsu notalar. Keskin hatlara sahip toz pembe bir \u015fi\u015fe, simsiyah bir kutuda sunuluyor. \u00dcst Notalar; G\u00fcl, \u015eeftali Kalp Notas\u0131; Misk \u00d6z\u00fc Dip Notalar; Pa\u00e7uli, Amber<\/p>\n","protected":false},"excerpt":{"rendered":"<p>\u00dcr\u00fcn A\u00e7\u0131klamas\u0131 Elegan, etkileyici, gizemli ve duyulara hitap eden bir koku. Kalp notas\u0131nda bulunan miski sarmalayan \u00e7i\u00e7eksi, meyvemsi ve odunsu notalar. Keskin hatlara sahip toz pembe bir \u015fi\u015fe, simsiyah bir kutuda sunuluyor. \u00dcst Notalar; G\u00fcl, \u015eeftali Kalp Notas\u0131; Misk \u00d6z\u00fc Dip Notalar; Pa\u00e7uli, Amber<\/p>\n","protected":false},"featured_media":425,"comment_status":"open","ping_status":"closed","template":"","meta":{"_kad_post_transparent":"default","_kad_post_title":"","_kad_post_layout":"default","_kad_post_sidebar_id":"","_kad_post_content_style":"default","_kad_post_vertical_padding":"default","_kad_post_feature":"","_kad_post_feature_position":"","_kad_post_header":false,"_kad_post_footer":false},"product_brand":[68],"product_cat":[20],"product_tag":[58,27,69,28],"class_list":{"0":"post-424","1":"product","2":"type-product","3":"status-publish","4":"has-post-thumbnail","6":"product_brand-narciso-rodriguez","7":"product_cat-kadin","8":"product_tag-kadin-parfum","9":"product_tag-luks-koku","10":"product_tag-narciso-rodriguez","11":"product_tag-orijinal-urun","13":"first","14":"instock","15":"sale","16":"taxable","17":"shipping-taxable","18":"purchasable","19":"product-type-simple","20":"entry","21":"content-bg","22":"loop-entry"},"_links":{"self":[{"href":"https:\/\/samiraparfumeri.com\/index.php?rest_route=\/wp\/v2\/product\/424","targetHints":{"allow":["GET"]}}],"collection":[{"href":"https:\/\/samiraparfumeri.com\/index.php?rest_route=\/wp\/v2\/product"}],"about":[{"href":"https:\/\/samiraparfumeri.com\/index.php?rest_route=\/wp\/v2\/types\/product"}],"replies":[{"embeddable":true,"href":"https:\/\/samiraparfumeri.com\/index.php?rest_route=%2Fwp%2Fv2%2Fcomments&post=424"}],"wp:featuredmedia":[{"embeddable":true,"href":"https:\/\/samiraparfumeri.com\/index.php?rest_route=\/wp\/v2\/media\/425"}],"wp:attachment":[{"href":"https:\/\/samiraparfumeri.com\/index.php?rest_route=%2Fwp%2Fv2%2Fmedia&parent=424"}],"wp:term":[{"taxonomy":"product_brand","embeddable":true,"href":"https:\/\/samiraparfumeri.com\/index.php?rest_route=%2Fwp%2Fv2%2Fproduct_brand&post=424"},{"taxonomy":"product_cat","embeddable":true,"href":"https:\/\/samiraparfumeri.com\/index.php?rest_route=%2Fwp%2Fv2%2Fproduct_cat&post=424"},{"taxonomy":"product_tag","embeddable":true,"href":"https:\/\/samiraparfumeri.com\/index.php?rest_route=%2Fwp%2Fv2%2Fproduct_tag&post=424"}],"curies":[{"name":"wp","href":"https:\/\/api.w.org\/{rel}","templated":true}]}}