{"id":433,"date":"2025-06-13T14:56:03","date_gmt":"2025-06-13T11:56:03","guid":{"rendered":"https:\/\/samiraparfumeri.com\/?post_type=product&#038;p=433"},"modified":"2025-06-13T14:56:03","modified_gmt":"2025-06-13T11:56:03","slug":"thierry-mugler-alien-edp-90-ml","status":"publish","type":"product","link":"https:\/\/samiraparfumeri.com\/?product=thierry-mugler-alien-edp-90-ml","title":{"rendered":"Thierry Mugler Alien EDP 90 ML"},"content":{"rendered":"<p>Sizi her g\u00fcn ola\u011fan\u00fcst\u00fc olmaya davet eden gizemli bir parf\u00fcm: ALIEN. MUGLER\u2019in bu g\u00fc\u00e7l\u00fc parf\u00fcm\u00fcn\u00fcn \u015fi\u015fesi adeta k\u0131ymetli bir m\u00fccevheri ya da de\u011ferli kristal bir ta\u015f\u0131 and\u0131r\u0131yor.<br \/>\nAlien\u2019in i\u00e7erisindeki yasemin zambak, Hindistan\u2019da toplan\u0131yor ve IFF koku evi taraf\u0131ndan \u00f6zenle se\u00e7iliyor.<\/p>\n<p>Notalar:<br \/>\nYasemin zambak: G\u00fcne\u015f \u0131\u015f\u0131\u011f\u0131n\u0131n mucizevi hali, ruhlar\u0131 uyand\u0131ran bir \u0131\u015f\u0131k oyunu.<br \/>\nKa\u015fmeran ah\u015fap: Duyular\u0131 b\u00fcy\u00fcleyen yo\u011fun, canl\u0131, esrarengiz bir enerji.<br \/>\nBeyaz amber: G\u00fcc\u00fcn rahatlat\u0131c\u0131 ve huzur veren hissi.<\/p>\n","protected":false},"excerpt":{"rendered":"<p>Sizi her g\u00fcn ola\u011fan\u00fcst\u00fc olmaya davet eden gizemli bir parf\u00fcm: ALIEN. MUGLER\u2019in bu g\u00fc\u00e7l\u00fc parf\u00fcm\u00fcn\u00fcn \u015fi\u015fesi adeta k\u0131ymetli bir m\u00fccevheri ya da de\u011ferli kristal bir ta\u015f\u0131 and\u0131r\u0131yor. Alien\u2019in i\u00e7erisindeki yasemin zambak, Hindistan\u2019da toplan\u0131yor ve IFF koku evi taraf\u0131ndan \u00f6zenle se\u00e7iliyor. Notalar: Yasemin zambak: G\u00fcne\u015f \u0131\u015f\u0131\u011f\u0131n\u0131n mucizevi hali, ruhlar\u0131 uyand\u0131ran bir \u0131\u015f\u0131k oyunu. Ka\u015fmeran ah\u015fap: Duyular\u0131&#8230;<\/p>\n","protected":false},"featured_media":434,"comment_status":"open","ping_status":"closed","template":"","meta":{"_kad_post_transparent":"default","_kad_post_title":"","_kad_post_layout":"default","_kad_post_sidebar_id":"","_kad_post_content_style":"default","_kad_post_vertical_padding":"default","_kad_post_feature":"","_kad_post_feature_position":"","_kad_post_header":false,"_kad_post_footer":false},"product_brand":[70],"product_cat":[20],"product_tag":[58,27,28,71],"class_list":{"0":"post-433","1":"product","2":"type-product","3":"status-publish","4":"has-post-thumbnail","6":"product_brand-thierry-mugler","7":"product_cat-kadin","8":"product_tag-kadin-parfum","9":"product_tag-luks-koku","10":"product_tag-orijinal-urun","11":"product_tag-thierry-mugler","13":"first","14":"instock","15":"sale","16":"taxable","17":"shipping-taxable","18":"purchasable","19":"product-type-simple","20":"entry","21":"content-bg","22":"loop-entry"},"_links":{"self":[{"href":"https:\/\/samiraparfumeri.com\/index.php?rest_route=\/wp\/v2\/product\/433","targetHints":{"allow":["GET"]}}],"collection":[{"href":"https:\/\/samiraparfumeri.com\/index.php?rest_route=\/wp\/v2\/product"}],"about":[{"href":"https:\/\/samiraparfumeri.com\/index.php?rest_route=\/wp\/v2\/types\/product"}],"replies":[{"embeddable":true,"href":"https:\/\/samiraparfumeri.com\/index.php?rest_route=%2Fwp%2Fv2%2Fcomments&post=433"}],"wp:featuredmedia":[{"embeddable":true,"href":"https:\/\/samiraparfumeri.com\/index.php?rest_route=\/wp\/v2\/media\/434"}],"wp:attachment":[{"href":"https:\/\/samiraparfumeri.com\/index.php?rest_route=%2Fwp%2Fv2%2Fmedia&parent=433"}],"wp:term":[{"taxonomy":"product_brand","embeddable":true,"href":"https:\/\/samiraparfumeri.com\/index.php?rest_route=%2Fwp%2Fv2%2Fproduct_brand&post=433"},{"taxonomy":"product_cat","embeddable":true,"href":"https:\/\/samiraparfumeri.com\/index.php?rest_route=%2Fwp%2Fv2%2Fproduct_cat&post=433"},{"taxonomy":"product_tag","embeddable":true,"href":"https:\/\/samiraparfumeri.com\/index.php?rest_route=%2Fwp%2Fv2%2Fproduct_tag&post=433"}],"curies":[{"name":"wp","href":"https:\/\/api.w.org\/{rel}","templated":true}]}}