{"id":438,"date":"2025-06-13T14:59:27","date_gmt":"2025-06-13T11:59:27","guid":{"rendered":"https:\/\/samiraparfumeri.com\/?post_type=product&#038;p=438"},"modified":"2025-06-13T14:59:28","modified_gmt":"2025-06-13T11:59:28","slug":"versace-crystal-noir-edp-90-ml","status":"publish","type":"product","link":"https:\/\/samiraparfumeri.com\/?product=versace-crystal-noir-edp-90-ml","title":{"rendered":"Versace Crystal Noir EDP 90 ML"},"content":{"rendered":"<p>\u0130konik kristal kapak ilham\u0131n\u0131 elmastan alan Versace Crystal Noir gizemli ve \u00e7arp\u0131c\u0131 notalar\u0131yla imza bir koku. De\u011ferli, zarif, kal\u0131c\u0131 ve olduk\u00e7a kad\u0131ns\u0131, oryantal ve \u00e7i\u00e7eksi kokuya sahiptir. Sade ama g\u00f6rkemli bu parf\u00fcm kulland\u0131\u011f\u0131n\u0131z her an sizi sarmal\u0131yor ve b\u00fcy\u00fcl\u00fc bir his b\u0131rak\u0131yor. Yo\u011funla\u015ft\u0131r\u0131lm\u0131\u015f form\u00fcl\u00fc sayesinde daha uzun s\u00fcre kal\u0131c\u0131l\u0131k sa\u011flar.Tepe Nota: Kakule, Biber, Zencefil. Kalp nota: Gardenya, \u015eakay\u0131k, Portakal \u00c7i\u00e7e\u011fi. Dip Nota: Amber, Sandal A\u011fac\u0131, Musk.<\/p>\n","protected":false},"excerpt":{"rendered":"<p>\u0130konik kristal kapak ilham\u0131n\u0131 elmastan alan Versace Crystal Noir gizemli ve \u00e7arp\u0131c\u0131 notalar\u0131yla imza bir koku. De\u011ferli, zarif, kal\u0131c\u0131 ve olduk\u00e7a kad\u0131ns\u0131, oryantal ve \u00e7i\u00e7eksi kokuya sahiptir. Sade ama g\u00f6rkemli bu parf\u00fcm kulland\u0131\u011f\u0131n\u0131z her an sizi sarmal\u0131yor ve b\u00fcy\u00fcl\u00fc bir his b\u0131rak\u0131yor. Yo\u011funla\u015ft\u0131r\u0131lm\u0131\u015f form\u00fcl\u00fc sayesinde daha uzun s\u00fcre kal\u0131c\u0131l\u0131k sa\u011flar.Tepe Nota: Kakule, Biber, Zencefil. Kalp&#8230;<\/p>\n","protected":false},"featured_media":439,"comment_status":"open","ping_status":"closed","template":"","meta":{"_kad_post_transparent":"default","_kad_post_title":"","_kad_post_layout":"default","_kad_post_sidebar_id":"","_kad_post_content_style":"default","_kad_post_vertical_padding":"default","_kad_post_feature":"","_kad_post_feature_position":"","_kad_post_header":false,"_kad_post_footer":false},"product_brand":[],"product_cat":[20],"product_tag":[58,27,28,42],"class_list":{"0":"post-438","1":"product","2":"type-product","3":"status-publish","4":"has-post-thumbnail","6":"product_cat-kadin","7":"product_tag-kadin-parfum","8":"product_tag-luks-koku","9":"product_tag-orijinal-urun","10":"product_tag-versace","12":"first","13":"instock","14":"sale","15":"taxable","16":"shipping-taxable","17":"purchasable","18":"product-type-simple","19":"entry","20":"content-bg","21":"loop-entry"},"_links":{"self":[{"href":"https:\/\/samiraparfumeri.com\/index.php?rest_route=\/wp\/v2\/product\/438","targetHints":{"allow":["GET"]}}],"collection":[{"href":"https:\/\/samiraparfumeri.com\/index.php?rest_route=\/wp\/v2\/product"}],"about":[{"href":"https:\/\/samiraparfumeri.com\/index.php?rest_route=\/wp\/v2\/types\/product"}],"replies":[{"embeddable":true,"href":"https:\/\/samiraparfumeri.com\/index.php?rest_route=%2Fwp%2Fv2%2Fcomments&post=438"}],"wp:featuredmedia":[{"embeddable":true,"href":"https:\/\/samiraparfumeri.com\/index.php?rest_route=\/wp\/v2\/media\/439"}],"wp:attachment":[{"href":"https:\/\/samiraparfumeri.com\/index.php?rest_route=%2Fwp%2Fv2%2Fmedia&parent=438"}],"wp:term":[{"taxonomy":"product_brand","embeddable":true,"href":"https:\/\/samiraparfumeri.com\/index.php?rest_route=%2Fwp%2Fv2%2Fproduct_brand&post=438"},{"taxonomy":"product_cat","embeddable":true,"href":"https:\/\/samiraparfumeri.com\/index.php?rest_route=%2Fwp%2Fv2%2Fproduct_cat&post=438"},{"taxonomy":"product_tag","embeddable":true,"href":"https:\/\/samiraparfumeri.com\/index.php?rest_route=%2Fwp%2Fv2%2Fproduct_tag&post=438"}],"curies":[{"name":"wp","href":"https:\/\/api.w.org\/{rel}","templated":true}]}}