{"id":442,"date":"2025-06-13T15:02:12","date_gmt":"2025-06-13T12:02:12","guid":{"rendered":"https:\/\/samiraparfumeri.com\/?post_type=product&#038;p=442"},"modified":"2025-06-13T15:02:12","modified_gmt":"2025-06-13T12:02:12","slug":"versace-bright-crystal-90ml","status":"publish","type":"product","link":"https:\/\/samiraparfumeri.com\/?product=versace-bright-crystal-90ml","title":{"rendered":"Versace Bright Crystal 90ML"},"content":{"rendered":"<p><strong>Versace Bright Crystal;<\/strong> davetkar, \u00e7i\u00e7ek gibi taze bir parf\u00fcm. Parlak, kristal, zamans\u0131z elegan \u015fi\u015fesi i\u00e7erisinde sunulan bu e\u015fsiz koku tazelik ve \u00e7i\u00e7eksi notalar\u0131 ortaya \u00e7\u0131kar\u0131yor. Tepe Nota: Yuzu, Nar, Buz Akoru. Kalp Nota: \u015eakay\u0131k, Manolya, Lotus. Dip Nota: Bitkisel Amber, Akaju, Misk<\/p>\n","protected":false},"excerpt":{"rendered":"<p>Versace Bright Crystal; davetkar, \u00e7i\u00e7ek gibi taze bir parf\u00fcm. Parlak, kristal, zamans\u0131z elegan \u015fi\u015fesi i\u00e7erisinde sunulan bu e\u015fsiz koku tazelik ve \u00e7i\u00e7eksi notalar\u0131 ortaya \u00e7\u0131kar\u0131yor. Tepe Nota: Yuzu, Nar, Buz Akoru. Kalp Nota: \u015eakay\u0131k, Manolya, Lotus. Dip Nota: Bitkisel Amber, Akaju, Misk<\/p>\n","protected":false},"featured_media":443,"comment_status":"open","ping_status":"closed","template":"","meta":{"_kad_post_transparent":"default","_kad_post_title":"","_kad_post_layout":"default","_kad_post_sidebar_id":"","_kad_post_content_style":"default","_kad_post_vertical_padding":"default","_kad_post_feature":"","_kad_post_feature_position":"","_kad_post_header":false,"_kad_post_footer":false},"product_brand":[41],"product_cat":[20],"product_tag":[58,27,28,42],"class_list":{"0":"post-442","1":"product","2":"type-product","3":"status-publish","4":"has-post-thumbnail","6":"product_brand-versace","7":"product_cat-kadin","8":"product_tag-kadin-parfum","9":"product_tag-luks-koku","10":"product_tag-orijinal-urun","11":"product_tag-versace","13":"first","14":"instock","15":"sale","16":"taxable","17":"shipping-taxable","18":"purchasable","19":"product-type-simple","20":"entry","21":"content-bg","22":"loop-entry"},"_links":{"self":[{"href":"https:\/\/samiraparfumeri.com\/index.php?rest_route=\/wp\/v2\/product\/442","targetHints":{"allow":["GET"]}}],"collection":[{"href":"https:\/\/samiraparfumeri.com\/index.php?rest_route=\/wp\/v2\/product"}],"about":[{"href":"https:\/\/samiraparfumeri.com\/index.php?rest_route=\/wp\/v2\/types\/product"}],"replies":[{"embeddable":true,"href":"https:\/\/samiraparfumeri.com\/index.php?rest_route=%2Fwp%2Fv2%2Fcomments&post=442"}],"wp:featuredmedia":[{"embeddable":true,"href":"https:\/\/samiraparfumeri.com\/index.php?rest_route=\/wp\/v2\/media\/443"}],"wp:attachment":[{"href":"https:\/\/samiraparfumeri.com\/index.php?rest_route=%2Fwp%2Fv2%2Fmedia&parent=442"}],"wp:term":[{"taxonomy":"product_brand","embeddable":true,"href":"https:\/\/samiraparfumeri.com\/index.php?rest_route=%2Fwp%2Fv2%2Fproduct_brand&post=442"},{"taxonomy":"product_cat","embeddable":true,"href":"https:\/\/samiraparfumeri.com\/index.php?rest_route=%2Fwp%2Fv2%2Fproduct_cat&post=442"},{"taxonomy":"product_tag","embeddable":true,"href":"https:\/\/samiraparfumeri.com\/index.php?rest_route=%2Fwp%2Fv2%2Fproduct_tag&post=442"}],"curies":[{"name":"wp","href":"https:\/\/api.w.org\/{rel}","templated":true}]}}