{"id":465,"date":"2025-06-13T15:23:26","date_gmt":"2025-06-13T12:23:26","guid":{"rendered":"https:\/\/samiraparfumeri.com\/?post_type=product&#038;p=465"},"modified":"2025-06-13T15:23:26","modified_gmt":"2025-06-13T12:23:26","slug":"carolina-herrera-good-girl-very-edp-80-ml","status":"publish","type":"product","link":"https:\/\/samiraparfumeri.com\/?product=carolina-herrera-good-girl-very-edp-80-ml","title":{"rendered":"Carolina Herrera Good G\u0131rl Very EDP 80 ML"},"content":{"rendered":"<p><b>MUHTE\u015eEM VE KORKUSUZ<\/b><br \/>\nVery Good Girl, ba\u015ftan \u00e7\u0131kar\u0131c\u0131 g\u00fcl kokusu ve \u00f6zel Red-hot \u00f6d\u00fcll\u00fc tasar\u0131m\u0131yla do\u011frudan kalbinize dokunacak ikonik Good Girl kokusunun cesur bir yorumudur. Carolina Herrera&#8217;n\u0131n modern kad\u0131n\u0131n \u00e7ok y\u00f6nl\u00fcl\u00fc\u011f\u00fcne dair vizyonunu geli\u015ftiren bu g\u00f6rkemli ve \u015fa\u015f\u0131rt\u0131c\u0131 Eau de Parfum, \u00e7a\u011fda\u015f kad\u0131nl\u0131\u011f\u0131n ger\u00e7ek g\u00fczelli\u011fini g\u00f6steriyor.<\/p>\n<p><b>\u015eA\u015eIRTICI B\u0130R KOKU YOLCULU\u011eU<\/b><br \/>\nVery Good Girl sizi, \u015fa\u015f\u0131rt\u0131c\u0131 yaramaz k\u0131rm\u0131z\u0131 frenk \u00fcz\u00fcm\u00fc ve egzotik li\u00e7inin \u00fcst notalar\u0131yla ba\u015flay\u0131p ba\u015ftan \u00e7\u0131kar\u0131c\u0131 bir g\u00fcl kalbine uzanan bir koku yolculu\u011funa \u00e7\u0131kar\u0131yor. Vetiver ve vanilya temel notalar\u0131 \u00e7a\u011fda\u015f bir biti\u015f sa\u011fl\u0131yor.<\/p>\n<p><b>TUTKU SEMBOL\u00dc<\/b><br \/>\n\u0130konik Good Girl Stiletto yeni zirvelere ula\u015f\u0131yor. G\u00f6z kama\u015ft\u0131r\u0131c\u0131 k\u0131rm\u0131z\u0131 lake i\u00e7 y\u00fczeyi ile\u2014 imza niteli\u011finde bir g\u00f6lgelik ve tutkunun, zarafetin ve g\u00fczelli\u011fin sembol\u00fc.<\/p>\n","protected":false},"excerpt":{"rendered":"<p>MUHTE\u015eEM VE KORKUSUZ Very Good Girl, ba\u015ftan \u00e7\u0131kar\u0131c\u0131 g\u00fcl kokusu ve \u00f6zel Red-hot \u00f6d\u00fcll\u00fc tasar\u0131m\u0131yla do\u011frudan kalbinize dokunacak ikonik Good Girl kokusunun cesur bir yorumudur. Carolina Herrera&#8217;n\u0131n modern kad\u0131n\u0131n \u00e7ok y\u00f6nl\u00fcl\u00fc\u011f\u00fcne dair vizyonunu geli\u015ftiren bu g\u00f6rkemli ve \u015fa\u015f\u0131rt\u0131c\u0131 Eau de Parfum, \u00e7a\u011fda\u015f kad\u0131nl\u0131\u011f\u0131n ger\u00e7ek g\u00fczelli\u011fini g\u00f6steriyor. \u015eA\u015eIRTICI B\u0130R KOKU YOLCULU\u011eU Very Good Girl sizi, \u015fa\u015f\u0131rt\u0131c\u0131&#8230;<\/p>\n","protected":false},"featured_media":466,"comment_status":"open","ping_status":"closed","template":"","meta":{"_kad_post_transparent":"default","_kad_post_title":"","_kad_post_layout":"default","_kad_post_sidebar_id":"","_kad_post_content_style":"default","_kad_post_vertical_padding":"default","_kad_post_feature":"","_kad_post_feature_position":"","_kad_post_header":false,"_kad_post_footer":false},"product_brand":[74],"product_cat":[20],"product_tag":[75,58,27,28],"class_list":{"0":"post-465","1":"product","2":"type-product","3":"status-publish","4":"has-post-thumbnail","6":"product_brand-carolina-herrera","7":"product_cat-kadin","8":"product_tag-carolina-herrera","9":"product_tag-kadin-parfum","10":"product_tag-luks-koku","11":"product_tag-orijinal-urun","13":"first","14":"instock","15":"sale","16":"taxable","17":"shipping-taxable","18":"purchasable","19":"product-type-simple","20":"entry","21":"content-bg","22":"loop-entry"},"_links":{"self":[{"href":"https:\/\/samiraparfumeri.com\/index.php?rest_route=\/wp\/v2\/product\/465","targetHints":{"allow":["GET"]}}],"collection":[{"href":"https:\/\/samiraparfumeri.com\/index.php?rest_route=\/wp\/v2\/product"}],"about":[{"href":"https:\/\/samiraparfumeri.com\/index.php?rest_route=\/wp\/v2\/types\/product"}],"replies":[{"embeddable":true,"href":"https:\/\/samiraparfumeri.com\/index.php?rest_route=%2Fwp%2Fv2%2Fcomments&post=465"}],"wp:featuredmedia":[{"embeddable":true,"href":"https:\/\/samiraparfumeri.com\/index.php?rest_route=\/wp\/v2\/media\/466"}],"wp:attachment":[{"href":"https:\/\/samiraparfumeri.com\/index.php?rest_route=%2Fwp%2Fv2%2Fmedia&parent=465"}],"wp:term":[{"taxonomy":"product_brand","embeddable":true,"href":"https:\/\/samiraparfumeri.com\/index.php?rest_route=%2Fwp%2Fv2%2Fproduct_brand&post=465"},{"taxonomy":"product_cat","embeddable":true,"href":"https:\/\/samiraparfumeri.com\/index.php?rest_route=%2Fwp%2Fv2%2Fproduct_cat&post=465"},{"taxonomy":"product_tag","embeddable":true,"href":"https:\/\/samiraparfumeri.com\/index.php?rest_route=%2Fwp%2Fv2%2Fproduct_tag&post=465"}],"curies":[{"name":"wp","href":"https:\/\/api.w.org\/{rel}","templated":true}]}}