{"id":481,"date":"2025-06-13T15:47:38","date_gmt":"2025-06-13T12:47:38","guid":{"rendered":"https:\/\/samiraparfumeri.com\/?post_type=product&#038;p=481"},"modified":"2025-06-13T15:47:38","modified_gmt":"2025-06-13T12:47:38","slug":"paco-rabanne-olympea-edp-80-ml","status":"publish","type":"product","link":"https:\/\/samiraparfumeri.com\/?product=paco-rabanne-olympea-edp-80-ml","title":{"rendered":"Paco Rabanne Olympea EDP 80 ML"},"content":{"rendered":"<div class=\"short-description\">\n<div class=\"std\">Olymp\u00e9a, kad\u0131n\u0131n g\u00fcc\u00fcn\u00fcn ve kutsall\u0131\u011f\u0131n\u0131n yans\u0131mas\u0131. O her kad\u0131n\u0131n k\u0131skand\u0131\u011f\u0131, tanr\u0131sal g\u00fczelli\u011fi ile t\u00fcm erkeklerin arzulad\u0131\u011f\u0131, e\u015fsiz, b\u00fcy\u00fcleyici, g\u00fc\u00e7l\u00fc, kutsal bir kad\u0131n. Zaferin mask\u00fclen ifadesi INVICTUS\u2019un yan\u0131nda, zaferin feminen ifadesi.<\/div>\n<\/div>\n","protected":false},"excerpt":{"rendered":"<p>Olymp\u00e9a, kad\u0131n\u0131n g\u00fcc\u00fcn\u00fcn ve kutsall\u0131\u011f\u0131n\u0131n yans\u0131mas\u0131. O her kad\u0131n\u0131n k\u0131skand\u0131\u011f\u0131, tanr\u0131sal g\u00fczelli\u011fi ile t\u00fcm erkeklerin arzulad\u0131\u011f\u0131, e\u015fsiz, b\u00fcy\u00fcleyici, g\u00fc\u00e7l\u00fc, kutsal bir kad\u0131n. Zaferin mask\u00fclen ifadesi INVICTUS\u2019un yan\u0131nda, zaferin feminen ifadesi.<\/p>\n","protected":false},"featured_media":482,"comment_status":"open","ping_status":"closed","template":"","meta":{"_kad_post_transparent":"default","_kad_post_title":"","_kad_post_layout":"default","_kad_post_sidebar_id":"","_kad_post_content_style":"default","_kad_post_vertical_padding":"default","_kad_post_feature":"","_kad_post_feature_position":"","_kad_post_header":false,"_kad_post_footer":false},"product_brand":[39],"product_cat":[20],"product_tag":[58,27,28,40],"class_list":{"0":"post-481","1":"product","2":"type-product","3":"status-publish","4":"has-post-thumbnail","6":"product_brand-paco-rabanne","7":"product_cat-kadin","8":"product_tag-kadin-parfum","9":"product_tag-luks-koku","10":"product_tag-orijinal-urun","11":"product_tag-paco-rabanne","13":"first","14":"instock","15":"sale","16":"taxable","17":"shipping-taxable","18":"purchasable","19":"product-type-simple","20":"entry","21":"content-bg","22":"loop-entry"},"_links":{"self":[{"href":"https:\/\/samiraparfumeri.com\/index.php?rest_route=\/wp\/v2\/product\/481","targetHints":{"allow":["GET"]}}],"collection":[{"href":"https:\/\/samiraparfumeri.com\/index.php?rest_route=\/wp\/v2\/product"}],"about":[{"href":"https:\/\/samiraparfumeri.com\/index.php?rest_route=\/wp\/v2\/types\/product"}],"replies":[{"embeddable":true,"href":"https:\/\/samiraparfumeri.com\/index.php?rest_route=%2Fwp%2Fv2%2Fcomments&post=481"}],"wp:featuredmedia":[{"embeddable":true,"href":"https:\/\/samiraparfumeri.com\/index.php?rest_route=\/wp\/v2\/media\/482"}],"wp:attachment":[{"href":"https:\/\/samiraparfumeri.com\/index.php?rest_route=%2Fwp%2Fv2%2Fmedia&parent=481"}],"wp:term":[{"taxonomy":"product_brand","embeddable":true,"href":"https:\/\/samiraparfumeri.com\/index.php?rest_route=%2Fwp%2Fv2%2Fproduct_brand&post=481"},{"taxonomy":"product_cat","embeddable":true,"href":"https:\/\/samiraparfumeri.com\/index.php?rest_route=%2Fwp%2Fv2%2Fproduct_cat&post=481"},{"taxonomy":"product_tag","embeddable":true,"href":"https:\/\/samiraparfumeri.com\/index.php?rest_route=%2Fwp%2Fv2%2Fproduct_tag&post=481"}],"curies":[{"name":"wp","href":"https:\/\/api.w.org\/{rel}","templated":true}]}}