{"id":498,"date":"2025-06-13T16:56:12","date_gmt":"2025-06-13T13:56:12","guid":{"rendered":"https:\/\/samiraparfumeri.com\/?post_type=product&#038;p=498"},"modified":"2025-06-13T16:59:54","modified_gmt":"2025-06-13T13:59:54","slug":"my-burberry-blush-edp-90-ml","status":"publish","type":"product","link":"https:\/\/samiraparfumeri.com\/?product=my-burberry-blush-edp-90-ml","title":{"rendered":"My Burberry Blush Edp 90 ML"},"content":{"rendered":"<p>I\u015f\u0131lt\u0131l\u0131 notalara sahip meyveli \u00e7i\u00e7eksi bir Eau de Parfum olan My Burberry Blush&#8217;\u0131 ke\u015ffedin. G\u00fcn\u00fcn ilk \u0131\u015f\u0131\u011f\u0131nda Londra bah\u00e7e uyan\u0131\u015f\u0131n\u0131 \u00e7a\u011fr\u0131\u015ft\u0131ran, My Burberry All\u0131k Christopher Bailey ile i\u015fbirli\u011fi i\u00e7inde Francis K\u00fcrk\u00e7\u00fcyan&#8217;\u0131n sana yollad\u0131\u011f\u0131 Parf\u00fcmc\u00fc yeni energy.Created ile \u00e7i\u00e7ek \u00e7i\u00e7ek tomurcuklar\u0131 gibi duyular\u0131 y\u00fccelten, \u00f6z\u00fc gevrek ile kar\u0131\u015f\u0131k dondurulmu\u015f nar \u00fczerinde a\u00e7\u0131l\u0131r Limon. G\u00fcl yapraklar\u0131n\u0131n narin notalar\u0131, gevrek elma ile zenginle\u015ftirilmi\u015ftir. Yasemin ve salk\u0131m arka plan\u0131, kad\u0131ns\u0131 ve yo\u011fun bir koku i\u00e7in b\u00fct\u00fcn\u00fc tamamlar.<\/p>\n","protected":false},"excerpt":{"rendered":"<p>I\u015f\u0131lt\u0131l\u0131 notalara sahip meyveli \u00e7i\u00e7eksi bir Eau de Parfum olan My Burberry Blush&#8217;\u0131 ke\u015ffedin. G\u00fcn\u00fcn ilk \u0131\u015f\u0131\u011f\u0131nda Londra bah\u00e7e uyan\u0131\u015f\u0131n\u0131 \u00e7a\u011fr\u0131\u015ft\u0131ran, My Burberry All\u0131k Christopher Bailey ile i\u015fbirli\u011fi i\u00e7inde Francis K\u00fcrk\u00e7\u00fcyan&#8217;\u0131n sana yollad\u0131\u011f\u0131 Parf\u00fcmc\u00fc yeni energy.Created ile \u00e7i\u00e7ek \u00e7i\u00e7ek tomurcuklar\u0131 gibi duyular\u0131 y\u00fccelten, \u00f6z\u00fc gevrek ile kar\u0131\u015f\u0131k dondurulmu\u015f nar \u00fczerinde a\u00e7\u0131l\u0131r Limon. G\u00fcl yapraklar\u0131n\u0131n narin&#8230;<\/p>\n","protected":false},"featured_media":504,"comment_status":"open","ping_status":"closed","template":"","meta":{"_kad_post_transparent":"default","_kad_post_title":"","_kad_post_layout":"default","_kad_post_sidebar_id":"","_kad_post_content_style":"default","_kad_post_vertical_padding":"default","_kad_post_feature":"","_kad_post_feature_position":"","_kad_post_header":false,"_kad_post_footer":false},"product_brand":[51],"product_cat":[20],"product_tag":[58,27,79,28],"class_list":{"0":"post-498","1":"product","2":"type-product","3":"status-publish","4":"has-post-thumbnail","6":"product_brand-burberry","7":"product_cat-kadin","8":"product_tag-kadin-parfum","9":"product_tag-luks-koku","10":"product_tag-my-burberry","11":"product_tag-orijinal-urun","13":"first","14":"instock","15":"sale","16":"taxable","17":"shipping-taxable","18":"purchasable","19":"product-type-simple","20":"entry","21":"content-bg","22":"loop-entry"},"_links":{"self":[{"href":"https:\/\/samiraparfumeri.com\/index.php?rest_route=\/wp\/v2\/product\/498","targetHints":{"allow":["GET"]}}],"collection":[{"href":"https:\/\/samiraparfumeri.com\/index.php?rest_route=\/wp\/v2\/product"}],"about":[{"href":"https:\/\/samiraparfumeri.com\/index.php?rest_route=\/wp\/v2\/types\/product"}],"replies":[{"embeddable":true,"href":"https:\/\/samiraparfumeri.com\/index.php?rest_route=%2Fwp%2Fv2%2Fcomments&post=498"}],"wp:featuredmedia":[{"embeddable":true,"href":"https:\/\/samiraparfumeri.com\/index.php?rest_route=\/wp\/v2\/media\/504"}],"wp:attachment":[{"href":"https:\/\/samiraparfumeri.com\/index.php?rest_route=%2Fwp%2Fv2%2Fmedia&parent=498"}],"wp:term":[{"taxonomy":"product_brand","embeddable":true,"href":"https:\/\/samiraparfumeri.com\/index.php?rest_route=%2Fwp%2Fv2%2Fproduct_brand&post=498"},{"taxonomy":"product_cat","embeddable":true,"href":"https:\/\/samiraparfumeri.com\/index.php?rest_route=%2Fwp%2Fv2%2Fproduct_cat&post=498"},{"taxonomy":"product_tag","embeddable":true,"href":"https:\/\/samiraparfumeri.com\/index.php?rest_route=%2Fwp%2Fv2%2Fproduct_tag&post=498"}],"curies":[{"name":"wp","href":"https:\/\/api.w.org\/{rel}","templated":true}]}}