{"id":505,"date":"2025-06-13T17:02:19","date_gmt":"2025-06-13T14:02:19","guid":{"rendered":"https:\/\/samiraparfumeri.com\/?post_type=product&#038;p=505"},"modified":"2025-06-13T17:02:19","modified_gmt":"2025-06-13T14:02:19","slug":"chloe-nomade-edp-75-ml","status":"publish","type":"product","link":"https:\/\/samiraparfumeri.com\/?product=chloe-nomade-edp-75-ml","title":{"rendered":"Chloe Nomade Edp 75 ML"},"content":{"rendered":"<h2>\u00dcr\u00fcn A\u00e7\u0131klamas\u0131<\/h2>\n<p>Nomade, Chlo\u00e9 ruhunu tan\u0131mlayan \u00f6zg\u00fcrl\u00fck d\u00fc\u015fk\u00fcn\u00fc ve kendinden emin kad\u0131n\u0131n zahmetsizce zarafet ruhunu yakalayan bir parf\u00fcm. Kaderini s\u0131n\u0131rlardan uzak bir yolculu\u011fa \u00e7\u0131karan, yeni ufuklarla renklendirilmi\u015f bir kad\u0131n\u0131n yol haritas\u0131n\u0131 \u00e7iziyor. Safl\u0131\u011f\u0131n ve g\u00fcc\u00fcn kar\u0131\u015f\u0131m\u0131, g\u00fc\u00e7l\u00fc floral \u015fipre y\u00fczeyinde \u00f6zg\u00fcrl\u00fck r\u00fczgarlar\u0131 esiyor. Me\u015fe odunu yosununun yo\u011fun, mineral \u00f6zelli\u011fi, sar\u0131 eri\u011finin \u015fehvetli tatl\u0131l\u0131\u011f\u0131nda gizli. Bu tazelik, frezya taraf\u0131ndan ta\u015f\u0131nan bir \u00e7i\u00e7ek \u00e7\u0131lg\u0131nl\u0131\u011f\u0131 hissi yay\u0131yor.Parf\u00fcm\u00f6r Quentin Bisch taraf\u0131ndan bir araya getirilen bu do\u011fal i\u00e7erikler, t\u0131pk\u0131 bir ka\u00e7\u0131\u015f hissi gibi canland\u0131r\u0131c\u0131 uyumlarla vurgulan\u0131p ilham veriyor.<\/p>\n","protected":false},"excerpt":{"rendered":"<p>\u00dcr\u00fcn A\u00e7\u0131klamas\u0131 Nomade, Chlo\u00e9 ruhunu tan\u0131mlayan \u00f6zg\u00fcrl\u00fck d\u00fc\u015fk\u00fcn\u00fc ve kendinden emin kad\u0131n\u0131n zahmetsizce zarafet ruhunu yakalayan bir parf\u00fcm. Kaderini s\u0131n\u0131rlardan uzak bir yolculu\u011fa \u00e7\u0131karan, yeni ufuklarla renklendirilmi\u015f bir kad\u0131n\u0131n yol haritas\u0131n\u0131 \u00e7iziyor. Safl\u0131\u011f\u0131n ve g\u00fcc\u00fcn kar\u0131\u015f\u0131m\u0131, g\u00fc\u00e7l\u00fc floral \u015fipre y\u00fczeyinde \u00f6zg\u00fcrl\u00fck r\u00fczgarlar\u0131 esiyor. Me\u015fe odunu yosununun yo\u011fun, mineral \u00f6zelli\u011fi, sar\u0131 eri\u011finin \u015fehvetli tatl\u0131l\u0131\u011f\u0131nda gizli. Bu&#8230;<\/p>\n","protected":false},"featured_media":506,"comment_status":"open","ping_status":"closed","template":"","meta":{"_kad_post_transparent":"default","_kad_post_title":"","_kad_post_layout":"default","_kad_post_sidebar_id":"","_kad_post_content_style":"default","_kad_post_vertical_padding":"default","_kad_post_feature":"","_kad_post_feature_position":"","_kad_post_header":false,"_kad_post_footer":false},"product_brand":[80],"product_cat":[20],"product_tag":[81,58,27,28],"class_list":{"0":"post-505","1":"product","2":"type-product","3":"status-publish","4":"has-post-thumbnail","6":"product_brand-chloe","7":"product_cat-kadin","8":"product_tag-chloe","9":"product_tag-kadin-parfum","10":"product_tag-luks-koku","11":"product_tag-orijinal-urun","13":"first","14":"instock","15":"sale","16":"taxable","17":"shipping-taxable","18":"purchasable","19":"product-type-simple","20":"entry","21":"content-bg","22":"loop-entry"},"_links":{"self":[{"href":"https:\/\/samiraparfumeri.com\/index.php?rest_route=\/wp\/v2\/product\/505","targetHints":{"allow":["GET"]}}],"collection":[{"href":"https:\/\/samiraparfumeri.com\/index.php?rest_route=\/wp\/v2\/product"}],"about":[{"href":"https:\/\/samiraparfumeri.com\/index.php?rest_route=\/wp\/v2\/types\/product"}],"replies":[{"embeddable":true,"href":"https:\/\/samiraparfumeri.com\/index.php?rest_route=%2Fwp%2Fv2%2Fcomments&post=505"}],"wp:featuredmedia":[{"embeddable":true,"href":"https:\/\/samiraparfumeri.com\/index.php?rest_route=\/wp\/v2\/media\/506"}],"wp:attachment":[{"href":"https:\/\/samiraparfumeri.com\/index.php?rest_route=%2Fwp%2Fv2%2Fmedia&parent=505"}],"wp:term":[{"taxonomy":"product_brand","embeddable":true,"href":"https:\/\/samiraparfumeri.com\/index.php?rest_route=%2Fwp%2Fv2%2Fproduct_brand&post=505"},{"taxonomy":"product_cat","embeddable":true,"href":"https:\/\/samiraparfumeri.com\/index.php?rest_route=%2Fwp%2Fv2%2Fproduct_cat&post=505"},{"taxonomy":"product_tag","embeddable":true,"href":"https:\/\/samiraparfumeri.com\/index.php?rest_route=%2Fwp%2Fv2%2Fproduct_tag&post=505"}],"curies":[{"name":"wp","href":"https:\/\/api.w.org\/{rel}","templated":true}]}}