{"id":523,"date":"2025-06-13T17:20:21","date_gmt":"2025-06-13T14:20:21","guid":{"rendered":"https:\/\/samiraparfumeri.com\/?post_type=product&#038;p=523"},"modified":"2025-06-13T17:20:21","modified_gmt":"2025-06-13T14:20:21","slug":"my-burberry-black-edp-90-ml","status":"publish","type":"product","link":"https:\/\/samiraparfumeri.com\/?product=my-burberry-black-edp-90-ml","title":{"rendered":"My Burberry Black EDP 90 ML"},"content":{"rendered":"<p>B\u00fcy\u00fcleyici ve gizemli koku, f\u0131rt\u0131na \u00f6ncesi bir Londra bah\u00e7esini \u00e7a\u011fr\u0131\u015ft\u0131r\u0131yor. Alacakaranl\u0131kta, ya\u011fmurun ortam s\u0131cakl\u0131\u011f\u0131yla tezat olu\u015fturdu\u011fu zaman.<\/p>\n<p>My Burberry Black, yasemin \u00e7i\u00e7e\u011fini \u015feftali nektar\u0131 ile vanilya ve \u015fekerli g\u00fcl\u00fcn \u015fehvetli dokunu\u015fuyla kar\u0131\u015ft\u0131r\u0131yor.<\/p>\n<p>\u015ei\u015fe koyu kehribar ile renklendirilmi\u015ftir ve boynuz tarz\u0131 bir t\u0131pa ve elle ba\u011flanm\u0131\u015f siyah gabardin fiyonk ile s\u00fcslenmi\u015ftir, detaylar ikonik Burberry tren\u00e7kottan ilham alm\u0131\u015ft\u0131r.<\/p>\n","protected":false},"excerpt":{"rendered":"<p>B\u00fcy\u00fcleyici ve gizemli koku, f\u0131rt\u0131na \u00f6ncesi bir Londra bah\u00e7esini \u00e7a\u011fr\u0131\u015ft\u0131r\u0131yor. Alacakaranl\u0131kta, ya\u011fmurun ortam s\u0131cakl\u0131\u011f\u0131yla tezat olu\u015fturdu\u011fu zaman. My Burberry Black, yasemin \u00e7i\u00e7e\u011fini \u015feftali nektar\u0131 ile vanilya ve \u015fekerli g\u00fcl\u00fcn \u015fehvetli dokunu\u015fuyla kar\u0131\u015ft\u0131r\u0131yor. \u015ei\u015fe koyu kehribar ile renklendirilmi\u015ftir ve boynuz tarz\u0131 bir t\u0131pa ve elle ba\u011flanm\u0131\u015f siyah gabardin fiyonk ile s\u00fcslenmi\u015ftir, detaylar ikonik Burberry tren\u00e7kottan ilham&#8230;<\/p>\n","protected":false},"featured_media":524,"comment_status":"open","ping_status":"closed","template":"","meta":{"_kad_post_transparent":"default","_kad_post_title":"","_kad_post_layout":"default","_kad_post_sidebar_id":"","_kad_post_content_style":"default","_kad_post_vertical_padding":"default","_kad_post_feature":"","_kad_post_feature_position":"","_kad_post_header":false,"_kad_post_footer":false},"product_brand":[51],"product_cat":[20],"product_tag":[58,27,79,28],"class_list":{"0":"post-523","1":"product","2":"type-product","3":"status-publish","4":"has-post-thumbnail","6":"product_brand-burberry","7":"product_cat-kadin","8":"product_tag-kadin-parfum","9":"product_tag-luks-koku","10":"product_tag-my-burberry","11":"product_tag-orijinal-urun","13":"first","14":"instock","15":"sale","16":"taxable","17":"shipping-taxable","18":"purchasable","19":"product-type-simple","20":"entry","21":"content-bg","22":"loop-entry"},"_links":{"self":[{"href":"https:\/\/samiraparfumeri.com\/index.php?rest_route=\/wp\/v2\/product\/523","targetHints":{"allow":["GET"]}}],"collection":[{"href":"https:\/\/samiraparfumeri.com\/index.php?rest_route=\/wp\/v2\/product"}],"about":[{"href":"https:\/\/samiraparfumeri.com\/index.php?rest_route=\/wp\/v2\/types\/product"}],"replies":[{"embeddable":true,"href":"https:\/\/samiraparfumeri.com\/index.php?rest_route=%2Fwp%2Fv2%2Fcomments&post=523"}],"wp:featuredmedia":[{"embeddable":true,"href":"https:\/\/samiraparfumeri.com\/index.php?rest_route=\/wp\/v2\/media\/524"}],"wp:attachment":[{"href":"https:\/\/samiraparfumeri.com\/index.php?rest_route=%2Fwp%2Fv2%2Fmedia&parent=523"}],"wp:term":[{"taxonomy":"product_brand","embeddable":true,"href":"https:\/\/samiraparfumeri.com\/index.php?rest_route=%2Fwp%2Fv2%2Fproduct_brand&post=523"},{"taxonomy":"product_cat","embeddable":true,"href":"https:\/\/samiraparfumeri.com\/index.php?rest_route=%2Fwp%2Fv2%2Fproduct_cat&post=523"},{"taxonomy":"product_tag","embeddable":true,"href":"https:\/\/samiraparfumeri.com\/index.php?rest_route=%2Fwp%2Fv2%2Fproduct_tag&post=523"}],"curies":[{"name":"wp","href":"https:\/\/api.w.org\/{rel}","templated":true}]}}