{"id":527,"date":"2025-06-13T17:22:30","date_gmt":"2025-06-13T14:22:30","guid":{"rendered":"https:\/\/samiraparfumeri.com\/?post_type=product&#038;p=527"},"modified":"2025-06-13T18:08:23","modified_gmt":"2025-06-13T15:08:23","slug":"burberry-her-edp-100-ml","status":"publish","type":"product","link":"https:\/\/samiraparfumeri.com\/?product=burberry-her-edp-100-ml","title":{"rendered":"Burberry Her EDP 100 ML"},"content":{"rendered":"<p>Londra tutumunun enkarnasyonu: macerac\u0131, canl\u0131 ve cesur. K\u0131rm\u0131z\u0131 meyveler, \u00e7i\u00e7ek notalar\u0131, misk ve kehribar i\u00e7eren Londra&#8217;n\u0131n ruhunu yakalayan bir \u00e7i\u00e7ek meyveli gurmet. \u0130lk Burberry parf\u00fcm\u00fcnden esinlenen l\u00fcks ve sade bir \u015fi\u015fe. Zira Cara Delevingne, m\u00fczisyen olarak, kendi memleketi olan Londra&#8217;ya bir yarat\u0131c\u0131, eklektik ve canl\u0131 bir metropol sunan bir arma\u011fan vermektedir.<\/p>\n","protected":false},"excerpt":{"rendered":"<p>Londra tutumunun enkarnasyonu: macerac\u0131, canl\u0131 ve cesur. K\u0131rm\u0131z\u0131 meyveler, \u00e7i\u00e7ek notalar\u0131, misk ve kehribar i\u00e7eren Londra&#8217;n\u0131n ruhunu yakalayan bir \u00e7i\u00e7ek meyveli gurmet. \u0130lk Burberry parf\u00fcm\u00fcnden esinlenen l\u00fcks ve sade bir \u015fi\u015fe. Zira Cara Delevingne, m\u00fczisyen olarak, kendi memleketi olan Londra&#8217;ya bir yarat\u0131c\u0131, eklektik ve canl\u0131 bir metropol sunan bir arma\u011fan vermektedir.<\/p>\n","protected":false},"featured_media":561,"comment_status":"open","ping_status":"closed","template":"","meta":{"_kad_post_transparent":"default","_kad_post_title":"","_kad_post_layout":"default","_kad_post_sidebar_id":"","_kad_post_content_style":"default","_kad_post_vertical_padding":"default","_kad_post_feature":"","_kad_post_feature_position":"","_kad_post_header":false,"_kad_post_footer":false},"product_brand":[51],"product_cat":[20],"product_tag":[58,27,79,28],"class_list":{"0":"post-527","1":"product","2":"type-product","3":"status-publish","4":"has-post-thumbnail","6":"product_brand-burberry","7":"product_cat-kadin","8":"product_tag-kadin-parfum","9":"product_tag-luks-koku","10":"product_tag-my-burberry","11":"product_tag-orijinal-urun","13":"first","14":"instock","15":"sale","16":"taxable","17":"shipping-taxable","18":"purchasable","19":"product-type-simple","20":"entry","21":"content-bg","22":"loop-entry"},"_links":{"self":[{"href":"https:\/\/samiraparfumeri.com\/index.php?rest_route=\/wp\/v2\/product\/527","targetHints":{"allow":["GET"]}}],"collection":[{"href":"https:\/\/samiraparfumeri.com\/index.php?rest_route=\/wp\/v2\/product"}],"about":[{"href":"https:\/\/samiraparfumeri.com\/index.php?rest_route=\/wp\/v2\/types\/product"}],"replies":[{"embeddable":true,"href":"https:\/\/samiraparfumeri.com\/index.php?rest_route=%2Fwp%2Fv2%2Fcomments&post=527"}],"wp:featuredmedia":[{"embeddable":true,"href":"https:\/\/samiraparfumeri.com\/index.php?rest_route=\/wp\/v2\/media\/561"}],"wp:attachment":[{"href":"https:\/\/samiraparfumeri.com\/index.php?rest_route=%2Fwp%2Fv2%2Fmedia&parent=527"}],"wp:term":[{"taxonomy":"product_brand","embeddable":true,"href":"https:\/\/samiraparfumeri.com\/index.php?rest_route=%2Fwp%2Fv2%2Fproduct_brand&post=527"},{"taxonomy":"product_cat","embeddable":true,"href":"https:\/\/samiraparfumeri.com\/index.php?rest_route=%2Fwp%2Fv2%2Fproduct_cat&post=527"},{"taxonomy":"product_tag","embeddable":true,"href":"https:\/\/samiraparfumeri.com\/index.php?rest_route=%2Fwp%2Fv2%2Fproduct_tag&post=527"}],"curies":[{"name":"wp","href":"https:\/\/api.w.org\/{rel}","templated":true}]}}