{"id":528,"date":"2025-06-13T17:24:44","date_gmt":"2025-06-13T14:24:44","guid":{"rendered":"https:\/\/samiraparfumeri.com\/?post_type=product&#038;p=528"},"modified":"2025-06-13T17:24:44","modified_gmt":"2025-06-13T14:24:44","slug":"dolce-gabbana-q-edp-100-ml","status":"publish","type":"product","link":"https:\/\/samiraparfumeri.com\/?product=dolce-gabbana-q-edp-100-ml","title":{"rendered":"Dolce Gabbana Q EDP 100 ML"},"content":{"rendered":"<p>Q by Dolce&amp;Gabbana, her kad\u0131n\u0131n i\u00e7indeki \u00e7a\u011fda\u015f krali\u00e7eyi ortaya \u00e7\u0131karmaya davet ediyor..G\u00fc\u00e7l\u00fc odunsu bir bazla zenginle\u015ftirilmi\u015f, meyvemsi notalara sahip bu kokuya tutku, a\u015fk ve enerji ilham vermi\u015ftir. Sicilya Limonlar\u0131n\u0131n taze tad\u0131, Kiraz\u0131n z\u0131t tatl\u0131 ve ek\u015fi tatlar\u0131yla birle\u015fti\u011finde parf\u00fcme zarif ama cesur bir koku verir.Kapak tasar\u0131m\u0131 ise kiraz k\u0131rm\u0131z\u0131s\u0131 tonuyla zenginle\u015ftirilmi\u015f muhte\u015fem bir alt\u0131n ta\u00e7 \u015feklindedir.<\/p>\n<div><\/div>\n","protected":false},"excerpt":{"rendered":"<p>Q by Dolce&amp;Gabbana, her kad\u0131n\u0131n i\u00e7indeki \u00e7a\u011fda\u015f krali\u00e7eyi ortaya \u00e7\u0131karmaya davet ediyor..G\u00fc\u00e7l\u00fc odunsu bir bazla zenginle\u015ftirilmi\u015f, meyvemsi notalara sahip bu kokuya tutku, a\u015fk ve enerji ilham vermi\u015ftir. Sicilya Limonlar\u0131n\u0131n taze tad\u0131, Kiraz\u0131n z\u0131t tatl\u0131 ve ek\u015fi tatlar\u0131yla birle\u015fti\u011finde parf\u00fcme zarif ama cesur bir koku verir.Kapak tasar\u0131m\u0131 ise kiraz k\u0131rm\u0131z\u0131s\u0131 tonuyla zenginle\u015ftirilmi\u015f muhte\u015fem bir alt\u0131n ta\u00e7&#8230;<\/p>\n","protected":false},"featured_media":529,"comment_status":"open","ping_status":"closed","template":"","meta":{"_kad_post_transparent":"default","_kad_post_title":"","_kad_post_layout":"default","_kad_post_sidebar_id":"","_kad_post_content_style":"default","_kad_post_vertical_padding":"default","_kad_post_feature":"","_kad_post_feature_position":"","_kad_post_header":false,"_kad_post_footer":false},"product_brand":[47],"product_cat":[20],"product_tag":[48,58,27,28],"class_list":{"0":"post-528","1":"product","2":"type-product","3":"status-publish","4":"has-post-thumbnail","6":"product_brand-dg","7":"product_cat-kadin","8":"product_tag-dg","9":"product_tag-kadin-parfum","10":"product_tag-luks-koku","11":"product_tag-orijinal-urun","13":"first","14":"instock","15":"sale","16":"taxable","17":"shipping-taxable","18":"purchasable","19":"product-type-simple","20":"entry","21":"content-bg","22":"loop-entry"},"_links":{"self":[{"href":"https:\/\/samiraparfumeri.com\/index.php?rest_route=\/wp\/v2\/product\/528","targetHints":{"allow":["GET"]}}],"collection":[{"href":"https:\/\/samiraparfumeri.com\/index.php?rest_route=\/wp\/v2\/product"}],"about":[{"href":"https:\/\/samiraparfumeri.com\/index.php?rest_route=\/wp\/v2\/types\/product"}],"replies":[{"embeddable":true,"href":"https:\/\/samiraparfumeri.com\/index.php?rest_route=%2Fwp%2Fv2%2Fcomments&post=528"}],"wp:featuredmedia":[{"embeddable":true,"href":"https:\/\/samiraparfumeri.com\/index.php?rest_route=\/wp\/v2\/media\/529"}],"wp:attachment":[{"href":"https:\/\/samiraparfumeri.com\/index.php?rest_route=%2Fwp%2Fv2%2Fmedia&parent=528"}],"wp:term":[{"taxonomy":"product_brand","embeddable":true,"href":"https:\/\/samiraparfumeri.com\/index.php?rest_route=%2Fwp%2Fv2%2Fproduct_brand&post=528"},{"taxonomy":"product_cat","embeddable":true,"href":"https:\/\/samiraparfumeri.com\/index.php?rest_route=%2Fwp%2Fv2%2Fproduct_cat&post=528"},{"taxonomy":"product_tag","embeddable":true,"href":"https:\/\/samiraparfumeri.com\/index.php?rest_route=%2Fwp%2Fv2%2Fproduct_tag&post=528"}],"curies":[{"name":"wp","href":"https:\/\/api.w.org\/{rel}","templated":true}]}}