{"id":532,"date":"2025-06-13T17:52:45","date_gmt":"2025-06-13T14:52:45","guid":{"rendered":"https:\/\/samiraparfumeri.com\/?post_type=product&#038;p=532"},"modified":"2025-06-13T17:52:45","modified_gmt":"2025-06-13T14:52:45","slug":"lancome-la-nuit-tresor-edp-75-ml","status":"publish","type":"product","link":"https:\/\/samiraparfumeri.com\/?product=lancome-la-nuit-tresor-edp-75-ml","title":{"rendered":"Lancome La Nu\u0131t Tresor EDP 75 ML"},"content":{"rendered":"<p>Taze ahududu, buhur \u00e7i\u00e7e\u011fi ve vanilya notalar\u0131na sahip, siyah g\u00fcl \u00f6zleriyle bezenmi\u015f bir kalbi olan La Nuit Tr\u00e9sor&#8217;u ke\u015ffedin! La Nuit Tr\u00e9sor&#8217;un \u015fi\u015fesi, t\u00fcm elmaslar\u0131n en gizemli ve k\u0131ymetlisi olan siyah bir elmas \u015feklinde ve zarafetinin sembol\u00fc olarak bu elmas, siyah g\u00fcl bir gerdanl\u0131k ile s\u00fcslendi.<\/p>\n<p>Yo\u011fun ahududu aromas\u0131yla Damascena g\u00fcl\u00fcn\u00fcn \u00fcst notalar\u0131 birle\u015ferek derin ve gizemli bir kokuya imza at\u0131yor. La Nuit Tr\u00e9sor: Efsanevi Bir A\u015fk\u0131n Parf\u00fcm\u00fc!<\/p>\n<p>\u00dcst notalar: Ahududu, Tropik Meyveler ve Bergamot<\/p>\n<p>Kalp notlar\u0131: Buhur \u00c7i\u00e7e\u011fi ve G\u00fcl<\/p>\n<p>Temel Notlar: Vanilya, Pa\u00e7uli, Papir\u00fcs<\/p>\n","protected":false},"excerpt":{"rendered":"<p>Taze ahududu, buhur \u00e7i\u00e7e\u011fi ve vanilya notalar\u0131na sahip, siyah g\u00fcl \u00f6zleriyle bezenmi\u015f bir kalbi olan La Nuit Tr\u00e9sor&#8217;u ke\u015ffedin! La Nuit Tr\u00e9sor&#8217;un \u015fi\u015fesi, t\u00fcm elmaslar\u0131n en gizemli ve k\u0131ymetlisi olan siyah bir elmas \u015feklinde ve zarafetinin sembol\u00fc olarak bu elmas, siyah g\u00fcl bir gerdanl\u0131k ile s\u00fcslendi. Yo\u011fun ahududu aromas\u0131yla Damascena g\u00fcl\u00fcn\u00fcn \u00fcst notalar\u0131 birle\u015ferek derin&#8230;<\/p>\n","protected":false},"featured_media":533,"comment_status":"open","ping_status":"closed","template":"","meta":{"_kad_post_transparent":"default","_kad_post_title":"","_kad_post_layout":"default","_kad_post_sidebar_id":"","_kad_post_content_style":"default","_kad_post_vertical_padding":"default","_kad_post_feature":"","_kad_post_feature_position":"","_kad_post_header":false,"_kad_post_footer":false},"product_brand":[64],"product_cat":[20],"product_tag":[58,65,27,28],"class_list":{"0":"post-532","1":"product","2":"type-product","3":"status-publish","4":"has-post-thumbnail","6":"product_brand-lancome","7":"product_cat-kadin","8":"product_tag-kadin-parfum","9":"product_tag-lancome","10":"product_tag-luks-koku","11":"product_tag-orijinal-urun","13":"first","14":"instock","15":"sale","16":"taxable","17":"shipping-taxable","18":"purchasable","19":"product-type-simple","20":"entry","21":"content-bg","22":"loop-entry"},"_links":{"self":[{"href":"https:\/\/samiraparfumeri.com\/index.php?rest_route=\/wp\/v2\/product\/532","targetHints":{"allow":["GET"]}}],"collection":[{"href":"https:\/\/samiraparfumeri.com\/index.php?rest_route=\/wp\/v2\/product"}],"about":[{"href":"https:\/\/samiraparfumeri.com\/index.php?rest_route=\/wp\/v2\/types\/product"}],"replies":[{"embeddable":true,"href":"https:\/\/samiraparfumeri.com\/index.php?rest_route=%2Fwp%2Fv2%2Fcomments&post=532"}],"wp:featuredmedia":[{"embeddable":true,"href":"https:\/\/samiraparfumeri.com\/index.php?rest_route=\/wp\/v2\/media\/533"}],"wp:attachment":[{"href":"https:\/\/samiraparfumeri.com\/index.php?rest_route=%2Fwp%2Fv2%2Fmedia&parent=532"}],"wp:term":[{"taxonomy":"product_brand","embeddable":true,"href":"https:\/\/samiraparfumeri.com\/index.php?rest_route=%2Fwp%2Fv2%2Fproduct_brand&post=532"},{"taxonomy":"product_cat","embeddable":true,"href":"https:\/\/samiraparfumeri.com\/index.php?rest_route=%2Fwp%2Fv2%2Fproduct_cat&post=532"},{"taxonomy":"product_tag","embeddable":true,"href":"https:\/\/samiraparfumeri.com\/index.php?rest_route=%2Fwp%2Fv2%2Fproduct_tag&post=532"}],"curies":[{"name":"wp","href":"https:\/\/api.w.org\/{rel}","templated":true}]}}