{"id":537,"date":"2025-06-13T17:54:59","date_gmt":"2025-06-13T14:54:59","guid":{"rendered":"https:\/\/samiraparfumeri.com\/?post_type=product&#038;p=537"},"modified":"2025-06-13T17:54:59","modified_gmt":"2025-06-13T14:54:59","slug":"burberry-her-elixir-edp-100-ml","status":"publish","type":"product","link":"https:\/\/samiraparfumeri.com\/?product=burberry-her-elixir-edp-100-ml","title":{"rendered":"Burberry Her Elixir EDP 100 ML"},"content":{"rendered":"<p>Burberry Her Elixir de Parfum: Kad\u0131nlar i\u00e7in c\u00fcretkar ve duyusal koku. Burberry Her Eau de Parfum&#8217;\u00fcn macerac\u0131 ruhunun \u00f6tesine ge\u00e7en koku, Burberry Her&#8217;\u00fcn yo\u011funla\u015fan hikayesinin son b\u00f6l\u00fcm\u00fcd\u00fcr. Bilinmeyeni ke\u015ffetmeye cesaret eden kad\u0131nlar i\u00e7in tasarlanan Elixir, bir sonraki maceras\u0131n\u0131n heyecan\u0131n\u0131 arayan, \u00f6zg\u00fcr ruhlu kad\u0131nlar i\u00e7indir. Duyusal, kar\u015f\u0131 konulmaz, s\u0131n\u0131r tan\u0131mayan ve ba\u011f\u0131ml\u0131l\u0131k yaratan bir ki\u015fili\u011fe sahiptir.<\/p>\n","protected":false},"excerpt":{"rendered":"<p>Burberry Her Elixir de Parfum: Kad\u0131nlar i\u00e7in c\u00fcretkar ve duyusal koku. Burberry Her Eau de Parfum&#8217;\u00fcn macerac\u0131 ruhunun \u00f6tesine ge\u00e7en koku, Burberry Her&#8217;\u00fcn yo\u011funla\u015fan hikayesinin son b\u00f6l\u00fcm\u00fcd\u00fcr. Bilinmeyeni ke\u015ffetmeye cesaret eden kad\u0131nlar i\u00e7in tasarlanan Elixir, bir sonraki maceras\u0131n\u0131n heyecan\u0131n\u0131 arayan, \u00f6zg\u00fcr ruhlu kad\u0131nlar i\u00e7indir. Duyusal, kar\u015f\u0131 konulmaz, s\u0131n\u0131r tan\u0131mayan ve ba\u011f\u0131ml\u0131l\u0131k yaratan bir ki\u015fili\u011fe sahiptir.<\/p>\n","protected":false},"featured_media":538,"comment_status":"open","ping_status":"closed","template":"","meta":{"_kad_post_transparent":"default","_kad_post_title":"","_kad_post_layout":"default","_kad_post_sidebar_id":"","_kad_post_content_style":"default","_kad_post_vertical_padding":"default","_kad_post_feature":"","_kad_post_feature_position":"","_kad_post_header":false,"_kad_post_footer":false},"product_brand":[51],"product_cat":[20],"product_tag":[58,27,79,28],"class_list":{"0":"post-537","1":"product","2":"type-product","3":"status-publish","4":"has-post-thumbnail","6":"product_brand-burberry","7":"product_cat-kadin","8":"product_tag-kadin-parfum","9":"product_tag-luks-koku","10":"product_tag-my-burberry","11":"product_tag-orijinal-urun","13":"first","14":"instock","15":"sale","16":"taxable","17":"shipping-taxable","18":"purchasable","19":"product-type-simple","20":"entry","21":"content-bg","22":"loop-entry"},"_links":{"self":[{"href":"https:\/\/samiraparfumeri.com\/index.php?rest_route=\/wp\/v2\/product\/537","targetHints":{"allow":["GET"]}}],"collection":[{"href":"https:\/\/samiraparfumeri.com\/index.php?rest_route=\/wp\/v2\/product"}],"about":[{"href":"https:\/\/samiraparfumeri.com\/index.php?rest_route=\/wp\/v2\/types\/product"}],"replies":[{"embeddable":true,"href":"https:\/\/samiraparfumeri.com\/index.php?rest_route=%2Fwp%2Fv2%2Fcomments&post=537"}],"wp:featuredmedia":[{"embeddable":true,"href":"https:\/\/samiraparfumeri.com\/index.php?rest_route=\/wp\/v2\/media\/538"}],"wp:attachment":[{"href":"https:\/\/samiraparfumeri.com\/index.php?rest_route=%2Fwp%2Fv2%2Fmedia&parent=537"}],"wp:term":[{"taxonomy":"product_brand","embeddable":true,"href":"https:\/\/samiraparfumeri.com\/index.php?rest_route=%2Fwp%2Fv2%2Fproduct_brand&post=537"},{"taxonomy":"product_cat","embeddable":true,"href":"https:\/\/samiraparfumeri.com\/index.php?rest_route=%2Fwp%2Fv2%2Fproduct_cat&post=537"},{"taxonomy":"product_tag","embeddable":true,"href":"https:\/\/samiraparfumeri.com\/index.php?rest_route=%2Fwp%2Fv2%2Fproduct_tag&post=537"}],"curies":[{"name":"wp","href":"https:\/\/api.w.org\/{rel}","templated":true}]}}