{"id":548,"date":"2025-06-13T18:00:51","date_gmt":"2025-06-13T15:00:51","guid":{"rendered":"https:\/\/samiraparfumeri.com\/?post_type=product&#038;p=548"},"modified":"2025-06-13T18:00:51","modified_gmt":"2025-06-13T15:00:51","slug":"burberry-burberry-goddess-edp-100-ml","status":"publish","type":"product","link":"https:\/\/samiraparfumeri.com\/?product=burberry-burberry-goddess-edp-100-ml","title":{"rendered":"Burberry Burberry Goddess EDP 100 ML"},"content":{"rendered":"<p>\u0130\u00e7indeki g\u00fc\u00e7. Yeni Burberry Goddess, Emma Mackey ve di\u015fi aslanlar\u0131yla gurur duydu\u011fu kendini ke\u015ffetme yolculu\u011funu konu al\u0131yor. G\u00fcven, g\u00fc\u00e7 ve nezaket sa\u00e7an Emma, Burberry Goddess Eau de Parfum&#8217;un ruhunu temsil ediyor.<\/p>\n<p>Burberry Goddess Eau de Parfum, g\u00fc\u00e7l\u00fc vanilya \u00fc\u00e7l\u00fcs\u00fcn\u00fcn liderli\u011findeki e\u015fsiz gurme aromatik koku. \u00dcstte odunsu tonlarda vanilya inf\u00fczyonu, kalpte zengin tatl\u0131l\u0131\u011fa sahip vanilya havyar\u0131 ve dipte lavanta ile zenginle\u015ftirilmi\u015f vanilya \u00f6z\u00fc.<\/p>\n<p>Burberry Goddess Eau de Parfum, yeniden doldurulmak \u00fczere tasarlanm\u0131\u015f zarif, kare \u015fekilli bir \u015fi\u015feye sahiptir. Madalyonla s\u00fcslenmi\u015f gabardin bej ve alt\u0131n rengi ambalaj, markan\u0131n zengin miras\u0131na at\u0131fta bulunur.<\/p>\n","protected":false},"excerpt":{"rendered":"<p>\u0130\u00e7indeki g\u00fc\u00e7. Yeni Burberry Goddess, Emma Mackey ve di\u015fi aslanlar\u0131yla gurur duydu\u011fu kendini ke\u015ffetme yolculu\u011funu konu al\u0131yor. G\u00fcven, g\u00fc\u00e7 ve nezaket sa\u00e7an Emma, Burberry Goddess Eau de Parfum&#8217;un ruhunu temsil ediyor. Burberry Goddess Eau de Parfum, g\u00fc\u00e7l\u00fc vanilya \u00fc\u00e7l\u00fcs\u00fcn\u00fcn liderli\u011findeki e\u015fsiz gurme aromatik koku. \u00dcstte odunsu tonlarda vanilya inf\u00fczyonu, kalpte zengin tatl\u0131l\u0131\u011fa sahip vanilya havyar\u0131&#8230;<\/p>\n","protected":false},"featured_media":551,"comment_status":"open","ping_status":"closed","template":"","meta":{"_kad_post_transparent":"default","_kad_post_title":"","_kad_post_layout":"default","_kad_post_sidebar_id":"","_kad_post_content_style":"default","_kad_post_vertical_padding":"default","_kad_post_feature":"","_kad_post_feature_position":"","_kad_post_header":false,"_kad_post_footer":false},"product_brand":[51],"product_cat":[20],"product_tag":[58,27,79,28],"class_list":{"0":"post-548","1":"product","2":"type-product","3":"status-publish","4":"has-post-thumbnail","6":"product_brand-burberry","7":"product_cat-kadin","8":"product_tag-kadin-parfum","9":"product_tag-luks-koku","10":"product_tag-my-burberry","11":"product_tag-orijinal-urun","13":"first","14":"instock","15":"sale","16":"taxable","17":"shipping-taxable","18":"purchasable","19":"product-type-simple","20":"entry","21":"content-bg","22":"loop-entry"},"_links":{"self":[{"href":"https:\/\/samiraparfumeri.com\/index.php?rest_route=\/wp\/v2\/product\/548","targetHints":{"allow":["GET"]}}],"collection":[{"href":"https:\/\/samiraparfumeri.com\/index.php?rest_route=\/wp\/v2\/product"}],"about":[{"href":"https:\/\/samiraparfumeri.com\/index.php?rest_route=\/wp\/v2\/types\/product"}],"replies":[{"embeddable":true,"href":"https:\/\/samiraparfumeri.com\/index.php?rest_route=%2Fwp%2Fv2%2Fcomments&post=548"}],"wp:featuredmedia":[{"embeddable":true,"href":"https:\/\/samiraparfumeri.com\/index.php?rest_route=\/wp\/v2\/media\/551"}],"wp:attachment":[{"href":"https:\/\/samiraparfumeri.com\/index.php?rest_route=%2Fwp%2Fv2%2Fmedia&parent=548"}],"wp:term":[{"taxonomy":"product_brand","embeddable":true,"href":"https:\/\/samiraparfumeri.com\/index.php?rest_route=%2Fwp%2Fv2%2Fproduct_brand&post=548"},{"taxonomy":"product_cat","embeddable":true,"href":"https:\/\/samiraparfumeri.com\/index.php?rest_route=%2Fwp%2Fv2%2Fproduct_cat&post=548"},{"taxonomy":"product_tag","embeddable":true,"href":"https:\/\/samiraparfumeri.com\/index.php?rest_route=%2Fwp%2Fv2%2Fproduct_tag&post=548"}],"curies":[{"name":"wp","href":"https:\/\/api.w.org\/{rel}","templated":true}]}}