{"id":557,"date":"2025-06-13T18:07:31","date_gmt":"2025-06-13T15:07:31","guid":{"rendered":"https:\/\/samiraparfumeri.com\/?post_type=product&#038;p=557"},"modified":"2025-06-13T18:07:31","modified_gmt":"2025-06-13T15:07:31","slug":"kilian-angels-share-edp-50-ml","status":"publish","type":"product","link":"https:\/\/samiraparfumeri.com\/?product=kilian-angels-share-edp-50-ml","title":{"rendered":"Kilian Angels Share EDP 50 ML"},"content":{"rendered":"<p>Angels&#8217; Share, lik\u00f6rden elde edilen Konyak \u00f6z\u00fcn\u00fc i\u00e7erir ve do\u011fal karamel rengini al\u0131r. Koku, konyak ya\u011f\u0131 ile ba\u015flar ve me\u015fe mutlak\u0131, tar\u00e7\u0131n esans\u0131 ve Tonka fasulyesi mutlak\u0131n\u0131n birle\u015fimiyle devam eder. Uzun s\u00fcren sandal a\u011fac\u0131, pralin ve vanilya notalar\u0131, lezzetli bir final olu\u015fturur ve sadece meleklerin deneyimlemesi gereken nadir bir eseri yarat\u0131r.<\/p>\n","protected":false},"excerpt":{"rendered":"<p>Angels&#8217; Share, lik\u00f6rden elde edilen Konyak \u00f6z\u00fcn\u00fc i\u00e7erir ve do\u011fal karamel rengini al\u0131r. Koku, konyak ya\u011f\u0131 ile ba\u015flar ve me\u015fe mutlak\u0131, tar\u00e7\u0131n esans\u0131 ve Tonka fasulyesi mutlak\u0131n\u0131n birle\u015fimiyle devam eder. Uzun s\u00fcren sandal a\u011fac\u0131, pralin ve vanilya notalar\u0131, lezzetli bir final olu\u015fturur ve sadece meleklerin deneyimlemesi gereken nadir bir eseri yarat\u0131r.<\/p>\n","protected":false},"featured_media":560,"comment_status":"open","ping_status":"closed","template":"","meta":{"_kad_post_transparent":"default","_kad_post_title":"","_kad_post_layout":"default","_kad_post_sidebar_id":"","_kad_post_content_style":"default","_kad_post_vertical_padding":"default","_kad_post_feature":"","_kad_post_feature_position":"","_kad_post_header":false,"_kad_post_footer":false},"product_brand":[85],"product_cat":[20],"product_tag":[58,86,27,28],"class_list":{"0":"post-557","1":"product","2":"type-product","3":"status-publish","4":"has-post-thumbnail","6":"product_brand-kilian-angels","7":"product_cat-kadin","8":"product_tag-kadin-parfum","9":"product_tag-kilian-angels","10":"product_tag-luks-koku","11":"product_tag-orijinal-urun","13":"first","14":"instock","15":"sale","16":"taxable","17":"shipping-taxable","18":"purchasable","19":"product-type-simple","20":"entry","21":"content-bg","22":"loop-entry"},"_links":{"self":[{"href":"https:\/\/samiraparfumeri.com\/index.php?rest_route=\/wp\/v2\/product\/557","targetHints":{"allow":["GET"]}}],"collection":[{"href":"https:\/\/samiraparfumeri.com\/index.php?rest_route=\/wp\/v2\/product"}],"about":[{"href":"https:\/\/samiraparfumeri.com\/index.php?rest_route=\/wp\/v2\/types\/product"}],"replies":[{"embeddable":true,"href":"https:\/\/samiraparfumeri.com\/index.php?rest_route=%2Fwp%2Fv2%2Fcomments&post=557"}],"wp:featuredmedia":[{"embeddable":true,"href":"https:\/\/samiraparfumeri.com\/index.php?rest_route=\/wp\/v2\/media\/560"}],"wp:attachment":[{"href":"https:\/\/samiraparfumeri.com\/index.php?rest_route=%2Fwp%2Fv2%2Fmedia&parent=557"}],"wp:term":[{"taxonomy":"product_brand","embeddable":true,"href":"https:\/\/samiraparfumeri.com\/index.php?rest_route=%2Fwp%2Fv2%2Fproduct_brand&post=557"},{"taxonomy":"product_cat","embeddable":true,"href":"https:\/\/samiraparfumeri.com\/index.php?rest_route=%2Fwp%2Fv2%2Fproduct_cat&post=557"},{"taxonomy":"product_tag","embeddable":true,"href":"https:\/\/samiraparfumeri.com\/index.php?rest_route=%2Fwp%2Fv2%2Fproduct_tag&post=557"}],"curies":[{"name":"wp","href":"https:\/\/api.w.org\/{rel}","templated":true}]}}