{"id":675,"date":"2025-06-16T10:26:07","date_gmt":"2025-06-16T07:26:07","guid":{"rendered":"https:\/\/samiraparfumeri.com\/?post_type=product&#038;p=675"},"modified":"2025-06-20T13:55:36","modified_gmt":"2025-06-20T10:55:36","slug":"givenchy-l-interdit-edp-80-ml-kopya","status":"publish","type":"product","link":"https:\/\/samiraparfumeri.com\/?product=givenchy-l-interdit-edp-80-ml-kopya","title":{"rendered":"Givenchy L Interdit EDP 80 ML"},"content":{"rendered":"<h2>\u00dcr\u00fcn A\u00e7\u0131klamas\u0131<\/h2>\n<p>Usta parf\u00fcm\u00f6rler Dominique Ropion, Anne Flipo ve Fanny Bal taraf\u0131ndan tasarlanan, L\u2019Interdit i\u00e7eri\u011findeki beyaz \u00e7i\u00e7ek buketi portakal \u00e7i\u00e7e\u011fi, yasemin ve s\u00fcmb\u00fclteberin m\u00fcthi\u015f uyumundan olu\u015fuyor. Beyaz notalara z\u0131t olarak vetiver ve pa\u00e7uli topraks\u0131 koyu notalar\u0131 olu\u015fturur.<\/p>\n","protected":false},"excerpt":{"rendered":"<p>\u00dcr\u00fcn A\u00e7\u0131klamas\u0131 Usta parf\u00fcm\u00f6rler Dominique Ropion, Anne Flipo ve Fanny Bal taraf\u0131ndan tasarlanan, L\u2019Interdit i\u00e7eri\u011findeki beyaz \u00e7i\u00e7ek buketi portakal \u00e7i\u00e7e\u011fi, yasemin ve s\u00fcmb\u00fclteberin m\u00fcthi\u015f uyumundan olu\u015fuyor. Beyaz notalara z\u0131t olarak vetiver ve pa\u00e7uli topraks\u0131 koyu notalar\u0131 olu\u015fturur.<\/p>\n","protected":false},"featured_media":579,"comment_status":"open","ping_status":"closed","template":"","meta":{"_kad_post_transparent":"default","_kad_post_title":"","_kad_post_layout":"default","_kad_post_sidebar_id":"","_kad_post_content_style":"default","_kad_post_vertical_padding":"default","_kad_post_feature":"","_kad_post_feature_position":"","_kad_post_header":false,"_kad_post_footer":false},"product_brand":[],"product_cat":[23],"product_tag":[83,58,27,28],"class_list":{"0":"post-675","1":"product","2":"type-product","3":"status-publish","4":"has-post-thumbnail","6":"product_cat-hediye-urunler","7":"product_tag-givenchy","8":"product_tag-kadin-parfum","9":"product_tag-luks-koku","10":"product_tag-orijinal-urun","12":"first","13":"instock","14":"sale","15":"taxable","16":"shipping-taxable","17":"purchasable","18":"product-type-simple","19":"entry","20":"content-bg","21":"loop-entry"},"_links":{"self":[{"href":"https:\/\/samiraparfumeri.com\/index.php?rest_route=\/wp\/v2\/product\/675","targetHints":{"allow":["GET"]}}],"collection":[{"href":"https:\/\/samiraparfumeri.com\/index.php?rest_route=\/wp\/v2\/product"}],"about":[{"href":"https:\/\/samiraparfumeri.com\/index.php?rest_route=\/wp\/v2\/types\/product"}],"replies":[{"embeddable":true,"href":"https:\/\/samiraparfumeri.com\/index.php?rest_route=%2Fwp%2Fv2%2Fcomments&post=675"}],"wp:featuredmedia":[{"embeddable":true,"href":"https:\/\/samiraparfumeri.com\/index.php?rest_route=\/wp\/v2\/media\/579"}],"wp:attachment":[{"href":"https:\/\/samiraparfumeri.com\/index.php?rest_route=%2Fwp%2Fv2%2Fmedia&parent=675"}],"wp:term":[{"taxonomy":"product_brand","embeddable":true,"href":"https:\/\/samiraparfumeri.com\/index.php?rest_route=%2Fwp%2Fv2%2Fproduct_brand&post=675"},{"taxonomy":"product_cat","embeddable":true,"href":"https:\/\/samiraparfumeri.com\/index.php?rest_route=%2Fwp%2Fv2%2Fproduct_cat&post=675"},{"taxonomy":"product_tag","embeddable":true,"href":"https:\/\/samiraparfumeri.com\/index.php?rest_route=%2Fwp%2Fv2%2Fproduct_tag&post=675"}],"curies":[{"name":"wp","href":"https:\/\/api.w.org\/{rel}","templated":true}]}}