{"id":681,"date":"2025-06-16T10:40:58","date_gmt":"2025-06-16T07:40:58","guid":{"rendered":"https:\/\/samiraparfumeri.com\/?post_type=product&#038;p=681"},"modified":"2025-06-20T13:47:08","modified_gmt":"2025-06-20T10:47:08","slug":"armani-si-passione-edp-100-ml-2","status":"publish","type":"product","link":"https:\/\/samiraparfumeri.com\/?product=armani-si-passione-edp-100-ml-2","title":{"rendered":"Armani Si Passione EDP 100 ML"},"content":{"rendered":"<p><strong>Giorgio Armani&#8217;nin S\u00ec Passione<\/strong>, g\u00fc\u00e7l\u00fc, feminen ve \u00f6zg\u00fcr S\u00ec kad\u0131n\u0131n tutkular\u0131n\u0131 serbest b\u0131rak\u0131r. S\u00ec Passione Eau de Parfum hayata \u201cevet\u201d demekten korkmayan kad\u0131nlar\u0131n yo\u011fun ve iddial\u0131 kokusudur.<br \/>\nSi&#8217;nin ikonik notas\u0131 siyah Frenk \u00fcz\u00fcm\u00fc etraf\u0131nda \u015fekillenen S\u00ec Passione; canl\u0131 armut notalar\u0131 ile \u0131\u015f\u0131lt\u0131 kazan\u0131r. Yo\u011fun vanilya, g\u00fcl notalar\u0131 ve yasemin \u00e7i\u00e7eklerinin bir araya gelmesiyle olu\u015fan g\u00fc\u00e7l\u00fc ve zarif feminenlik, sedir a\u011fac\u0131n\u0131n olgunlu\u011fu ile z\u0131tla\u015f\u0131r. \u0130konik k\u0131rm\u0131z\u0131 \u015fi\u015fe S\u00ec Passione&#8217;nin \u00f6z\u00fcn\u00fc ve cesur tavr\u0131n\u0131 yans\u0131t\u0131r.<\/p>\n","protected":false},"excerpt":{"rendered":"<p>Giorgio Armani&#8217;nin S\u00ec Passione, g\u00fc\u00e7l\u00fc, feminen ve \u00f6zg\u00fcr S\u00ec kad\u0131n\u0131n tutkular\u0131n\u0131 serbest b\u0131rak\u0131r. S\u00ec Passione Eau de Parfum hayata \u201cevet\u201d demekten korkmayan kad\u0131nlar\u0131n yo\u011fun ve iddial\u0131 kokusudur. Si&#8217;nin ikonik notas\u0131 siyah Frenk \u00fcz\u00fcm\u00fc etraf\u0131nda \u015fekillenen S\u00ec Passione; canl\u0131 armut notalar\u0131 ile \u0131\u015f\u0131lt\u0131 kazan\u0131r. Yo\u011fun vanilya, g\u00fcl notalar\u0131 ve yasemin \u00e7i\u00e7eklerinin bir araya gelmesiyle olu\u015fan g\u00fc\u00e7l\u00fc&#8230;<\/p>\n","protected":false},"featured_media":430,"comment_status":"open","ping_status":"closed","template":"","meta":{"_kad_post_transparent":"default","_kad_post_title":"","_kad_post_layout":"default","_kad_post_sidebar_id":"","_kad_post_content_style":"default","_kad_post_vertical_padding":"default","_kad_post_feature":"","_kad_post_feature_position":"","_kad_post_header":false,"_kad_post_footer":false},"product_brand":[],"product_cat":[23],"product_tag":[32,58,27,28],"class_list":{"0":"post-681","1":"product","2":"type-product","3":"status-publish","4":"has-post-thumbnail","6":"product_cat-hediye-urunler","7":"product_tag-armani","8":"product_tag-kadin-parfum","9":"product_tag-luks-koku","10":"product_tag-orijinal-urun","12":"first","13":"instock","14":"sale","15":"taxable","16":"shipping-taxable","17":"purchasable","18":"product-type-simple","19":"entry","20":"content-bg","21":"loop-entry"},"_links":{"self":[{"href":"https:\/\/samiraparfumeri.com\/index.php?rest_route=\/wp\/v2\/product\/681","targetHints":{"allow":["GET"]}}],"collection":[{"href":"https:\/\/samiraparfumeri.com\/index.php?rest_route=\/wp\/v2\/product"}],"about":[{"href":"https:\/\/samiraparfumeri.com\/index.php?rest_route=\/wp\/v2\/types\/product"}],"replies":[{"embeddable":true,"href":"https:\/\/samiraparfumeri.com\/index.php?rest_route=%2Fwp%2Fv2%2Fcomments&post=681"}],"wp:featuredmedia":[{"embeddable":true,"href":"https:\/\/samiraparfumeri.com\/index.php?rest_route=\/wp\/v2\/media\/430"}],"wp:attachment":[{"href":"https:\/\/samiraparfumeri.com\/index.php?rest_route=%2Fwp%2Fv2%2Fmedia&parent=681"}],"wp:term":[{"taxonomy":"product_brand","embeddable":true,"href":"https:\/\/samiraparfumeri.com\/index.php?rest_route=%2Fwp%2Fv2%2Fproduct_brand&post=681"},{"taxonomy":"product_cat","embeddable":true,"href":"https:\/\/samiraparfumeri.com\/index.php?rest_route=%2Fwp%2Fv2%2Fproduct_cat&post=681"},{"taxonomy":"product_tag","embeddable":true,"href":"https:\/\/samiraparfumeri.com\/index.php?rest_route=%2Fwp%2Fv2%2Fproduct_tag&post=681"}],"curies":[{"name":"wp","href":"https:\/\/api.w.org\/{rel}","templated":true}]}}