{"id":682,"date":"2025-06-16T10:41:14","date_gmt":"2025-06-16T07:41:14","guid":{"rendered":"https:\/\/samiraparfumeri.com\/?post_type=product&#038;p=682"},"modified":"2025-06-20T13:49:26","modified_gmt":"2025-06-20T10:49:26","slug":"azzaro-wanted-by-night-edp-100-ml-2","status":"publish","type":"product","link":"https:\/\/samiraparfumeri.com\/?product=azzaro-wanted-by-night-edp-100-ml-2","title":{"rendered":"Azzaro Wanted By Night EDP 100 ML"},"content":{"rendered":"<h2>\u00dcr\u00fcn A\u00e7\u0131klamas\u0131<\/h2>\n<p>Azzaro Wanted by Night, modern bir Gatsby&#8217;nin ba\u015ftan \u00e7\u0131kar\u0131c\u0131 silah\u0131d\u0131r. G\u00f6steri\u015fli, dikkat \u00e7ekici ve gitti\u011fi her yerde ses getiren, cesur erkeklerin kokusudur.<\/p>\n<p>Wanted by Night Eau de Parfum tar\u00e7\u0131n, co\u015fkulu odunsu k\u0131rm\u0131z\u0131 sedir ve t\u00fct\u00fcn\u00fcn uyumunun muhte\u015fem uyumuna sahip. Hepsi inan\u0131lmaz derecede zarif bir \u015fi\u015fede bir arada. Bu \u015fi\u015feyi asla unutamayacaks\u0131n\u0131z\u2026<\/p>\n","protected":false},"excerpt":{"rendered":"<p>\u00dcr\u00fcn A\u00e7\u0131klamas\u0131 Azzaro Wanted by Night, modern bir Gatsby&#8217;nin ba\u015ftan \u00e7\u0131kar\u0131c\u0131 silah\u0131d\u0131r. G\u00f6steri\u015fli, dikkat \u00e7ekici ve gitti\u011fi her yerde ses getiren, cesur erkeklerin kokusudur. Wanted by Night Eau de Parfum tar\u00e7\u0131n, co\u015fkulu odunsu k\u0131rm\u0131z\u0131 sedir ve t\u00fct\u00fcn\u00fcn uyumunun muhte\u015fem uyumuna sahip. Hepsi inan\u0131lmaz derecede zarif bir \u015fi\u015fede bir arada. Bu \u015fi\u015feyi asla unutamayacaks\u0131n\u0131z\u2026<\/p>\n","protected":false},"featured_media":275,"comment_status":"open","ping_status":"closed","template":"","meta":{"_kad_post_transparent":"default","_kad_post_title":"","_kad_post_layout":"default","_kad_post_sidebar_id":"","_kad_post_content_style":"default","_kad_post_vertical_padding":"default","_kad_post_feature":"","_kad_post_feature_position":"","_kad_post_header":false,"_kad_post_footer":false},"product_brand":[],"product_cat":[23],"product_tag":[26,27,28],"class_list":{"0":"post-682","1":"product","2":"type-product","3":"status-publish","4":"has-post-thumbnail","6":"product_cat-hediye-urunler","7":"product_tag-erkek-parfum","8":"product_tag-luks-koku","9":"product_tag-orijinal-urun","11":"first","12":"instock","13":"sale","14":"taxable","15":"shipping-taxable","16":"purchasable","17":"product-type-simple","18":"entry","19":"content-bg","20":"loop-entry"},"_links":{"self":[{"href":"https:\/\/samiraparfumeri.com\/index.php?rest_route=\/wp\/v2\/product\/682","targetHints":{"allow":["GET"]}}],"collection":[{"href":"https:\/\/samiraparfumeri.com\/index.php?rest_route=\/wp\/v2\/product"}],"about":[{"href":"https:\/\/samiraparfumeri.com\/index.php?rest_route=\/wp\/v2\/types\/product"}],"replies":[{"embeddable":true,"href":"https:\/\/samiraparfumeri.com\/index.php?rest_route=%2Fwp%2Fv2%2Fcomments&post=682"}],"wp:featuredmedia":[{"embeddable":true,"href":"https:\/\/samiraparfumeri.com\/index.php?rest_route=\/wp\/v2\/media\/275"}],"wp:attachment":[{"href":"https:\/\/samiraparfumeri.com\/index.php?rest_route=%2Fwp%2Fv2%2Fmedia&parent=682"}],"wp:term":[{"taxonomy":"product_brand","embeddable":true,"href":"https:\/\/samiraparfumeri.com\/index.php?rest_route=%2Fwp%2Fv2%2Fproduct_brand&post=682"},{"taxonomy":"product_cat","embeddable":true,"href":"https:\/\/samiraparfumeri.com\/index.php?rest_route=%2Fwp%2Fv2%2Fproduct_cat&post=682"},{"taxonomy":"product_tag","embeddable":true,"href":"https:\/\/samiraparfumeri.com\/index.php?rest_route=%2Fwp%2Fv2%2Fproduct_tag&post=682"}],"curies":[{"name":"wp","href":"https:\/\/api.w.org\/{rel}","templated":true}]}}