{"id":690,"date":"2025-06-16T10:44:19","date_gmt":"2025-06-16T07:44:19","guid":{"rendered":"https:\/\/samiraparfumeri.com\/?post_type=product&#038;p=690"},"modified":"2025-06-20T13:53:48","modified_gmt":"2025-06-20T10:53:48","slug":"chanel-coco-mademoiselle-edp-100-ml-2","status":"publish","type":"product","link":"https:\/\/samiraparfumeri.com\/?product=chanel-coco-mademoiselle-edp-100-ml-2","title":{"rendered":"Chanel Coco Mademoiselle EDP 100 ML"},"content":{"rendered":"<div class=\"ui-dialog ui-corner-all ui-widget ui-widget-content ui-front product-infos-modal-popup\" tabindex=\"-1\" role=\"dialog\" aria-describedby=\"product-description-dialog-container\" aria-labelledby=\"ui-id-1\">\n<div id=\"product-description-dialog-container\" class=\"dialog-content ui-dialog-content ui-widget-content\">\n<div id=\"product-infos-content\" class=\"infos-block vip-brand-font\">\n<div class=\"pdp-description selected-body-content\">\n<div class=\"description-content product-description-box\">\n<div class=\"description-ellipsis-wrapper\">Kendinden emin, \u00f6zg\u00fcr kad\u0131n\u0131n kokusu. G\u00fc\u00e7l\u00fc karakterdeki oryantal \u00f6zelli\u011fine ra\u011fmen bir o kadar da \u015fa\u015f\u0131rt\u0131c\u0131 derecede ferah.<\/div>\n<\/div>\n<\/div>\n<\/div>\n<\/div>\n<\/div>\n","protected":false},"excerpt":{"rendered":"<p>Kendinden emin, \u00f6zg\u00fcr kad\u0131n\u0131n kokusu. G\u00fc\u00e7l\u00fc karakterdeki oryantal \u00f6zelli\u011fine ra\u011fmen bir o kadar da \u015fa\u015f\u0131rt\u0131c\u0131 derecede ferah.<\/p>\n","protected":false},"featured_media":453,"comment_status":"open","ping_status":"closed","template":"","meta":{"_kad_post_transparent":"default","_kad_post_title":"","_kad_post_layout":"default","_kad_post_sidebar_id":"","_kad_post_content_style":"default","_kad_post_vertical_padding":"default","_kad_post_feature":"","_kad_post_feature_position":"","_kad_post_header":false,"_kad_post_footer":false},"product_brand":[],"product_cat":[23],"product_tag":[50,58,27,28],"class_list":{"0":"post-690","1":"product","2":"type-product","3":"status-publish","4":"has-post-thumbnail","6":"product_cat-hediye-urunler","7":"product_tag-chanel","8":"product_tag-kadin-parfum","9":"product_tag-luks-koku","10":"product_tag-orijinal-urun","12":"first","13":"instock","14":"sale","15":"taxable","16":"shipping-taxable","17":"purchasable","18":"product-type-simple","19":"entry","20":"content-bg","21":"loop-entry"},"_links":{"self":[{"href":"https:\/\/samiraparfumeri.com\/index.php?rest_route=\/wp\/v2\/product\/690","targetHints":{"allow":["GET"]}}],"collection":[{"href":"https:\/\/samiraparfumeri.com\/index.php?rest_route=\/wp\/v2\/product"}],"about":[{"href":"https:\/\/samiraparfumeri.com\/index.php?rest_route=\/wp\/v2\/types\/product"}],"replies":[{"embeddable":true,"href":"https:\/\/samiraparfumeri.com\/index.php?rest_route=%2Fwp%2Fv2%2Fcomments&post=690"}],"wp:featuredmedia":[{"embeddable":true,"href":"https:\/\/samiraparfumeri.com\/index.php?rest_route=\/wp\/v2\/media\/453"}],"wp:attachment":[{"href":"https:\/\/samiraparfumeri.com\/index.php?rest_route=%2Fwp%2Fv2%2Fmedia&parent=690"}],"wp:term":[{"taxonomy":"product_brand","embeddable":true,"href":"https:\/\/samiraparfumeri.com\/index.php?rest_route=%2Fwp%2Fv2%2Fproduct_brand&post=690"},{"taxonomy":"product_cat","embeddable":true,"href":"https:\/\/samiraparfumeri.com\/index.php?rest_route=%2Fwp%2Fv2%2Fproduct_cat&post=690"},{"taxonomy":"product_tag","embeddable":true,"href":"https:\/\/samiraparfumeri.com\/index.php?rest_route=%2Fwp%2Fv2%2Fproduct_tag&post=690"}],"curies":[{"name":"wp","href":"https:\/\/api.w.org\/{rel}","templated":true}]}}