{"id":695,"date":"2025-06-16T10:45:00","date_gmt":"2025-06-16T07:45:00","guid":{"rendered":"https:\/\/samiraparfumeri.com\/?post_type=product&#038;p=695"},"modified":"2025-06-20T13:53:34","modified_gmt":"2025-06-20T10:53:34","slug":"christian-dior-homme-intense-edp-100-ml-2","status":"publish","type":"product","link":"https:\/\/samiraparfumeri.com\/?product=christian-dior-homme-intense-edp-100-ml-2","title":{"rendered":"Christian Dior Homme Intense EDP 100 ML"},"content":{"rendered":"<p>C\u00f6mert ve g\u00fc\u00e7l\u00fc bir Eau de Parfum&#8217;de prestij ve sofistikelik v\u00fccut buldu. Yo\u011fun iris, g\u00fc\u00e7l\u00fc amber ve de\u011ferli odun baz\u0131 ile cezbedici ve kuvvetli. Ho\u015f kokulu bir iz ile \u015fehvetli bir davet.<\/p>\n","protected":false},"excerpt":{"rendered":"<p>C\u00f6mert ve g\u00fc\u00e7l\u00fc bir Eau de Parfum&#8217;de prestij ve sofistikelik v\u00fccut buldu. Yo\u011fun iris, g\u00fc\u00e7l\u00fc amber ve de\u011ferli odun baz\u0131 ile cezbedici ve kuvvetli. Ho\u015f kokulu bir iz ile \u015fehvetli bir davet.<\/p>\n","protected":false},"featured_media":345,"comment_status":"open","ping_status":"closed","template":"","meta":{"_kad_post_transparent":"default","_kad_post_title":"","_kad_post_layout":"default","_kad_post_sidebar_id":"","_kad_post_content_style":"default","_kad_post_vertical_padding":"default","_kad_post_feature":"","_kad_post_feature_position":"","_kad_post_header":false,"_kad_post_footer":false},"product_brand":[],"product_cat":[23],"product_tag":[54,26,27,28],"class_list":{"0":"post-695","1":"product","2":"type-product","3":"status-publish","4":"has-post-thumbnail","6":"product_cat-hediye-urunler","7":"product_tag-christian-dior","8":"product_tag-erkek-parfum","9":"product_tag-luks-koku","10":"product_tag-orijinal-urun","12":"first","13":"instock","14":"sale","15":"taxable","16":"shipping-taxable","17":"purchasable","18":"product-type-simple","19":"entry","20":"content-bg","21":"loop-entry"},"_links":{"self":[{"href":"https:\/\/samiraparfumeri.com\/index.php?rest_route=\/wp\/v2\/product\/695","targetHints":{"allow":["GET"]}}],"collection":[{"href":"https:\/\/samiraparfumeri.com\/index.php?rest_route=\/wp\/v2\/product"}],"about":[{"href":"https:\/\/samiraparfumeri.com\/index.php?rest_route=\/wp\/v2\/types\/product"}],"replies":[{"embeddable":true,"href":"https:\/\/samiraparfumeri.com\/index.php?rest_route=%2Fwp%2Fv2%2Fcomments&post=695"}],"wp:featuredmedia":[{"embeddable":true,"href":"https:\/\/samiraparfumeri.com\/index.php?rest_route=\/wp\/v2\/media\/345"}],"wp:attachment":[{"href":"https:\/\/samiraparfumeri.com\/index.php?rest_route=%2Fwp%2Fv2%2Fmedia&parent=695"}],"wp:term":[{"taxonomy":"product_brand","embeddable":true,"href":"https:\/\/samiraparfumeri.com\/index.php?rest_route=%2Fwp%2Fv2%2Fproduct_brand&post=695"},{"taxonomy":"product_cat","embeddable":true,"href":"https:\/\/samiraparfumeri.com\/index.php?rest_route=%2Fwp%2Fv2%2Fproduct_cat&post=695"},{"taxonomy":"product_tag","embeddable":true,"href":"https:\/\/samiraparfumeri.com\/index.php?rest_route=%2Fwp%2Fv2%2Fproduct_tag&post=695"}],"curies":[{"name":"wp","href":"https:\/\/api.w.org\/{rel}","templated":true}]}}