{"id":697,"date":"2025-06-16T10:45:53","date_gmt":"2025-06-16T07:45:53","guid":{"rendered":"https:\/\/samiraparfumeri.com\/?post_type=product&#038;p=697"},"modified":"2025-06-20T13:47:00","modified_gmt":"2025-06-20T10:47:00","slug":"dior-addict-edp-100ml-2","status":"publish","type":"product","link":"https:\/\/samiraparfumeri.com\/?product=dior-addict-edp-100ml-2","title":{"rendered":"Dior Addict EDP 100ML"},"content":{"rendered":"<h2>\u00dcr\u00fcn A\u00e7\u0131klamas\u0131<\/h2>\n<p>\u0130lk anda dikkat \u00e7ekici, Dior Addict zaman\u0131 ile uyum i\u00e7inde bir koku, i\u00e7g\u00fcd\u00fcsel olarak g\u00fczel ve \u00f6zg\u00fcr bir \u015fekilde ba\u015ftan \u00e7\u0131kar\u0131c\u0131. Sicilya Mandalinas\u0131, \u00fcst notalarda ne\u015feli, \u0131\u015f\u0131ldayan meyveli narenciye kokular\u0131n\u0131n ba\u015ftan \u00e7\u0131kar\u0131c\u0131l\u0131\u011f\u0131n\u0131 ortaya koyar. Beyaz \u00e7i\u00e7ekler, Zambak Yasemini ve Tunus Nerolisi; Sandala\u011fac\u0131 \u00f6z\u00fcn\u00fcn odunsulu\u011fu ve Vanilya gizeminin \u00fczerinde birbirlerine kar\u0131\u015f\u0131rlar.<\/p>\n","protected":false},"excerpt":{"rendered":"<p>\u00dcr\u00fcn A\u00e7\u0131klamas\u0131 \u0130lk anda dikkat \u00e7ekici, Dior Addict zaman\u0131 ile uyum i\u00e7inde bir koku, i\u00e7g\u00fcd\u00fcsel olarak g\u00fczel ve \u00f6zg\u00fcr bir \u015fekilde ba\u015ftan \u00e7\u0131kar\u0131c\u0131. Sicilya Mandalinas\u0131, \u00fcst notalarda ne\u015feli, \u0131\u015f\u0131ldayan meyveli narenciye kokular\u0131n\u0131n ba\u015ftan \u00e7\u0131kar\u0131c\u0131l\u0131\u011f\u0131n\u0131 ortaya koyar. Beyaz \u00e7i\u00e7ekler, Zambak Yasemini ve Tunus Nerolisi; Sandala\u011fac\u0131 \u00f6z\u00fcn\u00fcn odunsulu\u011fu ve Vanilya gizeminin \u00fczerinde birbirlerine kar\u0131\u015f\u0131rlar.<\/p>\n","protected":false},"featured_media":449,"comment_status":"open","ping_status":"closed","template":"","meta":{"_kad_post_transparent":"default","_kad_post_title":"","_kad_post_layout":"default","_kad_post_sidebar_id":"","_kad_post_content_style":"default","_kad_post_vertical_padding":"default","_kad_post_feature":"","_kad_post_feature_position":"","_kad_post_header":false,"_kad_post_footer":false},"product_brand":[],"product_cat":[23],"product_tag":[55,58,27,28],"class_list":{"0":"post-697","1":"product","2":"type-product","3":"status-publish","4":"has-post-thumbnail","6":"product_cat-hediye-urunler","7":"product_tag-dior","8":"product_tag-kadin-parfum","9":"product_tag-luks-koku","10":"product_tag-orijinal-urun","12":"first","13":"instock","14":"sale","15":"taxable","16":"shipping-taxable","17":"purchasable","18":"product-type-simple","19":"entry","20":"content-bg","21":"loop-entry"},"_links":{"self":[{"href":"https:\/\/samiraparfumeri.com\/index.php?rest_route=\/wp\/v2\/product\/697","targetHints":{"allow":["GET"]}}],"collection":[{"href":"https:\/\/samiraparfumeri.com\/index.php?rest_route=\/wp\/v2\/product"}],"about":[{"href":"https:\/\/samiraparfumeri.com\/index.php?rest_route=\/wp\/v2\/types\/product"}],"replies":[{"embeddable":true,"href":"https:\/\/samiraparfumeri.com\/index.php?rest_route=%2Fwp%2Fv2%2Fcomments&post=697"}],"wp:featuredmedia":[{"embeddable":true,"href":"https:\/\/samiraparfumeri.com\/index.php?rest_route=\/wp\/v2\/media\/449"}],"wp:attachment":[{"href":"https:\/\/samiraparfumeri.com\/index.php?rest_route=%2Fwp%2Fv2%2Fmedia&parent=697"}],"wp:term":[{"taxonomy":"product_brand","embeddable":true,"href":"https:\/\/samiraparfumeri.com\/index.php?rest_route=%2Fwp%2Fv2%2Fproduct_brand&post=697"},{"taxonomy":"product_cat","embeddable":true,"href":"https:\/\/samiraparfumeri.com\/index.php?rest_route=%2Fwp%2Fv2%2Fproduct_cat&post=697"},{"taxonomy":"product_tag","embeddable":true,"href":"https:\/\/samiraparfumeri.com\/index.php?rest_route=%2Fwp%2Fv2%2Fproduct_tag&post=697"}],"curies":[{"name":"wp","href":"https:\/\/api.w.org\/{rel}","templated":true}]}}