{"id":698,"date":"2025-06-16T10:45:54","date_gmt":"2025-06-16T07:45:54","guid":{"rendered":"https:\/\/samiraparfumeri.com\/?post_type=product&#038;p=698"},"modified":"2025-06-20T13:53:18","modified_gmt":"2025-06-20T10:53:18","slug":"dior-fahrenheit-edt-100-ml-2","status":"publish","type":"product","link":"https:\/\/samiraparfumeri.com\/?product=dior-fahrenheit-edt-100-ml-2","title":{"rendered":"Dior Fahrenheit EDT 100 ML"},"content":{"rendered":"<p>Sicilya&#8217;ya \u00f6zg\u00fc mandalina notalar\u0131 ile mask\u00fclen odunsu ve deri notalarla menek\u015fenin hayret verici kombinasyonuyla g\u00fc\u00e7l\u00fc ve b\u00fcy\u00fcleyici bir ize, e\u015fsiz bir imzaya sahip.<\/p>\n<p>Sicilya Mandalinas\u0131 notas\u0131<br \/>\nMenek\u015fe akoru notas\u0131<br \/>\nDeri akoru notas\u0131<\/p>\n","protected":false},"excerpt":{"rendered":"<p>Sicilya&#8217;ya \u00f6zg\u00fc mandalina notalar\u0131 ile mask\u00fclen odunsu ve deri notalarla menek\u015fenin hayret verici kombinasyonuyla g\u00fc\u00e7l\u00fc ve b\u00fcy\u00fcleyici bir ize, e\u015fsiz bir imzaya sahip. Sicilya Mandalinas\u0131 notas\u0131 Menek\u015fe akoru notas\u0131 Deri akoru notas\u0131<\/p>\n","protected":false},"featured_media":272,"comment_status":"open","ping_status":"closed","template":"","meta":{"_kad_post_transparent":"default","_kad_post_title":"","_kad_post_layout":"default","_kad_post_sidebar_id":"","_kad_post_content_style":"default","_kad_post_vertical_padding":"default","_kad_post_feature":"","_kad_post_feature_position":"","_kad_post_header":false,"_kad_post_footer":false},"product_brand":[],"product_cat":[23],"product_tag":[],"class_list":{"0":"post-698","1":"product","2":"type-product","3":"status-publish","4":"has-post-thumbnail","6":"product_cat-hediye-urunler","8":"first","9":"instock","10":"sale","11":"purchasable","12":"product-type-simple","13":"entry","14":"content-bg","15":"loop-entry"},"_links":{"self":[{"href":"https:\/\/samiraparfumeri.com\/index.php?rest_route=\/wp\/v2\/product\/698","targetHints":{"allow":["GET"]}}],"collection":[{"href":"https:\/\/samiraparfumeri.com\/index.php?rest_route=\/wp\/v2\/product"}],"about":[{"href":"https:\/\/samiraparfumeri.com\/index.php?rest_route=\/wp\/v2\/types\/product"}],"replies":[{"embeddable":true,"href":"https:\/\/samiraparfumeri.com\/index.php?rest_route=%2Fwp%2Fv2%2Fcomments&post=698"}],"wp:featuredmedia":[{"embeddable":true,"href":"https:\/\/samiraparfumeri.com\/index.php?rest_route=\/wp\/v2\/media\/272"}],"wp:attachment":[{"href":"https:\/\/samiraparfumeri.com\/index.php?rest_route=%2Fwp%2Fv2%2Fmedia&parent=698"}],"wp:term":[{"taxonomy":"product_brand","embeddable":true,"href":"https:\/\/samiraparfumeri.com\/index.php?rest_route=%2Fwp%2Fv2%2Fproduct_brand&post=698"},{"taxonomy":"product_cat","embeddable":true,"href":"https:\/\/samiraparfumeri.com\/index.php?rest_route=%2Fwp%2Fv2%2Fproduct_cat&post=698"},{"taxonomy":"product_tag","embeddable":true,"href":"https:\/\/samiraparfumeri.com\/index.php?rest_route=%2Fwp%2Fv2%2Fproduct_tag&post=698"}],"curies":[{"name":"wp","href":"https:\/\/api.w.org\/{rel}","templated":true}]}}