{"id":699,"date":"2025-06-16T10:45:56","date_gmt":"2025-06-16T07:45:56","guid":{"rendered":"https:\/\/samiraparfumeri.com\/?post_type=product&#038;p=699"},"modified":"2025-06-20T13:53:11","modified_gmt":"2025-06-20T10:53:11","slug":"dior-hypnotic-poison-edp-100-ml-2","status":"publish","type":"product","link":"https:\/\/samiraparfumeri.com\/?product=dior-hypnotic-poison-edp-100-ml-2","title":{"rendered":"Dior Hypnotic Poison EDP 100 ML"},"content":{"rendered":"<p>G\u00fcc\u00fcn\u00fc do\u011fal tonlardan ve yads\u0131namaz mutlaklardan alan Hypnotic Poison Eau De Parfum. Ferahl\u0131\u011f\u0131yla Zambak Yasemini \u00f6z\u00fct\u00fcn\u00fcn \u00e7ekicili\u011fi, yeni do\u011fmu\u015f portakal \u00e7i\u00e7e\u011fi \u00f6z\u00fct\u00fcyle birle\u015fmesiyle olu\u015fan hassas koku katman\u0131nda tonka fasulyesinin yo\u011fun dokunu\u015funu Poison&#8217;\u0131n ba\u015ftan \u00e7\u0131kar\u0131c\u0131l\u0131\u011f\u0131n\u0131n ard\u0131ndaki yuvarlak meyank\u00f6k\u00fc notu daha y\u00fcksek seviyelere y\u00fckseltildi. Vanilya taraf\u0131ndan desteklenerek kar\u015f\u0131 konulmaz bir \u00e7ekim yarat\u0131yor.<\/p>\n","protected":false},"excerpt":{"rendered":"<p>G\u00fcc\u00fcn\u00fc do\u011fal tonlardan ve yads\u0131namaz mutlaklardan alan Hypnotic Poison Eau De Parfum. Ferahl\u0131\u011f\u0131yla Zambak Yasemini \u00f6z\u00fct\u00fcn\u00fcn \u00e7ekicili\u011fi, yeni do\u011fmu\u015f portakal \u00e7i\u00e7e\u011fi \u00f6z\u00fct\u00fcyle birle\u015fmesiyle olu\u015fan hassas koku katman\u0131nda tonka fasulyesinin yo\u011fun dokunu\u015funu Poison&#8217;\u0131n ba\u015ftan \u00e7\u0131kar\u0131c\u0131l\u0131\u011f\u0131n\u0131n ard\u0131ndaki yuvarlak meyank\u00f6k\u00fc notu daha y\u00fcksek seviyelere y\u00fckseltildi. Vanilya taraf\u0131ndan desteklenerek kar\u015f\u0131 konulmaz bir \u00e7ekim yarat\u0131yor.<\/p>\n","protected":false},"featured_media":421,"comment_status":"open","ping_status":"closed","template":"","meta":{"_kad_post_transparent":"default","_kad_post_title":"","_kad_post_layout":"default","_kad_post_sidebar_id":"","_kad_post_content_style":"default","_kad_post_vertical_padding":"default","_kad_post_feature":"","_kad_post_feature_position":"","_kad_post_header":false,"_kad_post_footer":false},"product_brand":[],"product_cat":[23],"product_tag":[55,58,27,28],"class_list":{"0":"post-699","1":"product","2":"type-product","3":"status-publish","4":"has-post-thumbnail","6":"product_cat-hediye-urunler","7":"product_tag-dior","8":"product_tag-kadin-parfum","9":"product_tag-luks-koku","10":"product_tag-orijinal-urun","12":"first","13":"instock","14":"sale","15":"taxable","16":"shipping-taxable","17":"purchasable","18":"product-type-simple","19":"entry","20":"content-bg","21":"loop-entry"},"_links":{"self":[{"href":"https:\/\/samiraparfumeri.com\/index.php?rest_route=\/wp\/v2\/product\/699","targetHints":{"allow":["GET"]}}],"collection":[{"href":"https:\/\/samiraparfumeri.com\/index.php?rest_route=\/wp\/v2\/product"}],"about":[{"href":"https:\/\/samiraparfumeri.com\/index.php?rest_route=\/wp\/v2\/types\/product"}],"replies":[{"embeddable":true,"href":"https:\/\/samiraparfumeri.com\/index.php?rest_route=%2Fwp%2Fv2%2Fcomments&post=699"}],"wp:featuredmedia":[{"embeddable":true,"href":"https:\/\/samiraparfumeri.com\/index.php?rest_route=\/wp\/v2\/media\/421"}],"wp:attachment":[{"href":"https:\/\/samiraparfumeri.com\/index.php?rest_route=%2Fwp%2Fv2%2Fmedia&parent=699"}],"wp:term":[{"taxonomy":"product_brand","embeddable":true,"href":"https:\/\/samiraparfumeri.com\/index.php?rest_route=%2Fwp%2Fv2%2Fproduct_brand&post=699"},{"taxonomy":"product_cat","embeddable":true,"href":"https:\/\/samiraparfumeri.com\/index.php?rest_route=%2Fwp%2Fv2%2Fproduct_cat&post=699"},{"taxonomy":"product_tag","embeddable":true,"href":"https:\/\/samiraparfumeri.com\/index.php?rest_route=%2Fwp%2Fv2%2Fproduct_tag&post=699"}],"curies":[{"name":"wp","href":"https:\/\/api.w.org\/{rel}","templated":true}]}}