{"id":701,"date":"2025-06-16T10:46:01","date_gmt":"2025-06-16T07:46:01","guid":{"rendered":"https:\/\/samiraparfumeri.com\/?post_type=product&#038;p=701"},"modified":"2025-06-20T13:52:58","modified_gmt":"2025-06-20T10:52:58","slug":"dolce-gabbana-k-edt-100-ml-2","status":"publish","type":"product","link":"https:\/\/samiraparfumeri.com\/?product=dolce-gabbana-k-edt-100-ml-2","title":{"rendered":"Dolce &#038; Gabbana K EDT 100 ML"},"content":{"rendered":"<h2>\u00dcr\u00fcn A\u00e7\u0131klamas\u0131<\/h2>\n<p>An\u0131nda \u0130talyan k\u0131rsal\u0131n\u0131 ve Akdeniz&#8217;in \u00f6\u011fle vakti g\u00fcne\u015fini birle\u015ftiren K by Dolce &amp; Gabbana, s\u0131ca\u011f\u0131 kucaklayan, ormanl\u0131k Toskana tepelerinin taze toprak kokusunu uyand\u0131r\u0131yor. Koku, kan portakal ve Sicilya limonunun narenciye tazeli\u011finin yo\u011fun bir birle\u015fiminden olu\u015fup, ada\u00e7ay\u0131, berrak sardunya ve enerji veren lavandin ile, ard\u0131\u00e7 meyvesi ve ate\u015fli pimento biberinin k\u0131v\u0131lc\u0131m\u0131 ile duygular\u0131 canland\u0131r\u0131yor. Ard\u0131ndan, d\u00fcnyevi vetiver ile birle\u015fip, pa\u00e7ulinin tatl\u0131 baharatl\u0131l\u0131\u011f\u0131n\u0131 vermeden \u00f6nce, K by Dolce &amp; Gabbana kullanan modern bir kral\u0131n do\u011fu\u015ftan gelen karizmas\u0131n\u0131 yo\u011funla\u015ft\u0131rmak i\u00e7in \u015fehvetli bir sedir a\u011fac\u0131 notas\u0131 geliyor. NOTALAR: \u00dcst notas\u0131nda; Kan portakal\u0131 ve Sicilya limonu Orta notas\u0131nda; Lavandin,Ada\u00e7ay\u0131,sardunya,Ard\u0131\u015f meyvesi ve K\u0131rm\u0131z\u0131 pimento biberi Alt notas\u0131nda; Vetiver, Pa\u00e7uli ve Sedir a\u011fac\u0131 Koku Ailesi: Odunsu Aromatik<\/p>\n","protected":false},"excerpt":{"rendered":"<p>\u00dcr\u00fcn A\u00e7\u0131klamas\u0131 An\u0131nda \u0130talyan k\u0131rsal\u0131n\u0131 ve Akdeniz&#8217;in \u00f6\u011fle vakti g\u00fcne\u015fini birle\u015ftiren K by Dolce &amp; Gabbana, s\u0131ca\u011f\u0131 kucaklayan, ormanl\u0131k Toskana tepelerinin taze toprak kokusunu uyand\u0131r\u0131yor. Koku, kan portakal ve Sicilya limonunun narenciye tazeli\u011finin yo\u011fun bir birle\u015fiminden olu\u015fup, ada\u00e7ay\u0131, berrak sardunya ve enerji veren lavandin ile, ard\u0131\u00e7 meyvesi ve ate\u015fli pimento biberinin k\u0131v\u0131lc\u0131m\u0131 ile duygular\u0131 canland\u0131r\u0131yor&#8230;.<\/p>\n","protected":false},"featured_media":331,"comment_status":"open","ping_status":"closed","template":"","meta":{"_kad_post_transparent":"default","_kad_post_title":"","_kad_post_layout":"default","_kad_post_sidebar_id":"","_kad_post_content_style":"default","_kad_post_vertical_padding":"default","_kad_post_feature":"","_kad_post_feature_position":"","_kad_post_header":false,"_kad_post_footer":false},"product_brand":[],"product_cat":[23],"product_tag":[48,26,27,28],"class_list":{"0":"post-701","1":"product","2":"type-product","3":"status-publish","4":"has-post-thumbnail","6":"product_cat-hediye-urunler","7":"product_tag-dg","8":"product_tag-erkek-parfum","9":"product_tag-luks-koku","10":"product_tag-orijinal-urun","12":"first","13":"instock","14":"sale","15":"taxable","16":"shipping-taxable","17":"purchasable","18":"product-type-simple","19":"entry","20":"content-bg","21":"loop-entry"},"_links":{"self":[{"href":"https:\/\/samiraparfumeri.com\/index.php?rest_route=\/wp\/v2\/product\/701","targetHints":{"allow":["GET"]}}],"collection":[{"href":"https:\/\/samiraparfumeri.com\/index.php?rest_route=\/wp\/v2\/product"}],"about":[{"href":"https:\/\/samiraparfumeri.com\/index.php?rest_route=\/wp\/v2\/types\/product"}],"replies":[{"embeddable":true,"href":"https:\/\/samiraparfumeri.com\/index.php?rest_route=%2Fwp%2Fv2%2Fcomments&post=701"}],"wp:featuredmedia":[{"embeddable":true,"href":"https:\/\/samiraparfumeri.com\/index.php?rest_route=\/wp\/v2\/media\/331"}],"wp:attachment":[{"href":"https:\/\/samiraparfumeri.com\/index.php?rest_route=%2Fwp%2Fv2%2Fmedia&parent=701"}],"wp:term":[{"taxonomy":"product_brand","embeddable":true,"href":"https:\/\/samiraparfumeri.com\/index.php?rest_route=%2Fwp%2Fv2%2Fproduct_brand&post=701"},{"taxonomy":"product_cat","embeddable":true,"href":"https:\/\/samiraparfumeri.com\/index.php?rest_route=%2Fwp%2Fv2%2Fproduct_cat&post=701"},{"taxonomy":"product_tag","embeddable":true,"href":"https:\/\/samiraparfumeri.com\/index.php?rest_route=%2Fwp%2Fv2%2Fproduct_tag&post=701"}],"curies":[{"name":"wp","href":"https:\/\/api.w.org\/{rel}","templated":true}]}}