{"id":704,"date":"2025-06-16T10:56:06","date_gmt":"2025-06-16T07:56:06","guid":{"rendered":"https:\/\/samiraparfumeri.com\/?post_type=product&#038;p=704"},"modified":"2025-06-20T13:46:53","modified_gmt":"2025-06-20T10:46:53","slug":"emporio-armani-because-its-you-edp-100-ml-2","status":"publish","type":"product","link":"https:\/\/samiraparfumeri.com\/?product=emporio-armani-because-its-you-edp-100-ml-2","title":{"rendered":"Emporio Armani Because Its You EDP 100 ML"},"content":{"rendered":"<p><strong>Emporio Armani Because It\u2019s You<\/strong>, kad\u0131nlar\u0131n mutlu, lezzetli ve \u0131\u015f\u0131lt\u0131l\u0131 y\u00f6nlerini ortaya \u00e7\u0131kar\u0131yor. Kar\u015f\u0131 konulmaz Neroli akorlar\u0131n\u0131n ve olgun ahududu notalar\u0131n\u0131n birle\u015fiminden do\u011fan do\u011fal bir mutluluk. Because It\u2019s You kad\u0131ns\u0131, dolu, i\u00e7g\u00fcd\u00fcsel ve tutkulu. Vanilya ve misk notalar\u0131n\u0131 birle\u015ftiren, karma\u015f\u0131k ve inan\u0131lmaz derecede derin bir duygusall\u0131k ortaya \u00e7\u0131karan ve ba\u011f\u0131ml\u0131l\u0131k yapan g\u00fcl akorlar\u0131na sahiptir. Mask\u00fclen partneri Stronger With You ile kusursuz bi uyumu temsil eden Because It\u2019s You, sadakatten ve a\u015fk\u0131n yo\u011funlu\u011fundan ilham al\u0131yor. \u0130ki kokunun g\u00fc\u00e7l\u00fc bir sevginin sembol\u00fc olarak birbirini dengeleyen ve g\u00fc\u00e7lendiren bir birlikteli\u011fi var. \u015ei\u015fenin kapa\u011f\u0131n\u0131n tasar\u0131m\u0131, Giorgio Armani&#8217;nin sol elinin \u00fc\u00e7\u00fcnc\u00fc parma\u011f\u0131na takt\u0131\u011f\u0131 y\u00fcz\u00fcklerden ilham al\u0131narak yarat\u0131ld\u0131. Bir y\u00fcz\u00fck Giorgio&#8217;nun kendisi ve di\u011feri orta\u011f\u0131 Sergio Galeotti taraf\u0131ndan giyildi.<\/p>\n","protected":false},"excerpt":{"rendered":"<p>Emporio Armani Because It\u2019s You, kad\u0131nlar\u0131n mutlu, lezzetli ve \u0131\u015f\u0131lt\u0131l\u0131 y\u00f6nlerini ortaya \u00e7\u0131kar\u0131yor. Kar\u015f\u0131 konulmaz Neroli akorlar\u0131n\u0131n ve olgun ahududu notalar\u0131n\u0131n birle\u015fiminden do\u011fan do\u011fal bir mutluluk. Because It\u2019s You kad\u0131ns\u0131, dolu, i\u00e7g\u00fcd\u00fcsel ve tutkulu. Vanilya ve misk notalar\u0131n\u0131 birle\u015ftiren, karma\u015f\u0131k ve inan\u0131lmaz derecede derin bir duygusall\u0131k ortaya \u00e7\u0131karan ve ba\u011f\u0131ml\u0131l\u0131k yapan g\u00fcl akorlar\u0131na sahiptir. Mask\u00fclen&#8230;<\/p>\n","protected":false},"featured_media":478,"comment_status":"open","ping_status":"closed","template":"","meta":{"_kad_post_transparent":"default","_kad_post_title":"","_kad_post_layout":"default","_kad_post_sidebar_id":"","_kad_post_content_style":"default","_kad_post_vertical_padding":"default","_kad_post_feature":"","_kad_post_feature_position":"","_kad_post_header":false,"_kad_post_footer":false},"product_brand":[],"product_cat":[23],"product_tag":[32,58,27,28],"class_list":{"0":"post-704","1":"product","2":"type-product","3":"status-publish","4":"has-post-thumbnail","6":"product_cat-hediye-urunler","7":"product_tag-armani","8":"product_tag-kadin-parfum","9":"product_tag-luks-koku","10":"product_tag-orijinal-urun","12":"first","13":"instock","14":"sale","15":"taxable","16":"shipping-taxable","17":"purchasable","18":"product-type-simple","19":"entry","20":"content-bg","21":"loop-entry"},"_links":{"self":[{"href":"https:\/\/samiraparfumeri.com\/index.php?rest_route=\/wp\/v2\/product\/704","targetHints":{"allow":["GET"]}}],"collection":[{"href":"https:\/\/samiraparfumeri.com\/index.php?rest_route=\/wp\/v2\/product"}],"about":[{"href":"https:\/\/samiraparfumeri.com\/index.php?rest_route=\/wp\/v2\/types\/product"}],"replies":[{"embeddable":true,"href":"https:\/\/samiraparfumeri.com\/index.php?rest_route=%2Fwp%2Fv2%2Fcomments&post=704"}],"wp:featuredmedia":[{"embeddable":true,"href":"https:\/\/samiraparfumeri.com\/index.php?rest_route=\/wp\/v2\/media\/478"}],"wp:attachment":[{"href":"https:\/\/samiraparfumeri.com\/index.php?rest_route=%2Fwp%2Fv2%2Fmedia&parent=704"}],"wp:term":[{"taxonomy":"product_brand","embeddable":true,"href":"https:\/\/samiraparfumeri.com\/index.php?rest_route=%2Fwp%2Fv2%2Fproduct_brand&post=704"},{"taxonomy":"product_cat","embeddable":true,"href":"https:\/\/samiraparfumeri.com\/index.php?rest_route=%2Fwp%2Fv2%2Fproduct_cat&post=704"},{"taxonomy":"product_tag","embeddable":true,"href":"https:\/\/samiraparfumeri.com\/index.php?rest_route=%2Fwp%2Fv2%2Fproduct_tag&post=704"}],"curies":[{"name":"wp","href":"https:\/\/api.w.org\/{rel}","templated":true}]}}