{"id":705,"date":"2025-06-16T10:56:08","date_gmt":"2025-06-16T07:56:08","guid":{"rendered":"https:\/\/samiraparfumeri.com\/?post_type=product&#038;p=705"},"modified":"2025-06-20T13:46:48","modified_gmt":"2025-06-20T10:46:48","slug":"giorgio-armani-acqua-di-gio-edp-100-ml-2","status":"publish","type":"product","link":"https:\/\/samiraparfumeri.com\/?product=giorgio-armani-acqua-di-gio-edp-100-ml-2","title":{"rendered":"Giorgio Armani Acqua Di Gio EDP 100 ML"},"content":{"rendered":"<div class=\"short-description\">\n<div class=\"std\">Koku, deniz notalar\u0131 ve ye\u015fil mandalina \u00fcst notalar\u0131yla a\u00e7\u0131l\u0131r, kalbinde misk ada\u00e7ay\u0131 ve lavandin, taban\u0131nda ise vetiver ve pa\u00e7uli bulunur. Giorgio Armani&#8217;nin daha iyi bir gelece\u011fe olan ba\u011fl\u0131l\u0131\u011f\u0131n\u0131n bir par\u00e7as\u0131 olarak, ACQUA DI GI\u00d2 EAU DE PARFUM, s\u00fcrd\u00fcr\u00fclebilir kaynakl\u0131 baz\u0131 i\u00e7eriklerden yap\u0131lm\u0131\u015ft\u0131r: denizin \u00f6z\u00fcn\u00fc yakalayan ve gezegeni d\u00fc\u015f\u00fcnen bir koku.<\/div>\n<\/div>\n","protected":false},"excerpt":{"rendered":"<p>Koku, deniz notalar\u0131 ve ye\u015fil mandalina \u00fcst notalar\u0131yla a\u00e7\u0131l\u0131r, kalbinde misk ada\u00e7ay\u0131 ve lavandin, taban\u0131nda ise vetiver ve pa\u00e7uli bulunur. Giorgio Armani&#8217;nin daha iyi bir gelece\u011fe olan ba\u011fl\u0131l\u0131\u011f\u0131n\u0131n bir par\u00e7as\u0131 olarak, ACQUA DI GI\u00d2 EAU DE PARFUM, s\u00fcrd\u00fcr\u00fclebilir kaynakl\u0131 baz\u0131 i\u00e7eriklerden yap\u0131lm\u0131\u015ft\u0131r: denizin \u00f6z\u00fcn\u00fc yakalayan ve gezegeni d\u00fc\u015f\u00fcnen bir koku.<\/p>\n","protected":false},"featured_media":353,"comment_status":"open","ping_status":"closed","template":"","meta":{"_kad_post_transparent":"default","_kad_post_title":"","_kad_post_layout":"default","_kad_post_sidebar_id":"","_kad_post_content_style":"default","_kad_post_vertical_padding":"default","_kad_post_feature":"","_kad_post_feature_position":"","_kad_post_header":false,"_kad_post_footer":false},"product_brand":[],"product_cat":[23],"product_tag":[32,26,27,28],"class_list":{"0":"post-705","1":"product","2":"type-product","3":"status-publish","4":"has-post-thumbnail","6":"product_cat-hediye-urunler","7":"product_tag-armani","8":"product_tag-erkek-parfum","9":"product_tag-luks-koku","10":"product_tag-orijinal-urun","12":"first","13":"instock","14":"sale","15":"taxable","16":"shipping-taxable","17":"purchasable","18":"product-type-simple","19":"entry","20":"content-bg","21":"loop-entry"},"_links":{"self":[{"href":"https:\/\/samiraparfumeri.com\/index.php?rest_route=\/wp\/v2\/product\/705","targetHints":{"allow":["GET"]}}],"collection":[{"href":"https:\/\/samiraparfumeri.com\/index.php?rest_route=\/wp\/v2\/product"}],"about":[{"href":"https:\/\/samiraparfumeri.com\/index.php?rest_route=\/wp\/v2\/types\/product"}],"replies":[{"embeddable":true,"href":"https:\/\/samiraparfumeri.com\/index.php?rest_route=%2Fwp%2Fv2%2Fcomments&post=705"}],"wp:featuredmedia":[{"embeddable":true,"href":"https:\/\/samiraparfumeri.com\/index.php?rest_route=\/wp\/v2\/media\/353"}],"wp:attachment":[{"href":"https:\/\/samiraparfumeri.com\/index.php?rest_route=%2Fwp%2Fv2%2Fmedia&parent=705"}],"wp:term":[{"taxonomy":"product_brand","embeddable":true,"href":"https:\/\/samiraparfumeri.com\/index.php?rest_route=%2Fwp%2Fv2%2Fproduct_brand&post=705"},{"taxonomy":"product_cat","embeddable":true,"href":"https:\/\/samiraparfumeri.com\/index.php?rest_route=%2Fwp%2Fv2%2Fproduct_cat&post=705"},{"taxonomy":"product_tag","embeddable":true,"href":"https:\/\/samiraparfumeri.com\/index.php?rest_route=%2Fwp%2Fv2%2Fproduct_tag&post=705"}],"curies":[{"name":"wp","href":"https:\/\/api.w.org\/{rel}","templated":true}]}}