{"id":706,"date":"2025-06-16T10:56:11","date_gmt":"2025-06-16T07:56:11","guid":{"rendered":"https:\/\/samiraparfumeri.com\/?post_type=product&#038;p=706"},"modified":"2025-06-20T13:46:38","modified_gmt":"2025-06-20T10:46:38","slug":"giorgio-armani-acqua-di-gio-profumo-edp-125-ml-2","status":"publish","type":"product","link":"https:\/\/samiraparfumeri.com\/?product=giorgio-armani-acqua-di-gio-profumo-edp-125-ml-2","title":{"rendered":"Giorgio Armani Acqua Di Gio Profumo EDP 125 ML"},"content":{"rendered":"<p><strong>Acqua Di Gi\u00f2 Parf\u00fcm<\/strong>, denizin bilinmeyen derinliklerinin ba\u011f\u0131ml\u0131l\u0131k yaratan ve yo\u011fun \u00e7ekicili\u011fini yakal\u0131yor. Derin bir tazelik hissi ta\u015f\u0131yan koku, okyanusun gizemlerine dalmay\u0131 deneyimletiyor. Kokunun b\u00fcy\u00fcleyicili\u011fi, Acqua Di Gi\u00f2&#8217;nun yo\u011fun, re\u00e7ineli ve mineral y\u00f6n\u00fcn\u00fc \u00e7a\u011fr\u0131\u015ft\u0131r\u0131yor. Bergamot notalar\u0131, balzamik cistus absolute ve \u00f6lmezotu esans\u0131n\u0131n zenginli\u011fi etraf\u0131nda haz\u0131rlanm\u0131\u015f bu notalar, Acqua Di Gi\u00f2 Profondo Parfum&#8217;a derinli\u011fini ve yo\u011funlu\u011funu verir. Okyanusun sonsuzlu\u011funu \u00e7a\u011fr\u0131\u015ft\u0131ran koku, \u00fcst k\u0131sm\u0131nda en derin maviden, alt k\u0131sm\u0131nda yar\u0131 saydam turkuaza kadar uzanan bir tonla, koyu mavi bir \u015fi\u015fede sunuluyor. Flakon, boynunda g\u00fcm\u00fc\u015f vurgu bulunan \u015f\u0131k metalik mavi bir kapakla tasarlanm\u0131\u015ft\u0131r.<\/p>\n<div>\n<p><strong>Reffilable :\u00a0<\/strong>Sevdi\u011finiz form\u00fcller, gezegene sayg\u0131l\u0131 yeniden doldurulabilir ambalajlarla Sephora&#8217;da<\/p>\n<\/div>\n","protected":false},"excerpt":{"rendered":"<p>Acqua Di Gi\u00f2 Parf\u00fcm, denizin bilinmeyen derinliklerinin ba\u011f\u0131ml\u0131l\u0131k yaratan ve yo\u011fun \u00e7ekicili\u011fini yakal\u0131yor. Derin bir tazelik hissi ta\u015f\u0131yan koku, okyanusun gizemlerine dalmay\u0131 deneyimletiyor. Kokunun b\u00fcy\u00fcleyicili\u011fi, Acqua Di Gi\u00f2&#8217;nun yo\u011fun, re\u00e7ineli ve mineral y\u00f6n\u00fcn\u00fc \u00e7a\u011fr\u0131\u015ft\u0131r\u0131yor. Bergamot notalar\u0131, balzamik cistus absolute ve \u00f6lmezotu esans\u0131n\u0131n zenginli\u011fi etraf\u0131nda haz\u0131rlanm\u0131\u015f bu notalar, Acqua Di Gi\u00f2 Profondo Parfum&#8217;a derinli\u011fini ve yo\u011funlu\u011funu&#8230;<\/p>\n","protected":false},"featured_media":350,"comment_status":"open","ping_status":"closed","template":"","meta":{"_kad_post_transparent":"default","_kad_post_title":"","_kad_post_layout":"default","_kad_post_sidebar_id":"","_kad_post_content_style":"default","_kad_post_vertical_padding":"default","_kad_post_feature":"","_kad_post_feature_position":"","_kad_post_header":false,"_kad_post_footer":false},"product_brand":[],"product_cat":[23],"product_tag":[32],"class_list":{"0":"post-706","1":"product","2":"type-product","3":"status-publish","4":"has-post-thumbnail","6":"product_cat-hediye-urunler","7":"product_tag-armani","9":"first","10":"instock","11":"sale","12":"taxable","13":"shipping-taxable","14":"purchasable","15":"product-type-simple","16":"entry","17":"content-bg","18":"loop-entry"},"_links":{"self":[{"href":"https:\/\/samiraparfumeri.com\/index.php?rest_route=\/wp\/v2\/product\/706","targetHints":{"allow":["GET"]}}],"collection":[{"href":"https:\/\/samiraparfumeri.com\/index.php?rest_route=\/wp\/v2\/product"}],"about":[{"href":"https:\/\/samiraparfumeri.com\/index.php?rest_route=\/wp\/v2\/types\/product"}],"replies":[{"embeddable":true,"href":"https:\/\/samiraparfumeri.com\/index.php?rest_route=%2Fwp%2Fv2%2Fcomments&post=706"}],"wp:featuredmedia":[{"embeddable":true,"href":"https:\/\/samiraparfumeri.com\/index.php?rest_route=\/wp\/v2\/media\/350"}],"wp:attachment":[{"href":"https:\/\/samiraparfumeri.com\/index.php?rest_route=%2Fwp%2Fv2%2Fmedia&parent=706"}],"wp:term":[{"taxonomy":"product_brand","embeddable":true,"href":"https:\/\/samiraparfumeri.com\/index.php?rest_route=%2Fwp%2Fv2%2Fproduct_brand&post=706"},{"taxonomy":"product_cat","embeddable":true,"href":"https:\/\/samiraparfumeri.com\/index.php?rest_route=%2Fwp%2Fv2%2Fproduct_cat&post=706"},{"taxonomy":"product_tag","embeddable":true,"href":"https:\/\/samiraparfumeri.com\/index.php?rest_route=%2Fwp%2Fv2%2Fproduct_tag&post=706"}],"curies":[{"name":"wp","href":"https:\/\/api.w.org\/{rel}","templated":true}]}}