{"id":712,"date":"2025-06-16T10:59:50","date_gmt":"2025-06-16T07:59:50","guid":{"rendered":"https:\/\/samiraparfumeri.com\/?post_type=product&#038;p=712"},"modified":"2025-06-20T13:52:17","modified_gmt":"2025-06-20T10:52:17","slug":"hugo-boss-bottled-edt-100-ml-2","status":"publish","type":"product","link":"https:\/\/samiraparfumeri.com\/?product=hugo-boss-bottled-edt-100-ml-2","title":{"rendered":"Hugo Boss Bottled EDT 100 ML"},"content":{"rendered":"<p>Ba\u015far\u0131l\u0131 olmak i\u00e7in haz\u0131rlanan BOSS erke\u011fi rekabet\u00e7i, azimli ve iddial\u0131. G\u00fcnl\u00fck haz\u0131rl\u0131k rit\u00fcelleri ba\u015far\u0131 i\u00e7in ki\u015fisel aray\u0131\u015f\u0131n\u0131n bir par\u00e7as\u0131d\u0131r ve BOSS \u015fi\u015fesi g\u00fcnl\u00fck g\u00f6r\u00fcn\u00fcm\u00fcn\u00fcn bir par\u00e7as\u0131 haline gelmi\u015ftir. Kendinden emin ve \u00e7a\u011fda\u015f: temiz \u00e7izgiler, BOSS Bottled&#8217;\u0131 ikonik bir klasik yapar ve BOSS&#8217;un bir koku i\u00e7inde kaps\u00fcllenmesidir. Zarafet ve stili birle\u015ftiren modern erkek d\u00fc\u015f\u00fcn\u00fclerek tasarland\u0131. Bu zamans\u0131z klasik koku ile g\u00fcnl\u00fck se\u00e7eneklerinizi geli\u015ftirin.<\/p>\n","protected":false},"excerpt":{"rendered":"<p>Ba\u015far\u0131l\u0131 olmak i\u00e7in haz\u0131rlanan BOSS erke\u011fi rekabet\u00e7i, azimli ve iddial\u0131. G\u00fcnl\u00fck haz\u0131rl\u0131k rit\u00fcelleri ba\u015far\u0131 i\u00e7in ki\u015fisel aray\u0131\u015f\u0131n\u0131n bir par\u00e7as\u0131d\u0131r ve BOSS \u015fi\u015fesi g\u00fcnl\u00fck g\u00f6r\u00fcn\u00fcm\u00fcn\u00fcn bir par\u00e7as\u0131 haline gelmi\u015ftir. Kendinden emin ve \u00e7a\u011fda\u015f: temiz \u00e7izgiler, BOSS Bottled&#8217;\u0131 ikonik bir klasik yapar ve BOSS&#8217;un bir koku i\u00e7inde kaps\u00fcllenmesidir. Zarafet ve stili birle\u015ftiren modern erkek d\u00fc\u015f\u00fcn\u00fclerek tasarland\u0131. Bu&#8230;<\/p>\n","protected":false},"featured_media":290,"comment_status":"open","ping_status":"closed","template":"","meta":{"_kad_post_transparent":"default","_kad_post_title":"","_kad_post_layout":"default","_kad_post_sidebar_id":"","_kad_post_content_style":"default","_kad_post_vertical_padding":"default","_kad_post_feature":"","_kad_post_feature_position":"","_kad_post_header":false,"_kad_post_footer":false},"product_brand":[],"product_cat":[23],"product_tag":[26,34,27,28],"class_list":{"0":"post-712","1":"product","2":"type-product","3":"status-publish","4":"has-post-thumbnail","6":"product_cat-hediye-urunler","7":"product_tag-erkek-parfum","8":"product_tag-hugo-boss","9":"product_tag-luks-koku","10":"product_tag-orijinal-urun","12":"first","13":"instock","14":"sale","15":"taxable","16":"shipping-taxable","17":"purchasable","18":"product-type-simple","19":"entry","20":"content-bg","21":"loop-entry"},"_links":{"self":[{"href":"https:\/\/samiraparfumeri.com\/index.php?rest_route=\/wp\/v2\/product\/712","targetHints":{"allow":["GET"]}}],"collection":[{"href":"https:\/\/samiraparfumeri.com\/index.php?rest_route=\/wp\/v2\/product"}],"about":[{"href":"https:\/\/samiraparfumeri.com\/index.php?rest_route=\/wp\/v2\/types\/product"}],"replies":[{"embeddable":true,"href":"https:\/\/samiraparfumeri.com\/index.php?rest_route=%2Fwp%2Fv2%2Fcomments&post=712"}],"wp:featuredmedia":[{"embeddable":true,"href":"https:\/\/samiraparfumeri.com\/index.php?rest_route=\/wp\/v2\/media\/290"}],"wp:attachment":[{"href":"https:\/\/samiraparfumeri.com\/index.php?rest_route=%2Fwp%2Fv2%2Fmedia&parent=712"}],"wp:term":[{"taxonomy":"product_brand","embeddable":true,"href":"https:\/\/samiraparfumeri.com\/index.php?rest_route=%2Fwp%2Fv2%2Fproduct_brand&post=712"},{"taxonomy":"product_cat","embeddable":true,"href":"https:\/\/samiraparfumeri.com\/index.php?rest_route=%2Fwp%2Fv2%2Fproduct_cat&post=712"},{"taxonomy":"product_tag","embeddable":true,"href":"https:\/\/samiraparfumeri.com\/index.php?rest_route=%2Fwp%2Fv2%2Fproduct_tag&post=712"}],"curies":[{"name":"wp","href":"https:\/\/api.w.org\/{rel}","templated":true}]}}