{"id":721,"date":"2025-06-16T11:02:27","date_gmt":"2025-06-16T08:02:27","guid":{"rendered":"https:\/\/samiraparfumeri.com\/?post_type=product&#038;p=721"},"modified":"2025-06-20T13:46:06","modified_gmt":"2025-06-20T10:46:06","slug":"lancome-la-vie-est-belle-intensement-edp-100-ml-2","status":"publish","type":"product","link":"https:\/\/samiraparfumeri.com\/?product=lancome-la-vie-est-belle-intensement-edp-100-ml-2","title":{"rendered":"Lancome La Vie Est Belle Intensement EDP 100 ML"},"content":{"rendered":"<h2>\u00dcr\u00fcn A\u00e7\u0131klamas\u0131<\/h2>\n<p>Yar\u0131n\u0131 bekleme, an\u0131 ya\u015fa. Mutluluk \u015fu an, burada. Mutluluk, \u015fimdi daha yo\u011fun. Daha co\u015fkulu, daha g\u00fc\u00e7l\u00fc. Mutluluk, hepimizin kalbinde ve \u015fimdi La Vie Est Belle Intens\u00e9ment Eau de Parfum&#8217;un kalbinde at\u0131yor. \u0130ris \u00c7i\u00e7e\u011fi, Vanilya \u00c7ekirde\u011fi, Yasemin Zamba\u011f\u0131 \u00d6z\u00fc, Pa\u00e7uli Kalbi ile parlayan g\u00fc\u00e7l\u00fc bir kalp. Lezzeti ve zarafeti bir araya getiren ayd\u0131nl\u0131k bir g\u00fcl\u00fcmseme. Fransa&#8217;daki en iyi parf\u00fcm\u00f6rler taraf\u0131ndan Lanc\u00f4me i\u00e7in \u00f6zel olarak yarat\u0131lan ilk Yo\u011fun K\u0131rm\u0131z\u0131-\u0130ris-Vanilya Akoru. Parf\u00fcm Notalar\u0131: \u25cf \u00dcst Parf\u00fcm Notalar\u0131: Bergamot Ya\u011f\u0131, Pembe Biber Ya\u011f\u0131, Ahududu Akoru \u25cf Orta Parf\u00fcm Notalar\u0131: Yasemin Zamba\u011f\u0131 \u00d6z\u00fc, Portakal \u00c7i\u00e7e\u011fi \u00d6z\u00fc, Vanilya \u00c7i\u00e7e\u011fi Akoru \u25cf Alt Parf\u00fcm Notalar\u0131: Pa\u00e7uli, Iris \u00c7ice\u011fi, Benzoin Re\u00e7inesi, Vanilya \u00c7ekirde\u011fi La Vie Est Belle Intens\u00e9ment eau de parfum, yo\u011fun bir fu\u015fya ile s\u00fcslenmi\u015f ikonik kristal \u015fi\u015fede, \u0131\u015f\u0131lt\u0131l\u0131 bir g\u00fcl\u00fcmsemenin mutlulu\u011funu yans\u0131t\u0131yor. Kalbinden gelen mutluluk, kanatlar\u0131n\u0131n ucuna kadar ula\u015farak her yeri ayd\u0131nlat\u0131yor.<\/p>\n","protected":false},"excerpt":{"rendered":"<p>\u00dcr\u00fcn A\u00e7\u0131klamas\u0131 Yar\u0131n\u0131 bekleme, an\u0131 ya\u015fa. Mutluluk \u015fu an, burada. Mutluluk, \u015fimdi daha yo\u011fun. Daha co\u015fkulu, daha g\u00fc\u00e7l\u00fc. Mutluluk, hepimizin kalbinde ve \u015fimdi La Vie Est Belle Intens\u00e9ment Eau de Parfum&#8217;un kalbinde at\u0131yor. \u0130ris \u00c7i\u00e7e\u011fi, Vanilya \u00c7ekirde\u011fi, Yasemin Zamba\u011f\u0131 \u00d6z\u00fc, Pa\u00e7uli Kalbi ile parlayan g\u00fc\u00e7l\u00fc bir kalp. Lezzeti ve zarafeti bir araya getiren ayd\u0131nl\u0131k bir&#8230;<\/p>\n","protected":false},"featured_media":574,"comment_status":"open","ping_status":"closed","template":"","meta":{"_kad_post_transparent":"default","_kad_post_title":"","_kad_post_layout":"default","_kad_post_sidebar_id":"","_kad_post_content_style":"default","_kad_post_vertical_padding":"default","_kad_post_feature":"","_kad_post_feature_position":"","_kad_post_header":false,"_kad_post_footer":false},"product_brand":[],"product_cat":[23],"product_tag":[58,65,27,28],"class_list":{"0":"post-721","1":"product","2":"type-product","3":"status-publish","4":"has-post-thumbnail","6":"product_cat-hediye-urunler","7":"product_tag-kadin-parfum","8":"product_tag-lancome","9":"product_tag-luks-koku","10":"product_tag-orijinal-urun","12":"first","13":"instock","14":"sale","15":"taxable","16":"shipping-taxable","17":"purchasable","18":"product-type-simple","19":"entry","20":"content-bg","21":"loop-entry"},"_links":{"self":[{"href":"https:\/\/samiraparfumeri.com\/index.php?rest_route=\/wp\/v2\/product\/721","targetHints":{"allow":["GET"]}}],"collection":[{"href":"https:\/\/samiraparfumeri.com\/index.php?rest_route=\/wp\/v2\/product"}],"about":[{"href":"https:\/\/samiraparfumeri.com\/index.php?rest_route=\/wp\/v2\/types\/product"}],"replies":[{"embeddable":true,"href":"https:\/\/samiraparfumeri.com\/index.php?rest_route=%2Fwp%2Fv2%2Fcomments&post=721"}],"wp:featuredmedia":[{"embeddable":true,"href":"https:\/\/samiraparfumeri.com\/index.php?rest_route=\/wp\/v2\/media\/574"}],"wp:attachment":[{"href":"https:\/\/samiraparfumeri.com\/index.php?rest_route=%2Fwp%2Fv2%2Fmedia&parent=721"}],"wp:term":[{"taxonomy":"product_brand","embeddable":true,"href":"https:\/\/samiraparfumeri.com\/index.php?rest_route=%2Fwp%2Fv2%2Fproduct_brand&post=721"},{"taxonomy":"product_cat","embeddable":true,"href":"https:\/\/samiraparfumeri.com\/index.php?rest_route=%2Fwp%2Fv2%2Fproduct_cat&post=721"},{"taxonomy":"product_tag","embeddable":true,"href":"https:\/\/samiraparfumeri.com\/index.php?rest_route=%2Fwp%2Fv2%2Fproduct_tag&post=721"}],"curies":[{"name":"wp","href":"https:\/\/api.w.org\/{rel}","templated":true}]}}