{"id":722,"date":"2025-06-16T11:03:30","date_gmt":"2025-06-16T08:03:30","guid":{"rendered":"https:\/\/samiraparfumeri.com\/?post_type=product&#038;p=722"},"modified":"2025-06-20T13:45:55","modified_gmt":"2025-06-20T10:45:55","slug":"maison-francis-kurkdijan-baccarat-rouge-540-edp-70ml-2","status":"publish","type":"product","link":"https:\/\/samiraparfumeri.com\/?product=maison-francis-kurkdijan-baccarat-rouge-540-edp-70ml-2","title":{"rendered":"Maison Francis Kurkdijan Baccarat Rouge 540 EDP 70ML"},"content":{"rendered":"<div class=\"m-productDescription__infoTitle\"><strong>\u00dcr\u00fcn \u00d6zellikleri<\/strong><\/div>\n<div class=\"m-productDescription__infoDesc\">Baccarat Rouge 540 eau de parfum, kristal \u00fcreticisinin iki y\u00fcz ellinci do\u011fum g\u00fcn\u00fcn\u00fc kutlamak i\u00e7in Maison Francis Kurkdjian ve Baccarat aras\u0131ndaki kar\u015f\u0131la\u015fmadan do\u011fmu\u015ftur<br \/>\nOdunsu koku, \u015fiirsel bir simyay\u0131, olduk\u00e7a yo\u011funla\u015ft\u0131r\u0131lm\u0131\u015f ve canl\u0131 bir koku imzas\u0131n\u0131 ortaya\u00e7\u0131kar\u0131r<br \/>\nYaseminin ne\u015feli y\u00f6nleri; g\u00f6z al\u0131c\u0131 safran, amber minerali notalar\u0131n\u0131 ve taze kesilmi\u015f sedirin odunsu tonlar\u0131n\u0131 g\u00fc\u00e7lendirir<br \/>\nEthyl-maltol, Ambroxan, yasemin, Safran Akoru, Hedione<br \/>\n70ml<\/div>\n","protected":false},"excerpt":{"rendered":"<p>\u00dcr\u00fcn \u00d6zellikleri Baccarat Rouge 540 eau de parfum, kristal \u00fcreticisinin iki y\u00fcz ellinci do\u011fum g\u00fcn\u00fcn\u00fc kutlamak i\u00e7in Maison Francis Kurkdjian ve Baccarat aras\u0131ndaki kar\u015f\u0131la\u015fmadan do\u011fmu\u015ftur Odunsu koku, \u015fiirsel bir simyay\u0131, olduk\u00e7a yo\u011funla\u015ft\u0131r\u0131lm\u0131\u015f ve canl\u0131 bir koku imzas\u0131n\u0131 ortaya\u00e7\u0131kar\u0131r Yaseminin ne\u015feli y\u00f6nleri; g\u00f6z al\u0131c\u0131 safran, amber minerali notalar\u0131n\u0131 ve taze kesilmi\u015f sedirin odunsu tonlar\u0131n\u0131 g\u00fc\u00e7lendirir Ethyl-maltol,&#8230;<\/p>\n","protected":false},"featured_media":367,"comment_status":"open","ping_status":"closed","template":"","meta":{"_kad_post_transparent":"default","_kad_post_title":"","_kad_post_layout":"default","_kad_post_sidebar_id":"","_kad_post_content_style":"default","_kad_post_vertical_padding":"default","_kad_post_feature":"","_kad_post_feature_position":"","_kad_post_header":false,"_kad_post_footer":false},"product_brand":[],"product_cat":[23],"product_tag":[26,58,27,57,28],"class_list":{"0":"post-722","1":"product","2":"type-product","3":"status-publish","4":"has-post-thumbnail","6":"product_cat-hediye-urunler","7":"product_tag-erkek-parfum","8":"product_tag-kadin-parfum","9":"product_tag-luks-koku","10":"product_tag-maison-francis","11":"product_tag-orijinal-urun","13":"first","14":"instock","15":"sale","16":"taxable","17":"shipping-taxable","18":"purchasable","19":"product-type-simple","20":"entry","21":"content-bg","22":"loop-entry"},"_links":{"self":[{"href":"https:\/\/samiraparfumeri.com\/index.php?rest_route=\/wp\/v2\/product\/722","targetHints":{"allow":["GET"]}}],"collection":[{"href":"https:\/\/samiraparfumeri.com\/index.php?rest_route=\/wp\/v2\/product"}],"about":[{"href":"https:\/\/samiraparfumeri.com\/index.php?rest_route=\/wp\/v2\/types\/product"}],"replies":[{"embeddable":true,"href":"https:\/\/samiraparfumeri.com\/index.php?rest_route=%2Fwp%2Fv2%2Fcomments&post=722"}],"wp:featuredmedia":[{"embeddable":true,"href":"https:\/\/samiraparfumeri.com\/index.php?rest_route=\/wp\/v2\/media\/367"}],"wp:attachment":[{"href":"https:\/\/samiraparfumeri.com\/index.php?rest_route=%2Fwp%2Fv2%2Fmedia&parent=722"}],"wp:term":[{"taxonomy":"product_brand","embeddable":true,"href":"https:\/\/samiraparfumeri.com\/index.php?rest_route=%2Fwp%2Fv2%2Fproduct_brand&post=722"},{"taxonomy":"product_cat","embeddable":true,"href":"https:\/\/samiraparfumeri.com\/index.php?rest_route=%2Fwp%2Fv2%2Fproduct_cat&post=722"},{"taxonomy":"product_tag","embeddable":true,"href":"https:\/\/samiraparfumeri.com\/index.php?rest_route=%2Fwp%2Fv2%2Fproduct_tag&post=722"}],"curies":[{"name":"wp","href":"https:\/\/api.w.org\/{rel}","templated":true}]}}