{"id":723,"date":"2025-06-16T11:03:32","date_gmt":"2025-06-16T08:03:32","guid":{"rendered":"https:\/\/samiraparfumeri.com\/?post_type=product&#038;p=723"},"modified":"2025-06-20T13:45:48","modified_gmt":"2025-06-20T10:45:48","slug":"maison-francis-kurkdjian-baccarat-rouge-540-extrait-70-ml-2","status":"publish","type":"product","link":"https:\/\/samiraparfumeri.com\/?product=maison-francis-kurkdjian-baccarat-rouge-540-extrait-70-ml-2","title":{"rendered":"Maison Francis Kurkdjian Baccarat Rouge 540 Extrait 70 ML"},"content":{"rendered":"<div class=\"m-productDescription__infoTitle\">\u00dcr\u00fcn \u00d6zellikleri<\/div>\n<div class=\"m-productDescription__infoDesc\">Baccarat Rouge 540 extrait de parfum, eau de parfumde bulunan \u00fc\u00e7 auray\u0131 yo\u011funla\u015ft\u0131r\u0131rken, orijinal ilham\u0131na ihanet etmez<br \/>\nParf\u00fcm\u00f6r\u00fcn ustal\u0131\u011f\u0131 ve zamanla kazand\u0131\u011f\u0131 bilgi, bu odunsu extrait de parfum\u2019un do\u011fmas\u0131na yol a\u00e7m\u0131\u015ft\u0131r<br \/>\n\u00dcst notas\u0131ndaki yasemin, ustan\u0131n sesini nazik\u00e7e vurgular<br \/>\nAte\u015fin izleri, ac\u0131 badem gibi tozlu gurme notalarla peki\u015ftirilir<br \/>\nSon olarak, ambergris etraf\u0131nda in\u015fa edilen mineral nota, miskli ve odunsu bir akorla dengelenir<br \/>\n70 ml<\/div>\n","protected":false},"excerpt":{"rendered":"<p>\u00dcr\u00fcn \u00d6zellikleri Baccarat Rouge 540 extrait de parfum, eau de parfumde bulunan \u00fc\u00e7 auray\u0131 yo\u011funla\u015ft\u0131r\u0131rken, orijinal ilham\u0131na ihanet etmez Parf\u00fcm\u00f6r\u00fcn ustal\u0131\u011f\u0131 ve zamanla kazand\u0131\u011f\u0131 bilgi, bu odunsu extrait de parfum\u2019un do\u011fmas\u0131na yol a\u00e7m\u0131\u015ft\u0131r \u00dcst notas\u0131ndaki yasemin, ustan\u0131n sesini nazik\u00e7e vurgular Ate\u015fin izleri, ac\u0131 badem gibi tozlu gurme notalarla peki\u015ftirilir Son olarak, ambergris etraf\u0131nda in\u015fa edilen&#8230;<\/p>\n","protected":false},"featured_media":362,"comment_status":"open","ping_status":"closed","template":"","meta":{"_kad_post_transparent":"default","_kad_post_title":"","_kad_post_layout":"default","_kad_post_sidebar_id":"","_kad_post_content_style":"default","_kad_post_vertical_padding":"default","_kad_post_feature":"","_kad_post_feature_position":"","_kad_post_header":false,"_kad_post_footer":false},"product_brand":[],"product_cat":[23],"product_tag":[26,58,27,57,28,59],"class_list":{"0":"post-723","1":"product","2":"type-product","3":"status-publish","4":"has-post-thumbnail","6":"product_cat-hediye-urunler","7":"product_tag-erkek-parfum","8":"product_tag-kadin-parfum","9":"product_tag-luks-koku","10":"product_tag-maison-francis","11":"product_tag-orijinal-urun","12":"product_tag-unisex","14":"first","15":"instock","16":"sale","17":"taxable","18":"shipping-taxable","19":"purchasable","20":"product-type-simple","21":"entry","22":"content-bg","23":"loop-entry"},"_links":{"self":[{"href":"https:\/\/samiraparfumeri.com\/index.php?rest_route=\/wp\/v2\/product\/723","targetHints":{"allow":["GET"]}}],"collection":[{"href":"https:\/\/samiraparfumeri.com\/index.php?rest_route=\/wp\/v2\/product"}],"about":[{"href":"https:\/\/samiraparfumeri.com\/index.php?rest_route=\/wp\/v2\/types\/product"}],"replies":[{"embeddable":true,"href":"https:\/\/samiraparfumeri.com\/index.php?rest_route=%2Fwp%2Fv2%2Fcomments&post=723"}],"wp:featuredmedia":[{"embeddable":true,"href":"https:\/\/samiraparfumeri.com\/index.php?rest_route=\/wp\/v2\/media\/362"}],"wp:attachment":[{"href":"https:\/\/samiraparfumeri.com\/index.php?rest_route=%2Fwp%2Fv2%2Fmedia&parent=723"}],"wp:term":[{"taxonomy":"product_brand","embeddable":true,"href":"https:\/\/samiraparfumeri.com\/index.php?rest_route=%2Fwp%2Fv2%2Fproduct_brand&post=723"},{"taxonomy":"product_cat","embeddable":true,"href":"https:\/\/samiraparfumeri.com\/index.php?rest_route=%2Fwp%2Fv2%2Fproduct_cat&post=723"},{"taxonomy":"product_tag","embeddable":true,"href":"https:\/\/samiraparfumeri.com\/index.php?rest_route=%2Fwp%2Fv2%2Fproduct_tag&post=723"}],"curies":[{"name":"wp","href":"https:\/\/api.w.org\/{rel}","templated":true}]}}