{"id":725,"date":"2025-06-16T11:08:07","date_gmt":"2025-06-16T08:08:07","guid":{"rendered":"https:\/\/samiraparfumeri.com\/?post_type=product&#038;p=725"},"modified":"2025-06-20T13:45:34","modified_gmt":"2025-06-20T10:45:34","slug":"marc-antoine-barrois-ganymede-edp-100-ml-2","status":"publish","type":"product","link":"https:\/\/samiraparfumeri.com\/?product=marc-antoine-barrois-ganymede-edp-100-ml-2","title":{"rendered":"Marc Antoine Barrois Ganymede EDP 100 ML"},"content":{"rendered":"<div class=\"m-productDescription__infoTitle\"><strong>\u00dcr\u00fcn \u00d6zellikleri<\/strong><\/div>\n<div class=\"m-productDescription__infoDesc\">GANYMEDE, mandalina, menek\u015fe, \u0130talyan \u00e7ile\u011fi ve s\u00fcetin zarif ve beklenmedik \u015fekilde uyumlu bir bile\u015fimiyle sonu\u00e7land\u0131<br \/>\nBa\u015fyap\u0131t, ad\u0131n\u0131 1610&#8217;da Galileo taraf\u0131ndan ke\u015ffedilen gizemli bir J\u00fcpiter ay\u0131ndan alm\u0131\u015ft\u0131r<br \/>\nDeri n\u00fcanslar\u0131 menek\u015felerle tamamlan\u0131rken, mandalinailk andan itibaren zengin bir canl\u0131l\u0131k sa\u011fl\u0131yor<br \/>\n\u0130talyan saman \u00e7i\u00e7e\u011fi aromalar\u0131, kokuyu uyumlu ve hassas k\u0131ld\u0131klar\u0131 i\u00e7in ilgin\u00e7 birkontrast olu\u015fturur<br \/>\n\u00dcst nota: \u0130talyan mandalina, safran Orta nota: menek\u015fe, osmanthus Alt nota: Akigala a\u011fac\u0131<\/div>\n","protected":false},"excerpt":{"rendered":"<p>\u00dcr\u00fcn \u00d6zellikleri GANYMEDE, mandalina, menek\u015fe, \u0130talyan \u00e7ile\u011fi ve s\u00fcetin zarif ve beklenmedik \u015fekilde uyumlu bir bile\u015fimiyle sonu\u00e7land\u0131 Ba\u015fyap\u0131t, ad\u0131n\u0131 1610&#8217;da Galileo taraf\u0131ndan ke\u015ffedilen gizemli bir J\u00fcpiter ay\u0131ndan alm\u0131\u015ft\u0131r Deri n\u00fcanslar\u0131 menek\u015felerle tamamlan\u0131rken, mandalinailk andan itibaren zengin bir canl\u0131l\u0131k sa\u011fl\u0131yor \u0130talyan saman \u00e7i\u00e7e\u011fi aromalar\u0131, kokuyu uyumlu ve hassas k\u0131ld\u0131klar\u0131 i\u00e7in ilgin\u00e7 birkontrast olu\u015fturur \u00dcst nota: \u0130talyan&#8230;<\/p>\n","protected":false},"featured_media":300,"comment_status":"open","ping_status":"closed","template":"","meta":{"_kad_post_transparent":"default","_kad_post_title":"","_kad_post_layout":"default","_kad_post_sidebar_id":"","_kad_post_content_style":"default","_kad_post_vertical_padding":"default","_kad_post_feature":"","_kad_post_feature_position":"","_kad_post_header":false,"_kad_post_footer":false},"product_brand":[],"product_cat":[23],"product_tag":[26,27,36,28],"class_list":{"0":"post-725","1":"product","2":"type-product","3":"status-publish","4":"has-post-thumbnail","6":"product_cat-hediye-urunler","7":"product_tag-erkek-parfum","8":"product_tag-luks-koku","9":"product_tag-marc-antoine-barrois","10":"product_tag-orijinal-urun","12":"first","13":"instock","14":"sale","15":"taxable","16":"shipping-taxable","17":"purchasable","18":"product-type-simple","19":"entry","20":"content-bg","21":"loop-entry"},"_links":{"self":[{"href":"https:\/\/samiraparfumeri.com\/index.php?rest_route=\/wp\/v2\/product\/725","targetHints":{"allow":["GET"]}}],"collection":[{"href":"https:\/\/samiraparfumeri.com\/index.php?rest_route=\/wp\/v2\/product"}],"about":[{"href":"https:\/\/samiraparfumeri.com\/index.php?rest_route=\/wp\/v2\/types\/product"}],"replies":[{"embeddable":true,"href":"https:\/\/samiraparfumeri.com\/index.php?rest_route=%2Fwp%2Fv2%2Fcomments&post=725"}],"wp:featuredmedia":[{"embeddable":true,"href":"https:\/\/samiraparfumeri.com\/index.php?rest_route=\/wp\/v2\/media\/300"}],"wp:attachment":[{"href":"https:\/\/samiraparfumeri.com\/index.php?rest_route=%2Fwp%2Fv2%2Fmedia&parent=725"}],"wp:term":[{"taxonomy":"product_brand","embeddable":true,"href":"https:\/\/samiraparfumeri.com\/index.php?rest_route=%2Fwp%2Fv2%2Fproduct_brand&post=725"},{"taxonomy":"product_cat","embeddable":true,"href":"https:\/\/samiraparfumeri.com\/index.php?rest_route=%2Fwp%2Fv2%2Fproduct_cat&post=725"},{"taxonomy":"product_tag","embeddable":true,"href":"https:\/\/samiraparfumeri.com\/index.php?rest_route=%2Fwp%2Fv2%2Fproduct_tag&post=725"}],"curies":[{"name":"wp","href":"https:\/\/api.w.org\/{rel}","templated":true}]}}